{"id":20013,"date":"2023-04-19T09:43:19","date_gmt":"2023-04-19T07:43:19","guid":{"rendered":"https:\/\/www.mitacoolingtechnologies.com\/anforderungen\/reduction-de-lempreinte-carbone-du-refroidissement\/"},"modified":"2023-04-21T14:32:26","modified_gmt":"2023-04-21T12:32:26","slug":"reduzierung-des-co2-fussabdrucks-bei-der-kuehlung","status":"publish","type":"page","link":"https:\/\/www.mitacoolingtechnologies.com\/de\/anforderungen\/reduzierung-des-co2-fussabdrucks-bei-der-kuehlung\/","title":{"rendered":"Reduzierung des Kohlenstoff-Fu\u00dfabdrucks"},"content":{"rendered":"","protected":false},"excerpt":{"rendered":"<p>Die Unterst\u00fctzung oder Einhaltung der \u00f6kologischen Nachhaltigkeit und der Kreislaufwirtschaft erm\u00f6glicht auch eine Optimierung der Ressourcen.<\/p>\n","protected":false},"author":3,"featured_media":19904,"parent":8518,"menu_order":360,"comment_status":"closed","ping_status":"closed","template":"","meta":{"_acf_changed":false,"inline_featured_image":false,"footnotes":""},"class_list":["post-20013","page","type-page","status-publish","has-post-thumbnail","hentry"],"acf":[],"yoast_head":"<!-- This site is optimized with the Yoast SEO plugin v27.0 - https:\/\/yoast.com\/product\/yoast-seo-wordpress\/ -->\n<title>Reduzierung des Kohlenstoff-Fu\u00dfabdrucks - MITA Cooling Technologies<\/title>\n<meta name=\"description\" content=\"Die Unterst\u00fctzung oder Einhaltung der \u00f6kologischen Nachhaltigkeit und der Kreislaufwirtschaft erm\u00f6glicht auch eine Optimierung.\" \/>\n<meta name=\"robots\" content=\"index, follow, max-snippet:-1, max-image-preview:large, max-video-preview:-1\" \/>\n<link rel=\"canonical\" href=\"https:\/\/www.mitacoolingtechnologies.com\/de\/anforderungen\/reduzierung-des-co2-fussabdrucks-bei-der-kuehlung\/\" \/>\n<meta property=\"og:locale\" content=\"de_DE\" \/>\n<meta property=\"og:type\" content=\"article\" \/>\n<meta property=\"og:title\" content=\"Reduzierung des Kohlenstoff-Fu\u00dfabdrucks - MITA Cooling Technologies\" \/>\n<meta property=\"og:description\" content=\"Die Unterst\u00fctzung oder Einhaltung der \u00f6kologischen Nachhaltigkeit und der Kreislaufwirtschaft erm\u00f6glicht auch eine Optimierung.\" \/>\n<meta property=\"og:url\" content=\"https:\/\/www.mitacoolingtechnologies.com\/de\/anforderungen\/reduzierung-des-co2-fussabdrucks-bei-der-kuehlung\/\" \/>\n<meta property=\"og:site_name\" content=\"MITA Cooling Technologies\" \/>\n<meta property=\"article:publisher\" content=\"https:\/\/www.facebook.com\/MITA-Group-142299133128326\" \/>\n<meta property=\"article:modified_time\" content=\"2023-04-21T12:32:26+00:00\" \/>\n<meta property=\"og:image\" content=\"https:\/\/www.mitacoolingtechnologies.com\/wp-content\/uploads\/2023\/04\/Need-of-Carbon-Dioxide-Reduction_Photo-Mounting-for-Website.jpg\" \/>\n\t<meta property=\"og:image:width\" content=\"1920\" \/>\n\t<meta property=\"og:image:height\" content=\"1080\" \/>\n\t<meta property=\"og:image:type\" content=\"image\/jpeg\" \/>\n<meta name=\"twitter:card\" content=\"summary_large_image\" \/>\n<meta name=\"twitter:site\" content=\"@MITAgroup_ita\" \/>\n<script type=\"application\/ld+json\" class=\"yoast-schema-graph\">{\"@context\":\"https:\/\/schema.org\",\"@graph\":[{\"@type\":\"WebPage\",\"@id\":\"https:\/\/www.mitacoolingtechnologies.com\/de\/anforderungen\/reduzierung-des-co2-fussabdrucks-bei-der-kuehlung\/\",\"url\":\"https:\/\/www.mitacoolingtechnologies.com\/de\/anforderungen\/reduzierung-des-co2-fussabdrucks-bei-der-kuehlung\/\",\"name\":\"Reduzierung des Kohlenstoff-Fu\u00dfabdrucks - MITA Cooling Technologies\",\"isPartOf\":{\"@id\":\"https:\/\/www.mitacoolingtechnologies.com\/de\/#website\"},\"primaryImageOfPage\":{\"@id\":\"https:\/\/www.mitacoolingtechnologies.com\/de\/anforderungen\/reduzierung-des-co2-fussabdrucks-bei-der-kuehlung\/#primaryimage\"},\"image\":{\"@id\":\"https:\/\/www.mitacoolingtechnologies.com\/de\/anforderungen\/reduzierung-des-co2-fussabdrucks-bei-der-kuehlung\/#primaryimage\"},\"thumbnailUrl\":\"https:\/\/www.mitacoolingtechnologies.com\/wp-content\/uploads\/2023\/04\/Need-of-Carbon-Dioxide-Reduction_Photo-Mounting-for-Website.jpg\",\"datePublished\":\"2023-04-19T07:43:19+00:00\",\"dateModified\":\"2023-04-21T12:32:26+00:00\",\"description\":\"Die Unterst\u00fctzung oder Einhaltung der \u00f6kologischen Nachhaltigkeit und der Kreislaufwirtschaft erm\u00f6glicht auch eine Optimierung.\",\"breadcrumb\":{\"@id\":\"https:\/\/www.mitacoolingtechnologies.com\/de\/anforderungen\/reduzierung-des-co2-fussabdrucks-bei-der-kuehlung\/#breadcrumb\"},\"inLanguage\":\"de\",\"potentialAction\":[{\"@type\":\"ReadAction\",\"target\":[\"https:\/\/www.mitacoolingtechnologies.com\/de\/anforderungen\/reduzierung-des-co2-fussabdrucks-bei-der-kuehlung\/\"]}]},{\"@type\":\"ImageObject\",\"inLanguage\":\"de\",\"@id\":\"https:\/\/www.mitacoolingtechnologies.com\/de\/anforderungen\/reduzierung-des-co2-fussabdrucks-bei-der-kuehlung\/#primaryimage\",\"url\":\"https:\/\/www.mitacoolingtechnologies.com\/wp-content\/uploads\/2023\/04\/Need-of-Carbon-Dioxide-Reduction_Photo-Mounting-for-Website.jpg\",\"contentUrl\":\"https:\/\/www.mitacoolingtechnologies.com\/wp-content\/uploads\/2023\/04\/Need-of-Carbon-Dioxide-Reduction_Photo-Mounting-for-Website.jpg\",\"width\":1920,\"height\":1080,\"caption\":\"Notwendigkeit der Kohlendioxidreduzierung\"},{\"@type\":\"BreadcrumbList\",\"@id\":\"https:\/\/www.mitacoolingtechnologies.com\/de\/anforderungen\/reduzierung-des-co2-fussabdrucks-bei-der-kuehlung\/#breadcrumb\",\"itemListElement\":[{\"@type\":\"ListItem\",\"position\":1,\"name\":\"Home\",\"item\":\"https:\/\/www.mitacoolingtechnologies.com\/de\/\"},{\"@type\":\"ListItem\",\"position\":2,\"name\":\"Anforderungen\",\"item\":\"https:\/\/www.mitacoolingtechnologies.com\/de\/anforderungen\/\"},{\"@type\":\"ListItem\",\"position\":3,\"name\":\"Reduzierung des Kohlenstoff-Fu\u00dfabdrucks\"}]},{\"@type\":\"WebSite\",\"@id\":\"https:\/\/www.mitacoolingtechnologies.com\/de\/#website\",\"url\":\"https:\/\/www.mitacoolingtechnologies.com\/de\/\",\"name\":\"MITA Cooling Technologies\",\"description\":\"Your Process Cooling Advisor\",\"publisher\":{\"@id\":\"https:\/\/www.mitacoolingtechnologies.com\/de\/#organization\"},\"potentialAction\":[{\"@type\":\"SearchAction\",\"target\":{\"@type\":\"EntryPoint\",\"urlTemplate\":\"https:\/\/www.mitacoolingtechnologies.com\/de\/?s={search_term_string}\"},\"query-input\":{\"@type\":\"PropertyValueSpecification\",\"valueRequired\":true,\"valueName\":\"search_term_string\"}}],\"inLanguage\":\"de\"},{\"@type\":\"Organization\",\"@id\":\"https:\/\/www.mitacoolingtechnologies.com\/de\/#organization\",\"name\":\"MITA Cooling Technologies\",\"url\":\"https:\/\/www.mitacoolingtechnologies.com\/de\/\",\"logo\":{\"@type\":\"ImageObject\",\"inLanguage\":\"de\",\"@id\":\"https:\/\/www.mitacoolingtechnologies.com\/de\/#\/schema\/logo\/image\/\",\"url\":\"https:\/\/www.mitacoolingtechnologies.com\/wp-content\/uploads\/2021\/04\/MITA_cooling_alta.png\",\"contentUrl\":\"https:\/\/www.mitacoolingtechnologies.com\/wp-content\/uploads\/2021\/04\/MITA_cooling_alta.png\",\"width\":1676,\"height\":462,\"caption\":\"MITA Cooling Technologies\"},\"image\":{\"@id\":\"https:\/\/www.mitacoolingtechnologies.com\/de\/#\/schema\/logo\/image\/\"},\"sameAs\":[\"https:\/\/www.facebook.com\/MITA-Group-142299133128326\",\"https:\/\/x.com\/MITAgroup_ita\",\"https:\/\/www.instagram.com\/mitagroup_ita\/\",\"https:\/\/www.linkedin.com\/company\/mitacoolingtechnologies\/\",\"https:\/\/www.youtube.com\/playlist?list=PL6vCZ7E5FHe9AI-Ja5CIyfCGfJ-usQ71h\"]}]}<\/script>\n<!-- \/ Yoast SEO plugin. -->","yoast_head_json":{"title":"Reduzierung des Kohlenstoff-Fu\u00dfabdrucks - MITA Cooling Technologies","description":"Die Unterst\u00fctzung oder Einhaltung der \u00f6kologischen Nachhaltigkeit und der Kreislaufwirtschaft erm\u00f6glicht auch eine Optimierung.","robots":{"index":"index","follow":"follow","max-snippet":"max-snippet:-1","max-image-preview":"max-image-preview:large","max-video-preview":"max-video-preview:-1"},"canonical":"https:\/\/www.mitacoolingtechnologies.com\/de\/anforderungen\/reduzierung-des-co2-fussabdrucks-bei-der-kuehlung\/","og_locale":"de_DE","og_type":"article","og_title":"Reduzierung des Kohlenstoff-Fu\u00dfabdrucks - MITA Cooling Technologies","og_description":"Die Unterst\u00fctzung oder Einhaltung der \u00f6kologischen Nachhaltigkeit und der Kreislaufwirtschaft erm\u00f6glicht auch eine Optimierung.","og_url":"https:\/\/www.mitacoolingtechnologies.com\/de\/anforderungen\/reduzierung-des-co2-fussabdrucks-bei-der-kuehlung\/","og_site_name":"MITA Cooling Technologies","article_publisher":"https:\/\/www.facebook.com\/MITA-Group-142299133128326","article_modified_time":"2023-04-21T12:32:26+00:00","og_image":[{"width":1920,"height":1080,"url":"https:\/\/www.mitacoolingtechnologies.com\/wp-content\/uploads\/2023\/04\/Need-of-Carbon-Dioxide-Reduction_Photo-Mounting-for-Website.jpg","type":"image\/jpeg"}],"twitter_card":"summary_large_image","twitter_site":"@MITAgroup_ita","schema":{"@context":"https:\/\/schema.org","@graph":[{"@type":"WebPage","@id":"https:\/\/www.mitacoolingtechnologies.com\/de\/anforderungen\/reduzierung-des-co2-fussabdrucks-bei-der-kuehlung\/","url":"https:\/\/www.mitacoolingtechnologies.com\/de\/anforderungen\/reduzierung-des-co2-fussabdrucks-bei-der-kuehlung\/","name":"Reduzierung des Kohlenstoff-Fu\u00dfabdrucks - MITA Cooling Technologies","isPartOf":{"@id":"https:\/\/www.mitacoolingtechnologies.com\/de\/#website"},"primaryImageOfPage":{"@id":"https:\/\/www.mitacoolingtechnologies.com\/de\/anforderungen\/reduzierung-des-co2-fussabdrucks-bei-der-kuehlung\/#primaryimage"},"image":{"@id":"https:\/\/www.mitacoolingtechnologies.com\/de\/anforderungen\/reduzierung-des-co2-fussabdrucks-bei-der-kuehlung\/#primaryimage"},"thumbnailUrl":"https:\/\/www.mitacoolingtechnologies.com\/wp-content\/uploads\/2023\/04\/Need-of-Carbon-Dioxide-Reduction_Photo-Mounting-for-Website.jpg","datePublished":"2023-04-19T07:43:19+00:00","dateModified":"2023-04-21T12:32:26+00:00","description":"Die Unterst\u00fctzung oder Einhaltung der \u00f6kologischen Nachhaltigkeit und der Kreislaufwirtschaft erm\u00f6glicht auch eine Optimierung.","breadcrumb":{"@id":"https:\/\/www.mitacoolingtechnologies.com\/de\/anforderungen\/reduzierung-des-co2-fussabdrucks-bei-der-kuehlung\/#breadcrumb"},"inLanguage":"de","potentialAction":[{"@type":"ReadAction","target":["https:\/\/www.mitacoolingtechnologies.com\/de\/anforderungen\/reduzierung-des-co2-fussabdrucks-bei-der-kuehlung\/"]}]},{"@type":"ImageObject","inLanguage":"de","@id":"https:\/\/www.mitacoolingtechnologies.com\/de\/anforderungen\/reduzierung-des-co2-fussabdrucks-bei-der-kuehlung\/#primaryimage","url":"https:\/\/www.mitacoolingtechnologies.com\/wp-content\/uploads\/2023\/04\/Need-of-Carbon-Dioxide-Reduction_Photo-Mounting-for-Website.jpg","contentUrl":"https:\/\/www.mitacoolingtechnologies.com\/wp-content\/uploads\/2023\/04\/Need-of-Carbon-Dioxide-Reduction_Photo-Mounting-for-Website.jpg","width":1920,"height":1080,"caption":"Notwendigkeit der Kohlendioxidreduzierung"},{"@type":"BreadcrumbList","@id":"https:\/\/www.mitacoolingtechnologies.com\/de\/anforderungen\/reduzierung-des-co2-fussabdrucks-bei-der-kuehlung\/#breadcrumb","itemListElement":[{"@type":"ListItem","position":1,"name":"Home","item":"https:\/\/www.mitacoolingtechnologies.com\/de\/"},{"@type":"ListItem","position":2,"name":"Anforderungen","item":"https:\/\/www.mitacoolingtechnologies.com\/de\/anforderungen\/"},{"@type":"ListItem","position":3,"name":"Reduzierung des Kohlenstoff-Fu\u00dfabdrucks"}]},{"@type":"WebSite","@id":"https:\/\/www.mitacoolingtechnologies.com\/de\/#website","url":"https:\/\/www.mitacoolingtechnologies.com\/de\/","name":"MITA Cooling Technologies","description":"Your Process Cooling Advisor","publisher":{"@id":"https:\/\/www.mitacoolingtechnologies.com\/de\/#organization"},"potentialAction":[{"@type":"SearchAction","target":{"@type":"EntryPoint","urlTemplate":"https:\/\/www.mitacoolingtechnologies.com\/de\/?s={search_term_string}"},"query-input":{"@type":"PropertyValueSpecification","valueRequired":true,"valueName":"search_term_string"}}],"inLanguage":"de"},{"@type":"Organization","@id":"https:\/\/www.mitacoolingtechnologies.com\/de\/#organization","name":"MITA Cooling Technologies","url":"https:\/\/www.mitacoolingtechnologies.com\/de\/","logo":{"@type":"ImageObject","inLanguage":"de","@id":"https:\/\/www.mitacoolingtechnologies.com\/de\/#\/schema\/logo\/image\/","url":"https:\/\/www.mitacoolingtechnologies.com\/wp-content\/uploads\/2021\/04\/MITA_cooling_alta.png","contentUrl":"https:\/\/www.mitacoolingtechnologies.com\/wp-content\/uploads\/2021\/04\/MITA_cooling_alta.png","width":1676,"height":462,"caption":"MITA Cooling Technologies"},"image":{"@id":"https:\/\/www.mitacoolingtechnologies.com\/de\/#\/schema\/logo\/image\/"},"sameAs":["https:\/\/www.facebook.com\/MITA-Group-142299133128326","https:\/\/x.com\/MITAgroup_ita","https:\/\/www.instagram.com\/mitagroup_ita\/","https:\/\/www.linkedin.com\/company\/mitacoolingtechnologies\/","https:\/\/www.youtube.com\/playlist?list=PL6vCZ7E5FHe9AI-Ja5CIyfCGfJ-usQ71h"]}]}},"_links":{"self":[{"href":"https:\/\/www.mitacoolingtechnologies.com\/de\/wp-json\/wp\/v2\/pages\/20013","targetHints":{"allow":["GET"]}}],"collection":[{"href":"https:\/\/www.mitacoolingtechnologies.com\/de\/wp-json\/wp\/v2\/pages"}],"about":[{"href":"https:\/\/www.mitacoolingtechnologies.com\/de\/wp-json\/wp\/v2\/types\/page"}],"author":[{"embeddable":true,"href":"https:\/\/www.mitacoolingtechnologies.com\/de\/wp-json\/wp\/v2\/users\/3"}],"replies":[{"embeddable":true,"href":"https:\/\/www.mitacoolingtechnologies.com\/de\/wp-json\/wp\/v2\/comments?post=20013"}],"version-history":[{"count":5,"href":"https:\/\/www.mitacoolingtechnologies.com\/de\/wp-json\/wp\/v2\/pages\/20013\/revisions"}],"predecessor-version":[{"id":20161,"href":"https:\/\/www.mitacoolingtechnologies.com\/de\/wp-json\/wp\/v2\/pages\/20013\/revisions\/20161"}],"up":[{"embeddable":true,"href":"https:\/\/www.mitacoolingtechnologies.com\/de\/wp-json\/wp\/v2\/pages\/8518"}],"wp:featuredmedia":[{"embeddable":true,"href":"https:\/\/www.mitacoolingtechnologies.com\/de\/wp-json\/wp\/v2\/media\/19904"}],"wp:attachment":[{"href":"https:\/\/www.mitacoolingtechnologies.com\/de\/wp-json\/wp\/v2\/media?parent=20013"}],"curies":[{"name":"wp","href":"https:\/\/api.w.org\/{rel}","templated":true}]}}