{"id":8406,"date":"2021-02-25T16:41:57","date_gmt":"2021-02-25T15:41:57","guid":{"rendered":"https:\/\/www.mitacoolingtechnologies.com\/?page_id=8406"},"modified":"2025-12-11T14:48:21","modified_gmt":"2025-12-11T13:48:21","slug":"mita-group","status":"publish","type":"page","link":"https:\/\/www.mitacoolingtechnologies.com\/de\/ueber-uns\/mita-group\/","title":{"rendered":"MITA Group"},"content":{"rendered":"","protected":false},"excerpt":{"rendered":"<p>Ein Team von 150 Personen: Entwickler, Hersteller und vor allem Berater f\u00fcr K\u00fchl- und K\u00e4ltetechnik. Die gleiche Mission: immer an Ihrer Seite zu sein, von der Planung bis zum Verkauf.<\/p>\n","protected":false},"author":1,"featured_media":5535,"parent":8395,"menu_order":246,"comment_status":"closed","ping_status":"closed","template":"","meta":{"_acf_changed":false,"inline_featured_image":false,"footnotes":""},"class_list":["post-8406","page","type-page","status-publish","has-post-thumbnail","hentry"],"acf":[],"yoast_head":"<!-- This site is optimized with the Yoast SEO plugin v27.0 - https:\/\/yoast.com\/product\/yoast-seo-wordpress\/ -->\n<title>K\u00fchlung und K\u00e4ltetechnik - MITA Cooling Technologies<\/title>\n<meta name=\"description\" content=\"Ein Team von 150 Personen: Konstrukteure, Hersteller und vor allem Berater f\u00fcr Prozessfl\u00fcssigkeitsk\u00fchlung und K\u00e4ltetechnik.\" \/>\n<meta name=\"robots\" content=\"index, follow, max-snippet:-1, max-image-preview:large, max-video-preview:-1\" \/>\n<link rel=\"canonical\" href=\"https:\/\/www.mitacoolingtechnologies.com\/de\/ueber-uns\/mita-group\/\" \/>\n<meta property=\"og:locale\" content=\"de_DE\" \/>\n<meta property=\"og:type\" content=\"article\" \/>\n<meta property=\"og:title\" content=\"K\u00fchlung und K\u00e4ltetechnik - MITA Cooling Technologies\" \/>\n<meta property=\"og:description\" content=\"Ein Team von 150 Personen: Konstrukteure, Hersteller und vor allem Berater f\u00fcr Prozessfl\u00fcssigkeitsk\u00fchlung und K\u00e4ltetechnik.\" \/>\n<meta property=\"og:url\" content=\"https:\/\/www.mitacoolingtechnologies.com\/de\/ueber-uns\/mita-group\/\" \/>\n<meta property=\"og:site_name\" content=\"MITA Cooling Technologies\" \/>\n<meta property=\"article:publisher\" content=\"https:\/\/www.facebook.com\/MITA-Group-142299133128326\" \/>\n<meta property=\"article:modified_time\" content=\"2025-12-11T13:48:21+00:00\" \/>\n<meta property=\"og:image\" content=\"https:\/\/www.mitacoolingtechnologies.com\/wp-content\/uploads\/2021\/03\/MITA-Group.jpg\" \/>\n\t<meta property=\"og:image:width\" content=\"1920\" \/>\n\t<meta property=\"og:image:height\" content=\"1080\" \/>\n\t<meta property=\"og:image:type\" content=\"image\/jpeg\" \/>\n<meta name=\"twitter:card\" content=\"summary_large_image\" \/>\n<meta name=\"twitter:site\" content=\"@MITAgroup_ita\" \/>\n<script type=\"application\/ld+json\" class=\"yoast-schema-graph\">{\"@context\":\"https:\/\/schema.org\",\"@graph\":[{\"@type\":\"WebPage\",\"@id\":\"https:\/\/www.mitacoolingtechnologies.com\/de\/ueber-uns\/mita-group\/\",\"url\":\"https:\/\/www.mitacoolingtechnologies.com\/de\/ueber-uns\/mita-group\/\",\"name\":\"K\u00fchlung und K\u00e4ltetechnik - MITA Cooling Technologies\",\"isPartOf\":{\"@id\":\"https:\/\/www.mitacoolingtechnologies.com\/de\/#website\"},\"primaryImageOfPage\":{\"@id\":\"https:\/\/www.mitacoolingtechnologies.com\/de\/ueber-uns\/mita-group\/#primaryimage\"},\"image\":{\"@id\":\"https:\/\/www.mitacoolingtechnologies.com\/de\/ueber-uns\/mita-group\/#primaryimage\"},\"thumbnailUrl\":\"https:\/\/www.mitacoolingtechnologies.com\/wp-content\/uploads\/2021\/03\/MITA-Group.jpg\",\"datePublished\":\"2021-02-25T15:41:57+00:00\",\"dateModified\":\"2025-12-11T13:48:21+00:00\",\"description\":\"Ein Team von 150 Personen: Konstrukteure, Hersteller und vor allem Berater f\u00fcr Prozessfl\u00fcssigkeitsk\u00fchlung und K\u00e4ltetechnik.\",\"breadcrumb\":{\"@id\":\"https:\/\/www.mitacoolingtechnologies.com\/de\/ueber-uns\/mita-group\/#breadcrumb\"},\"inLanguage\":\"de\",\"potentialAction\":[{\"@type\":\"ReadAction\",\"target\":[\"https:\/\/www.mitacoolingtechnologies.com\/de\/ueber-uns\/mita-group\/\"]}]},{\"@type\":\"ImageObject\",\"inLanguage\":\"de\",\"@id\":\"https:\/\/www.mitacoolingtechnologies.com\/de\/ueber-uns\/mita-group\/#primaryimage\",\"url\":\"https:\/\/www.mitacoolingtechnologies.com\/wp-content\/uploads\/2021\/03\/MITA-Group.jpg\",\"contentUrl\":\"https:\/\/www.mitacoolingtechnologies.com\/wp-content\/uploads\/2021\/03\/MITA-Group.jpg\",\"width\":1920,\"height\":1080,\"caption\":\"MITA Group\"},{\"@type\":\"BreadcrumbList\",\"@id\":\"https:\/\/www.mitacoolingtechnologies.com\/de\/ueber-uns\/mita-group\/#breadcrumb\",\"itemListElement\":[{\"@type\":\"ListItem\",\"position\":1,\"name\":\"Home\",\"item\":\"https:\/\/www.mitacoolingtechnologies.com\/de\/\"},{\"@type\":\"ListItem\",\"position\":2,\"name\":\"\u00dcber uns\",\"item\":\"https:\/\/www.mitacoolingtechnologies.com\/de\/ueber-uns\/\"},{\"@type\":\"ListItem\",\"position\":3,\"name\":\"MITA Group\"}]},{\"@type\":\"WebSite\",\"@id\":\"https:\/\/www.mitacoolingtechnologies.com\/de\/#website\",\"url\":\"https:\/\/www.mitacoolingtechnologies.com\/de\/\",\"name\":\"MITA Cooling Technologies\",\"description\":\"Your Process Cooling Advisor\",\"publisher\":{\"@id\":\"https:\/\/www.mitacoolingtechnologies.com\/de\/#organization\"},\"potentialAction\":[{\"@type\":\"SearchAction\",\"target\":{\"@type\":\"EntryPoint\",\"urlTemplate\":\"https:\/\/www.mitacoolingtechnologies.com\/de\/?s={search_term_string}\"},\"query-input\":{\"@type\":\"PropertyValueSpecification\",\"valueRequired\":true,\"valueName\":\"search_term_string\"}}],\"inLanguage\":\"de\"},{\"@type\":\"Organization\",\"@id\":\"https:\/\/www.mitacoolingtechnologies.com\/de\/#organization\",\"name\":\"MITA Cooling Technologies\",\"url\":\"https:\/\/www.mitacoolingtechnologies.com\/de\/\",\"logo\":{\"@type\":\"ImageObject\",\"inLanguage\":\"de\",\"@id\":\"https:\/\/www.mitacoolingtechnologies.com\/de\/#\/schema\/logo\/image\/\",\"url\":\"https:\/\/www.mitacoolingtechnologies.com\/wp-content\/uploads\/2021\/04\/MITA_cooling_alta.png\",\"contentUrl\":\"https:\/\/www.mitacoolingtechnologies.com\/wp-content\/uploads\/2021\/04\/MITA_cooling_alta.png\",\"width\":1676,\"height\":462,\"caption\":\"MITA Cooling Technologies\"},\"image\":{\"@id\":\"https:\/\/www.mitacoolingtechnologies.com\/de\/#\/schema\/logo\/image\/\"},\"sameAs\":[\"https:\/\/www.facebook.com\/MITA-Group-142299133128326\",\"https:\/\/x.com\/MITAgroup_ita\",\"https:\/\/www.instagram.com\/mitagroup_ita\/\",\"https:\/\/www.linkedin.com\/company\/mitacoolingtechnologies\/\",\"https:\/\/www.youtube.com\/playlist?list=PL6vCZ7E5FHe9AI-Ja5CIyfCGfJ-usQ71h\"]}]}<\/script>\n<!-- \/ Yoast SEO plugin. -->","yoast_head_json":{"title":"K\u00fchlung und K\u00e4ltetechnik - MITA Cooling Technologies","description":"Ein Team von 150 Personen: Konstrukteure, Hersteller und vor allem Berater f\u00fcr Prozessfl\u00fcssigkeitsk\u00fchlung und K\u00e4ltetechnik.","robots":{"index":"index","follow":"follow","max-snippet":"max-snippet:-1","max-image-preview":"max-image-preview:large","max-video-preview":"max-video-preview:-1"},"canonical":"https:\/\/www.mitacoolingtechnologies.com\/de\/ueber-uns\/mita-group\/","og_locale":"de_DE","og_type":"article","og_title":"K\u00fchlung und K\u00e4ltetechnik - MITA Cooling Technologies","og_description":"Ein Team von 150 Personen: Konstrukteure, Hersteller und vor allem Berater f\u00fcr Prozessfl\u00fcssigkeitsk\u00fchlung und K\u00e4ltetechnik.","og_url":"https:\/\/www.mitacoolingtechnologies.com\/de\/ueber-uns\/mita-group\/","og_site_name":"MITA Cooling Technologies","article_publisher":"https:\/\/www.facebook.com\/MITA-Group-142299133128326","article_modified_time":"2025-12-11T13:48:21+00:00","og_image":[{"width":1920,"height":1080,"url":"https:\/\/www.mitacoolingtechnologies.com\/wp-content\/uploads\/2021\/03\/MITA-Group.jpg","type":"image\/jpeg"}],"twitter_card":"summary_large_image","twitter_site":"@MITAgroup_ita","schema":{"@context":"https:\/\/schema.org","@graph":[{"@type":"WebPage","@id":"https:\/\/www.mitacoolingtechnologies.com\/de\/ueber-uns\/mita-group\/","url":"https:\/\/www.mitacoolingtechnologies.com\/de\/ueber-uns\/mita-group\/","name":"K\u00fchlung und K\u00e4ltetechnik - MITA Cooling Technologies","isPartOf":{"@id":"https:\/\/www.mitacoolingtechnologies.com\/de\/#website"},"primaryImageOfPage":{"@id":"https:\/\/www.mitacoolingtechnologies.com\/de\/ueber-uns\/mita-group\/#primaryimage"},"image":{"@id":"https:\/\/www.mitacoolingtechnologies.com\/de\/ueber-uns\/mita-group\/#primaryimage"},"thumbnailUrl":"https:\/\/www.mitacoolingtechnologies.com\/wp-content\/uploads\/2021\/03\/MITA-Group.jpg","datePublished":"2021-02-25T15:41:57+00:00","dateModified":"2025-12-11T13:48:21+00:00","description":"Ein Team von 150 Personen: Konstrukteure, Hersteller und vor allem Berater f\u00fcr Prozessfl\u00fcssigkeitsk\u00fchlung und K\u00e4ltetechnik.","breadcrumb":{"@id":"https:\/\/www.mitacoolingtechnologies.com\/de\/ueber-uns\/mita-group\/#breadcrumb"},"inLanguage":"de","potentialAction":[{"@type":"ReadAction","target":["https:\/\/www.mitacoolingtechnologies.com\/de\/ueber-uns\/mita-group\/"]}]},{"@type":"ImageObject","inLanguage":"de","@id":"https:\/\/www.mitacoolingtechnologies.com\/de\/ueber-uns\/mita-group\/#primaryimage","url":"https:\/\/www.mitacoolingtechnologies.com\/wp-content\/uploads\/2021\/03\/MITA-Group.jpg","contentUrl":"https:\/\/www.mitacoolingtechnologies.com\/wp-content\/uploads\/2021\/03\/MITA-Group.jpg","width":1920,"height":1080,"caption":"MITA Group"},{"@type":"BreadcrumbList","@id":"https:\/\/www.mitacoolingtechnologies.com\/de\/ueber-uns\/mita-group\/#breadcrumb","itemListElement":[{"@type":"ListItem","position":1,"name":"Home","item":"https:\/\/www.mitacoolingtechnologies.com\/de\/"},{"@type":"ListItem","position":2,"name":"\u00dcber uns","item":"https:\/\/www.mitacoolingtechnologies.com\/de\/ueber-uns\/"},{"@type":"ListItem","position":3,"name":"MITA Group"}]},{"@type":"WebSite","@id":"https:\/\/www.mitacoolingtechnologies.com\/de\/#website","url":"https:\/\/www.mitacoolingtechnologies.com\/de\/","name":"MITA Cooling Technologies","description":"Your Process Cooling Advisor","publisher":{"@id":"https:\/\/www.mitacoolingtechnologies.com\/de\/#organization"},"potentialAction":[{"@type":"SearchAction","target":{"@type":"EntryPoint","urlTemplate":"https:\/\/www.mitacoolingtechnologies.com\/de\/?s={search_term_string}"},"query-input":{"@type":"PropertyValueSpecification","valueRequired":true,"valueName":"search_term_string"}}],"inLanguage":"de"},{"@type":"Organization","@id":"https:\/\/www.mitacoolingtechnologies.com\/de\/#organization","name":"MITA Cooling Technologies","url":"https:\/\/www.mitacoolingtechnologies.com\/de\/","logo":{"@type":"ImageObject","inLanguage":"de","@id":"https:\/\/www.mitacoolingtechnologies.com\/de\/#\/schema\/logo\/image\/","url":"https:\/\/www.mitacoolingtechnologies.com\/wp-content\/uploads\/2021\/04\/MITA_cooling_alta.png","contentUrl":"https:\/\/www.mitacoolingtechnologies.com\/wp-content\/uploads\/2021\/04\/MITA_cooling_alta.png","width":1676,"height":462,"caption":"MITA Cooling Technologies"},"image":{"@id":"https:\/\/www.mitacoolingtechnologies.com\/de\/#\/schema\/logo\/image\/"},"sameAs":["https:\/\/www.facebook.com\/MITA-Group-142299133128326","https:\/\/x.com\/MITAgroup_ita","https:\/\/www.instagram.com\/mitagroup_ita\/","https:\/\/www.linkedin.com\/company\/mitacoolingtechnologies\/","https:\/\/www.youtube.com\/playlist?list=PL6vCZ7E5FHe9AI-Ja5CIyfCGfJ-usQ71h"]}]}},"_links":{"self":[{"href":"https:\/\/www.mitacoolingtechnologies.com\/de\/wp-json\/wp\/v2\/pages\/8406","targetHints":{"allow":["GET"]}}],"collection":[{"href":"https:\/\/www.mitacoolingtechnologies.com\/de\/wp-json\/wp\/v2\/pages"}],"about":[{"href":"https:\/\/www.mitacoolingtechnologies.com\/de\/wp-json\/wp\/v2\/types\/page"}],"author":[{"embeddable":true,"href":"https:\/\/www.mitacoolingtechnologies.com\/de\/wp-json\/wp\/v2\/users\/1"}],"replies":[{"embeddable":true,"href":"https:\/\/www.mitacoolingtechnologies.com\/de\/wp-json\/wp\/v2\/comments?post=8406"}],"version-history":[{"count":17,"href":"https:\/\/www.mitacoolingtechnologies.com\/de\/wp-json\/wp\/v2\/pages\/8406\/revisions"}],"predecessor-version":[{"id":131661,"href":"https:\/\/www.mitacoolingtechnologies.com\/de\/wp-json\/wp\/v2\/pages\/8406\/revisions\/131661"}],"up":[{"embeddable":true,"href":"https:\/\/www.mitacoolingtechnologies.com\/de\/wp-json\/wp\/v2\/pages\/8395"}],"wp:featuredmedia":[{"embeddable":true,"href":"https:\/\/www.mitacoolingtechnologies.com\/de\/wp-json\/wp\/v2\/media\/5535"}],"wp:attachment":[{"href":"https:\/\/www.mitacoolingtechnologies.com\/de\/wp-json\/wp\/v2\/media?parent=8406"}],"curies":[{"name":"wp","href":"https:\/\/api.w.org\/{rel}","templated":true}]}}