{"id":8523,"date":"2021-02-25T16:40:53","date_gmt":"2021-02-25T15:40:53","guid":{"rendered":"https:\/\/www.mitacoolingtechnologies.com\/?page_id=8523"},"modified":"2024-04-01T16:14:15","modified_gmt":"2024-04-01T14:14:15","slug":"loesungen-fuer-gruene-kaeltemittel","status":"publish","type":"page","link":"https:\/\/www.mitacoolingtechnologies.com\/de\/anforderungen\/loesungen-fuer-gruene-kaeltemittel\/","title":{"rendered":"L\u00f6sungen f\u00fcr gr\u00fcne K\u00e4ltemittel"},"content":{"rendered":"","protected":false},"excerpt":{"rendered":"","protected":false},"author":1,"featured_media":5146,"parent":8518,"menu_order":355,"comment_status":"closed","ping_status":"closed","template":"","meta":{"_acf_changed":false,"inline_featured_image":false,"footnotes":""},"class_list":["post-8523","page","type-page","status-publish","has-post-thumbnail","hentry"],"acf":[],"yoast_head":"<!-- This site is optimized with the Yoast SEO plugin v27.0 - https:\/\/yoast.com\/product\/yoast-seo-wordpress\/ -->\n<title>Umweltfreundliche L\u00f6sung f\u00fcr K\u00fchltechnik: gr\u00fcne K\u00e4ltemittel<\/title>\n<meta name=\"description\" content=\"Hohe Effizienz, niedriges GWP: So ver\u00e4ndert sich die Gewerbe- und Industriek\u00e4lte mit gr\u00fcnen K\u00e4ltemitteln.\" \/>\n<meta name=\"robots\" content=\"index, follow, max-snippet:-1, max-image-preview:large, max-video-preview:-1\" \/>\n<link rel=\"canonical\" href=\"https:\/\/www.mitacoolingtechnologies.com\/de\/anforderungen\/loesungen-fuer-gruene-kaeltemittel\/\" \/>\n<meta property=\"og:locale\" content=\"de_DE\" \/>\n<meta property=\"og:type\" content=\"article\" \/>\n<meta property=\"og:title\" content=\"Umweltfreundliche L\u00f6sung f\u00fcr K\u00fchltechnik: gr\u00fcne K\u00e4ltemittel\" \/>\n<meta property=\"og:description\" content=\"Hohe Effizienz, niedriges GWP: So ver\u00e4ndert sich die Gewerbe- und Industriek\u00e4lte mit gr\u00fcnen K\u00e4ltemitteln.\" \/>\n<meta property=\"og:url\" content=\"https:\/\/www.mitacoolingtechnologies.com\/de\/anforderungen\/loesungen-fuer-gruene-kaeltemittel\/\" \/>\n<meta property=\"og:site_name\" content=\"MITA Cooling Technologies\" \/>\n<meta property=\"article:publisher\" content=\"https:\/\/www.facebook.com\/MITA-Group-142299133128326\" \/>\n<meta property=\"article:modified_time\" content=\"2024-04-01T14:14:15+00:00\" \/>\n<meta property=\"og:image\" content=\"https:\/\/www.mitacoolingtechnologies.com\/wp-content\/uploads\/2021\/03\/Cooling-Technologies-in-the-Supermarkets.jpg\" \/>\n\t<meta property=\"og:image:width\" content=\"1200\" \/>\n\t<meta property=\"og:image:height\" content=\"675\" \/>\n\t<meta property=\"og:image:type\" content=\"image\/jpeg\" \/>\n<meta name=\"twitter:card\" content=\"summary_large_image\" \/>\n<meta name=\"twitter:site\" content=\"@MITAgroup_ita\" \/>\n<script type=\"application\/ld+json\" class=\"yoast-schema-graph\">{\"@context\":\"https:\/\/schema.org\",\"@graph\":[{\"@type\":\"WebPage\",\"@id\":\"https:\/\/www.mitacoolingtechnologies.com\/de\/anforderungen\/loesungen-fuer-gruene-kaeltemittel\/\",\"url\":\"https:\/\/www.mitacoolingtechnologies.com\/de\/anforderungen\/loesungen-fuer-gruene-kaeltemittel\/\",\"name\":\"Umweltfreundliche L\u00f6sung f\u00fcr K\u00fchltechnik: gr\u00fcne K\u00e4ltemittel\",\"isPartOf\":{\"@id\":\"https:\/\/www.mitacoolingtechnologies.com\/de\/#website\"},\"primaryImageOfPage\":{\"@id\":\"https:\/\/www.mitacoolingtechnologies.com\/de\/anforderungen\/loesungen-fuer-gruene-kaeltemittel\/#primaryimage\"},\"image\":{\"@id\":\"https:\/\/www.mitacoolingtechnologies.com\/de\/anforderungen\/loesungen-fuer-gruene-kaeltemittel\/#primaryimage\"},\"thumbnailUrl\":\"https:\/\/www.mitacoolingtechnologies.com\/wp-content\/uploads\/2021\/03\/Cooling-Technologies-in-the-Supermarkets.jpg\",\"datePublished\":\"2021-02-25T15:40:53+00:00\",\"dateModified\":\"2024-04-01T14:14:15+00:00\",\"description\":\"Hohe Effizienz, niedriges GWP: So ver\u00e4ndert sich die Gewerbe- und Industriek\u00e4lte mit gr\u00fcnen K\u00e4ltemitteln.\",\"breadcrumb\":{\"@id\":\"https:\/\/www.mitacoolingtechnologies.com\/de\/anforderungen\/loesungen-fuer-gruene-kaeltemittel\/#breadcrumb\"},\"inLanguage\":\"de\",\"potentialAction\":[{\"@type\":\"ReadAction\",\"target\":[\"https:\/\/www.mitacoolingtechnologies.com\/de\/anforderungen\/loesungen-fuer-gruene-kaeltemittel\/\"]}]},{\"@type\":\"ImageObject\",\"inLanguage\":\"de\",\"@id\":\"https:\/\/www.mitacoolingtechnologies.com\/de\/anforderungen\/loesungen-fuer-gruene-kaeltemittel\/#primaryimage\",\"url\":\"https:\/\/www.mitacoolingtechnologies.com\/wp-content\/uploads\/2021\/03\/Cooling-Technologies-in-the-Supermarkets.jpg\",\"contentUrl\":\"https:\/\/www.mitacoolingtechnologies.com\/wp-content\/uploads\/2021\/03\/Cooling-Technologies-in-the-Supermarkets.jpg\",\"width\":1200,\"height\":675,\"caption\":\"K\u00fchltechnologien in den Superm\u00e4rkten\"},{\"@type\":\"BreadcrumbList\",\"@id\":\"https:\/\/www.mitacoolingtechnologies.com\/de\/anforderungen\/loesungen-fuer-gruene-kaeltemittel\/#breadcrumb\",\"itemListElement\":[{\"@type\":\"ListItem\",\"position\":1,\"name\":\"Home\",\"item\":\"https:\/\/www.mitacoolingtechnologies.com\/de\/\"},{\"@type\":\"ListItem\",\"position\":2,\"name\":\"Anforderungen\",\"item\":\"https:\/\/www.mitacoolingtechnologies.com\/de\/anforderungen\/\"},{\"@type\":\"ListItem\",\"position\":3,\"name\":\"L\u00f6sungen f\u00fcr gr\u00fcne K\u00e4ltemittel\"}]},{\"@type\":\"WebSite\",\"@id\":\"https:\/\/www.mitacoolingtechnologies.com\/de\/#website\",\"url\":\"https:\/\/www.mitacoolingtechnologies.com\/de\/\",\"name\":\"MITA Cooling Technologies\",\"description\":\"Your Process Cooling Advisor\",\"publisher\":{\"@id\":\"https:\/\/www.mitacoolingtechnologies.com\/de\/#organization\"},\"potentialAction\":[{\"@type\":\"SearchAction\",\"target\":{\"@type\":\"EntryPoint\",\"urlTemplate\":\"https:\/\/www.mitacoolingtechnologies.com\/de\/?s={search_term_string}\"},\"query-input\":{\"@type\":\"PropertyValueSpecification\",\"valueRequired\":true,\"valueName\":\"search_term_string\"}}],\"inLanguage\":\"de\"},{\"@type\":\"Organization\",\"@id\":\"https:\/\/www.mitacoolingtechnologies.com\/de\/#organization\",\"name\":\"MITA Cooling Technologies\",\"url\":\"https:\/\/www.mitacoolingtechnologies.com\/de\/\",\"logo\":{\"@type\":\"ImageObject\",\"inLanguage\":\"de\",\"@id\":\"https:\/\/www.mitacoolingtechnologies.com\/de\/#\/schema\/logo\/image\/\",\"url\":\"https:\/\/www.mitacoolingtechnologies.com\/wp-content\/uploads\/2021\/04\/MITA_cooling_alta.png\",\"contentUrl\":\"https:\/\/www.mitacoolingtechnologies.com\/wp-content\/uploads\/2021\/04\/MITA_cooling_alta.png\",\"width\":1676,\"height\":462,\"caption\":\"MITA Cooling Technologies\"},\"image\":{\"@id\":\"https:\/\/www.mitacoolingtechnologies.com\/de\/#\/schema\/logo\/image\/\"},\"sameAs\":[\"https:\/\/www.facebook.com\/MITA-Group-142299133128326\",\"https:\/\/x.com\/MITAgroup_ita\",\"https:\/\/www.instagram.com\/mitagroup_ita\/\",\"https:\/\/www.linkedin.com\/company\/mitacoolingtechnologies\/\",\"https:\/\/www.youtube.com\/playlist?list=PL6vCZ7E5FHe9AI-Ja5CIyfCGfJ-usQ71h\"]}]}<\/script>\n<!-- \/ Yoast SEO plugin. -->","yoast_head_json":{"title":"Umweltfreundliche L\u00f6sung f\u00fcr K\u00fchltechnik: gr\u00fcne K\u00e4ltemittel","description":"Hohe Effizienz, niedriges GWP: So ver\u00e4ndert sich die Gewerbe- und Industriek\u00e4lte mit gr\u00fcnen K\u00e4ltemitteln.","robots":{"index":"index","follow":"follow","max-snippet":"max-snippet:-1","max-image-preview":"max-image-preview:large","max-video-preview":"max-video-preview:-1"},"canonical":"https:\/\/www.mitacoolingtechnologies.com\/de\/anforderungen\/loesungen-fuer-gruene-kaeltemittel\/","og_locale":"de_DE","og_type":"article","og_title":"Umweltfreundliche L\u00f6sung f\u00fcr K\u00fchltechnik: gr\u00fcne K\u00e4ltemittel","og_description":"Hohe Effizienz, niedriges GWP: So ver\u00e4ndert sich die Gewerbe- und Industriek\u00e4lte mit gr\u00fcnen K\u00e4ltemitteln.","og_url":"https:\/\/www.mitacoolingtechnologies.com\/de\/anforderungen\/loesungen-fuer-gruene-kaeltemittel\/","og_site_name":"MITA Cooling Technologies","article_publisher":"https:\/\/www.facebook.com\/MITA-Group-142299133128326","article_modified_time":"2024-04-01T14:14:15+00:00","og_image":[{"width":1200,"height":675,"url":"https:\/\/www.mitacoolingtechnologies.com\/wp-content\/uploads\/2021\/03\/Cooling-Technologies-in-the-Supermarkets.jpg","type":"image\/jpeg"}],"twitter_card":"summary_large_image","twitter_site":"@MITAgroup_ita","schema":{"@context":"https:\/\/schema.org","@graph":[{"@type":"WebPage","@id":"https:\/\/www.mitacoolingtechnologies.com\/de\/anforderungen\/loesungen-fuer-gruene-kaeltemittel\/","url":"https:\/\/www.mitacoolingtechnologies.com\/de\/anforderungen\/loesungen-fuer-gruene-kaeltemittel\/","name":"Umweltfreundliche L\u00f6sung f\u00fcr K\u00fchltechnik: gr\u00fcne K\u00e4ltemittel","isPartOf":{"@id":"https:\/\/www.mitacoolingtechnologies.com\/de\/#website"},"primaryImageOfPage":{"@id":"https:\/\/www.mitacoolingtechnologies.com\/de\/anforderungen\/loesungen-fuer-gruene-kaeltemittel\/#primaryimage"},"image":{"@id":"https:\/\/www.mitacoolingtechnologies.com\/de\/anforderungen\/loesungen-fuer-gruene-kaeltemittel\/#primaryimage"},"thumbnailUrl":"https:\/\/www.mitacoolingtechnologies.com\/wp-content\/uploads\/2021\/03\/Cooling-Technologies-in-the-Supermarkets.jpg","datePublished":"2021-02-25T15:40:53+00:00","dateModified":"2024-04-01T14:14:15+00:00","description":"Hohe Effizienz, niedriges GWP: So ver\u00e4ndert sich die Gewerbe- und Industriek\u00e4lte mit gr\u00fcnen K\u00e4ltemitteln.","breadcrumb":{"@id":"https:\/\/www.mitacoolingtechnologies.com\/de\/anforderungen\/loesungen-fuer-gruene-kaeltemittel\/#breadcrumb"},"inLanguage":"de","potentialAction":[{"@type":"ReadAction","target":["https:\/\/www.mitacoolingtechnologies.com\/de\/anforderungen\/loesungen-fuer-gruene-kaeltemittel\/"]}]},{"@type":"ImageObject","inLanguage":"de","@id":"https:\/\/www.mitacoolingtechnologies.com\/de\/anforderungen\/loesungen-fuer-gruene-kaeltemittel\/#primaryimage","url":"https:\/\/www.mitacoolingtechnologies.com\/wp-content\/uploads\/2021\/03\/Cooling-Technologies-in-the-Supermarkets.jpg","contentUrl":"https:\/\/www.mitacoolingtechnologies.com\/wp-content\/uploads\/2021\/03\/Cooling-Technologies-in-the-Supermarkets.jpg","width":1200,"height":675,"caption":"K\u00fchltechnologien in den Superm\u00e4rkten"},{"@type":"BreadcrumbList","@id":"https:\/\/www.mitacoolingtechnologies.com\/de\/anforderungen\/loesungen-fuer-gruene-kaeltemittel\/#breadcrumb","itemListElement":[{"@type":"ListItem","position":1,"name":"Home","item":"https:\/\/www.mitacoolingtechnologies.com\/de\/"},{"@type":"ListItem","position":2,"name":"Anforderungen","item":"https:\/\/www.mitacoolingtechnologies.com\/de\/anforderungen\/"},{"@type":"ListItem","position":3,"name":"L\u00f6sungen f\u00fcr gr\u00fcne K\u00e4ltemittel"}]},{"@type":"WebSite","@id":"https:\/\/www.mitacoolingtechnologies.com\/de\/#website","url":"https:\/\/www.mitacoolingtechnologies.com\/de\/","name":"MITA Cooling Technologies","description":"Your Process Cooling Advisor","publisher":{"@id":"https:\/\/www.mitacoolingtechnologies.com\/de\/#organization"},"potentialAction":[{"@type":"SearchAction","target":{"@type":"EntryPoint","urlTemplate":"https:\/\/www.mitacoolingtechnologies.com\/de\/?s={search_term_string}"},"query-input":{"@type":"PropertyValueSpecification","valueRequired":true,"valueName":"search_term_string"}}],"inLanguage":"de"},{"@type":"Organization","@id":"https:\/\/www.mitacoolingtechnologies.com\/de\/#organization","name":"MITA Cooling Technologies","url":"https:\/\/www.mitacoolingtechnologies.com\/de\/","logo":{"@type":"ImageObject","inLanguage":"de","@id":"https:\/\/www.mitacoolingtechnologies.com\/de\/#\/schema\/logo\/image\/","url":"https:\/\/www.mitacoolingtechnologies.com\/wp-content\/uploads\/2021\/04\/MITA_cooling_alta.png","contentUrl":"https:\/\/www.mitacoolingtechnologies.com\/wp-content\/uploads\/2021\/04\/MITA_cooling_alta.png","width":1676,"height":462,"caption":"MITA Cooling Technologies"},"image":{"@id":"https:\/\/www.mitacoolingtechnologies.com\/de\/#\/schema\/logo\/image\/"},"sameAs":["https:\/\/www.facebook.com\/MITA-Group-142299133128326","https:\/\/x.com\/MITAgroup_ita","https:\/\/www.instagram.com\/mitagroup_ita\/","https:\/\/www.linkedin.com\/company\/mitacoolingtechnologies\/","https:\/\/www.youtube.com\/playlist?list=PL6vCZ7E5FHe9AI-Ja5CIyfCGfJ-usQ71h"]}]}},"_links":{"self":[{"href":"https:\/\/www.mitacoolingtechnologies.com\/de\/wp-json\/wp\/v2\/pages\/8523","targetHints":{"allow":["GET"]}}],"collection":[{"href":"https:\/\/www.mitacoolingtechnologies.com\/de\/wp-json\/wp\/v2\/pages"}],"about":[{"href":"https:\/\/www.mitacoolingtechnologies.com\/de\/wp-json\/wp\/v2\/types\/page"}],"author":[{"embeddable":true,"href":"https:\/\/www.mitacoolingtechnologies.com\/de\/wp-json\/wp\/v2\/users\/1"}],"replies":[{"embeddable":true,"href":"https:\/\/www.mitacoolingtechnologies.com\/de\/wp-json\/wp\/v2\/comments?post=8523"}],"version-history":[{"count":12,"href":"https:\/\/www.mitacoolingtechnologies.com\/de\/wp-json\/wp\/v2\/pages\/8523\/revisions"}],"predecessor-version":[{"id":33330,"href":"https:\/\/www.mitacoolingtechnologies.com\/de\/wp-json\/wp\/v2\/pages\/8523\/revisions\/33330"}],"up":[{"embeddable":true,"href":"https:\/\/www.mitacoolingtechnologies.com\/de\/wp-json\/wp\/v2\/pages\/8518"}],"wp:featuredmedia":[{"embeddable":true,"href":"https:\/\/www.mitacoolingtechnologies.com\/de\/wp-json\/wp\/v2\/media\/5146"}],"wp:attachment":[{"href":"https:\/\/www.mitacoolingtechnologies.com\/de\/wp-json\/wp\/v2\/media?parent=8523"}],"curies":[{"name":"wp","href":"https:\/\/api.w.org\/{rel}","templated":true}]}}