{"id":8550,"date":"2021-02-25T16:28:08","date_gmt":"2021-02-25T15:28:08","guid":{"rendered":"https:\/\/www.mitacoolingtechnologies.com\/?page_id=8550"},"modified":"2024-03-29T11:26:22","modified_gmt":"2024-03-29T10:26:22","slug":"kuehltechnik","status":"publish","type":"page","link":"https:\/\/www.mitacoolingtechnologies.com\/de\/kuehltechnik\/","title":{"rendered":"K\u00dcHLTECHNIK"},"content":{"rendered":"","protected":false},"excerpt":{"rendered":"","protected":false},"author":1,"featured_media":5958,"parent":0,"menu_order":291,"comment_status":"closed","ping_status":"closed","template":"","meta":{"_acf_changed":false,"inline_featured_image":false,"footnotes":""},"class_list":["post-8550","page","type-page","status-publish","has-post-thumbnail","hentry"],"acf":[],"yoast_head":"<!-- This site is optimized with the Yoast SEO plugin v27.0 - https:\/\/yoast.com\/product\/yoast-seo-wordpress\/ -->\n<title>K\u00fchltechnik erweitern, erneuern, ersetzen mit MITA<\/title>\n<meta name=\"description\" content=\"Neue K\u00fchlanlage, Erweiterung einer bestehenden Anlage, Austausch einer veralteten K\u00fchltechnik: Hier finden Sie die Basisinformationen f\u00fcr Ihr K\u00fchltechnik-Projekt.\" \/>\n<meta name=\"robots\" content=\"index, follow, max-snippet:-1, max-image-preview:large, max-video-preview:-1\" \/>\n<link rel=\"canonical\" href=\"https:\/\/www.mitacoolingtechnologies.com\/de\/kuehltechnik\/\" \/>\n<meta property=\"og:locale\" content=\"de_DE\" \/>\n<meta property=\"og:type\" content=\"article\" \/>\n<meta property=\"og:title\" content=\"K\u00fchltechnik erweitern, erneuern, ersetzen mit MITA\" \/>\n<meta property=\"og:description\" content=\"Neue K\u00fchlanlage, Erweiterung einer bestehenden Anlage, Austausch einer veralteten K\u00fchltechnik: Hier finden Sie die Basisinformationen f\u00fcr Ihr K\u00fchltechnik-Projekt.\" \/>\n<meta property=\"og:url\" content=\"https:\/\/www.mitacoolingtechnologies.com\/de\/kuehltechnik\/\" \/>\n<meta property=\"og:site_name\" content=\"MITA Cooling Technologies\" \/>\n<meta property=\"article:publisher\" content=\"https:\/\/www.facebook.com\/MITA-Group-142299133128326\" \/>\n<meta property=\"article:modified_time\" content=\"2024-03-29T10:26:22+00:00\" \/>\n<meta property=\"og:image\" content=\"https:\/\/www.mitacoolingtechnologies.com\/wp-content\/uploads\/2021\/03\/Project-with-Cooling-Technologies.jpg\" \/>\n\t<meta property=\"og:image:width\" content=\"1920\" \/>\n\t<meta property=\"og:image:height\" content=\"1080\" \/>\n\t<meta property=\"og:image:type\" content=\"image\/jpeg\" \/>\n<meta name=\"twitter:card\" content=\"summary_large_image\" \/>\n<meta name=\"twitter:site\" content=\"@MITAgroup_ita\" \/>\n<script type=\"application\/ld+json\" class=\"yoast-schema-graph\">{\"@context\":\"https:\/\/schema.org\",\"@graph\":[{\"@type\":\"WebPage\",\"@id\":\"https:\/\/www.mitacoolingtechnologies.com\/de\/kuehltechnik\/\",\"url\":\"https:\/\/www.mitacoolingtechnologies.com\/de\/kuehltechnik\/\",\"name\":\"K\u00fchltechnik erweitern, erneuern, ersetzen mit MITA\",\"isPartOf\":{\"@id\":\"https:\/\/www.mitacoolingtechnologies.com\/de\/#website\"},\"primaryImageOfPage\":{\"@id\":\"https:\/\/www.mitacoolingtechnologies.com\/de\/kuehltechnik\/#primaryimage\"},\"image\":{\"@id\":\"https:\/\/www.mitacoolingtechnologies.com\/de\/kuehltechnik\/#primaryimage\"},\"thumbnailUrl\":\"https:\/\/www.mitacoolingtechnologies.com\/wp-content\/uploads\/2021\/03\/Project-with-Cooling-Technologies.jpg\",\"datePublished\":\"2021-02-25T15:28:08+00:00\",\"dateModified\":\"2024-03-29T10:26:22+00:00\",\"description\":\"Neue K\u00fchlanlage, Erweiterung einer bestehenden Anlage, Austausch einer veralteten K\u00fchltechnik: Hier finden Sie die Basisinformationen f\u00fcr Ihr K\u00fchltechnik-Projekt.\",\"breadcrumb\":{\"@id\":\"https:\/\/www.mitacoolingtechnologies.com\/de\/kuehltechnik\/#breadcrumb\"},\"inLanguage\":\"de\",\"potentialAction\":[{\"@type\":\"ReadAction\",\"target\":[\"https:\/\/www.mitacoolingtechnologies.com\/de\/kuehltechnik\/\"]}]},{\"@type\":\"ImageObject\",\"inLanguage\":\"de\",\"@id\":\"https:\/\/www.mitacoolingtechnologies.com\/de\/kuehltechnik\/#primaryimage\",\"url\":\"https:\/\/www.mitacoolingtechnologies.com\/wp-content\/uploads\/2021\/03\/Project-with-Cooling-Technologies.jpg\",\"contentUrl\":\"https:\/\/www.mitacoolingtechnologies.com\/wp-content\/uploads\/2021\/03\/Project-with-Cooling-Technologies.jpg\",\"width\":1920,\"height\":1080,\"caption\":\"K\u00fchltechnik wurde ersetzt vom Hersteller MITA\"},{\"@type\":\"BreadcrumbList\",\"@id\":\"https:\/\/www.mitacoolingtechnologies.com\/de\/kuehltechnik\/#breadcrumb\",\"itemListElement\":[{\"@type\":\"ListItem\",\"position\":1,\"name\":\"Home\",\"item\":\"https:\/\/www.mitacoolingtechnologies.com\/de\/\"},{\"@type\":\"ListItem\",\"position\":2,\"name\":\"K\u00dcHLTECHNIK\"}]},{\"@type\":\"WebSite\",\"@id\":\"https:\/\/www.mitacoolingtechnologies.com\/de\/#website\",\"url\":\"https:\/\/www.mitacoolingtechnologies.com\/de\/\",\"name\":\"MITA Cooling Technologies\",\"description\":\"Your Process Cooling Advisor\",\"publisher\":{\"@id\":\"https:\/\/www.mitacoolingtechnologies.com\/de\/#organization\"},\"potentialAction\":[{\"@type\":\"SearchAction\",\"target\":{\"@type\":\"EntryPoint\",\"urlTemplate\":\"https:\/\/www.mitacoolingtechnologies.com\/de\/?s={search_term_string}\"},\"query-input\":{\"@type\":\"PropertyValueSpecification\",\"valueRequired\":true,\"valueName\":\"search_term_string\"}}],\"inLanguage\":\"de\"},{\"@type\":\"Organization\",\"@id\":\"https:\/\/www.mitacoolingtechnologies.com\/de\/#organization\",\"name\":\"MITA Cooling Technologies\",\"url\":\"https:\/\/www.mitacoolingtechnologies.com\/de\/\",\"logo\":{\"@type\":\"ImageObject\",\"inLanguage\":\"de\",\"@id\":\"https:\/\/www.mitacoolingtechnologies.com\/de\/#\/schema\/logo\/image\/\",\"url\":\"https:\/\/www.mitacoolingtechnologies.com\/wp-content\/uploads\/2021\/04\/MITA_cooling_alta.png\",\"contentUrl\":\"https:\/\/www.mitacoolingtechnologies.com\/wp-content\/uploads\/2021\/04\/MITA_cooling_alta.png\",\"width\":1676,\"height\":462,\"caption\":\"MITA Cooling Technologies\"},\"image\":{\"@id\":\"https:\/\/www.mitacoolingtechnologies.com\/de\/#\/schema\/logo\/image\/\"},\"sameAs\":[\"https:\/\/www.facebook.com\/MITA-Group-142299133128326\",\"https:\/\/x.com\/MITAgroup_ita\",\"https:\/\/www.instagram.com\/mitagroup_ita\/\",\"https:\/\/www.linkedin.com\/company\/mitacoolingtechnologies\/\",\"https:\/\/www.youtube.com\/playlist?list=PL6vCZ7E5FHe9AI-Ja5CIyfCGfJ-usQ71h\"]}]}<\/script>\n<!-- \/ Yoast SEO plugin. -->","yoast_head_json":{"title":"K\u00fchltechnik erweitern, erneuern, ersetzen mit MITA","description":"Neue K\u00fchlanlage, Erweiterung einer bestehenden Anlage, Austausch einer veralteten K\u00fchltechnik: Hier finden Sie die Basisinformationen f\u00fcr Ihr K\u00fchltechnik-Projekt.","robots":{"index":"index","follow":"follow","max-snippet":"max-snippet:-1","max-image-preview":"max-image-preview:large","max-video-preview":"max-video-preview:-1"},"canonical":"https:\/\/www.mitacoolingtechnologies.com\/de\/kuehltechnik\/","og_locale":"de_DE","og_type":"article","og_title":"K\u00fchltechnik erweitern, erneuern, ersetzen mit MITA","og_description":"Neue K\u00fchlanlage, Erweiterung einer bestehenden Anlage, Austausch einer veralteten K\u00fchltechnik: Hier finden Sie die Basisinformationen f\u00fcr Ihr K\u00fchltechnik-Projekt.","og_url":"https:\/\/www.mitacoolingtechnologies.com\/de\/kuehltechnik\/","og_site_name":"MITA Cooling Technologies","article_publisher":"https:\/\/www.facebook.com\/MITA-Group-142299133128326","article_modified_time":"2024-03-29T10:26:22+00:00","og_image":[{"width":1920,"height":1080,"url":"https:\/\/www.mitacoolingtechnologies.com\/wp-content\/uploads\/2021\/03\/Project-with-Cooling-Technologies.jpg","type":"image\/jpeg"}],"twitter_card":"summary_large_image","twitter_site":"@MITAgroup_ita","schema":{"@context":"https:\/\/schema.org","@graph":[{"@type":"WebPage","@id":"https:\/\/www.mitacoolingtechnologies.com\/de\/kuehltechnik\/","url":"https:\/\/www.mitacoolingtechnologies.com\/de\/kuehltechnik\/","name":"K\u00fchltechnik erweitern, erneuern, ersetzen mit MITA","isPartOf":{"@id":"https:\/\/www.mitacoolingtechnologies.com\/de\/#website"},"primaryImageOfPage":{"@id":"https:\/\/www.mitacoolingtechnologies.com\/de\/kuehltechnik\/#primaryimage"},"image":{"@id":"https:\/\/www.mitacoolingtechnologies.com\/de\/kuehltechnik\/#primaryimage"},"thumbnailUrl":"https:\/\/www.mitacoolingtechnologies.com\/wp-content\/uploads\/2021\/03\/Project-with-Cooling-Technologies.jpg","datePublished":"2021-02-25T15:28:08+00:00","dateModified":"2024-03-29T10:26:22+00:00","description":"Neue K\u00fchlanlage, Erweiterung einer bestehenden Anlage, Austausch einer veralteten K\u00fchltechnik: Hier finden Sie die Basisinformationen f\u00fcr Ihr K\u00fchltechnik-Projekt.","breadcrumb":{"@id":"https:\/\/www.mitacoolingtechnologies.com\/de\/kuehltechnik\/#breadcrumb"},"inLanguage":"de","potentialAction":[{"@type":"ReadAction","target":["https:\/\/www.mitacoolingtechnologies.com\/de\/kuehltechnik\/"]}]},{"@type":"ImageObject","inLanguage":"de","@id":"https:\/\/www.mitacoolingtechnologies.com\/de\/kuehltechnik\/#primaryimage","url":"https:\/\/www.mitacoolingtechnologies.com\/wp-content\/uploads\/2021\/03\/Project-with-Cooling-Technologies.jpg","contentUrl":"https:\/\/www.mitacoolingtechnologies.com\/wp-content\/uploads\/2021\/03\/Project-with-Cooling-Technologies.jpg","width":1920,"height":1080,"caption":"K\u00fchltechnik wurde ersetzt vom Hersteller MITA"},{"@type":"BreadcrumbList","@id":"https:\/\/www.mitacoolingtechnologies.com\/de\/kuehltechnik\/#breadcrumb","itemListElement":[{"@type":"ListItem","position":1,"name":"Home","item":"https:\/\/www.mitacoolingtechnologies.com\/de\/"},{"@type":"ListItem","position":2,"name":"K\u00dcHLTECHNIK"}]},{"@type":"WebSite","@id":"https:\/\/www.mitacoolingtechnologies.com\/de\/#website","url":"https:\/\/www.mitacoolingtechnologies.com\/de\/","name":"MITA Cooling Technologies","description":"Your Process Cooling Advisor","publisher":{"@id":"https:\/\/www.mitacoolingtechnologies.com\/de\/#organization"},"potentialAction":[{"@type":"SearchAction","target":{"@type":"EntryPoint","urlTemplate":"https:\/\/www.mitacoolingtechnologies.com\/de\/?s={search_term_string}"},"query-input":{"@type":"PropertyValueSpecification","valueRequired":true,"valueName":"search_term_string"}}],"inLanguage":"de"},{"@type":"Organization","@id":"https:\/\/www.mitacoolingtechnologies.com\/de\/#organization","name":"MITA Cooling Technologies","url":"https:\/\/www.mitacoolingtechnologies.com\/de\/","logo":{"@type":"ImageObject","inLanguage":"de","@id":"https:\/\/www.mitacoolingtechnologies.com\/de\/#\/schema\/logo\/image\/","url":"https:\/\/www.mitacoolingtechnologies.com\/wp-content\/uploads\/2021\/04\/MITA_cooling_alta.png","contentUrl":"https:\/\/www.mitacoolingtechnologies.com\/wp-content\/uploads\/2021\/04\/MITA_cooling_alta.png","width":1676,"height":462,"caption":"MITA Cooling Technologies"},"image":{"@id":"https:\/\/www.mitacoolingtechnologies.com\/de\/#\/schema\/logo\/image\/"},"sameAs":["https:\/\/www.facebook.com\/MITA-Group-142299133128326","https:\/\/x.com\/MITAgroup_ita","https:\/\/www.instagram.com\/mitagroup_ita\/","https:\/\/www.linkedin.com\/company\/mitacoolingtechnologies\/","https:\/\/www.youtube.com\/playlist?list=PL6vCZ7E5FHe9AI-Ja5CIyfCGfJ-usQ71h"]}]}},"_links":{"self":[{"href":"https:\/\/www.mitacoolingtechnologies.com\/de\/wp-json\/wp\/v2\/pages\/8550","targetHints":{"allow":["GET"]}}],"collection":[{"href":"https:\/\/www.mitacoolingtechnologies.com\/de\/wp-json\/wp\/v2\/pages"}],"about":[{"href":"https:\/\/www.mitacoolingtechnologies.com\/de\/wp-json\/wp\/v2\/types\/page"}],"author":[{"embeddable":true,"href":"https:\/\/www.mitacoolingtechnologies.com\/de\/wp-json\/wp\/v2\/users\/1"}],"replies":[{"embeddable":true,"href":"https:\/\/www.mitacoolingtechnologies.com\/de\/wp-json\/wp\/v2\/comments?post=8550"}],"version-history":[{"count":15,"href":"https:\/\/www.mitacoolingtechnologies.com\/de\/wp-json\/wp\/v2\/pages\/8550\/revisions"}],"predecessor-version":[{"id":33033,"href":"https:\/\/www.mitacoolingtechnologies.com\/de\/wp-json\/wp\/v2\/pages\/8550\/revisions\/33033"}],"wp:featuredmedia":[{"embeddable":true,"href":"https:\/\/www.mitacoolingtechnologies.com\/de\/wp-json\/wp\/v2\/media\/5958"}],"wp:attachment":[{"href":"https:\/\/www.mitacoolingtechnologies.com\/de\/wp-json\/wp\/v2\/media?parent=8550"}],"curies":[{"name":"wp","href":"https:\/\/api.w.org\/{rel}","templated":true}]}}