{"id":85620,"date":"2025-06-09T16:42:41","date_gmt":"2025-06-09T14:42:41","guid":{"rendered":"https:\/\/www.mitacoolingtechnologies.com\/?page_id=85620"},"modified":"2025-06-09T17:11:08","modified_gmt":"2025-06-09T15:11:08","slug":"kuehlturmdesign-zur-miete","status":"publish","type":"page","link":"https:\/\/www.mitacoolingtechnologies.com\/de\/dienstleistungen-beratung\/kuehlturmdesign-zur-miete\/","title":{"rendered":"K\u00fchlturmdesign zur Miete"},"content":{"rendered":"","protected":false},"excerpt":{"rendered":"<p>Robuste Industriek\u00fchler f\u00fcr die Handhabung, Leistung unter variablen Umgebungsbedingungen, schnelle und einfache Wartung.<\/p>\n","protected":false},"author":3,"featured_media":85627,"parent":8600,"menu_order":51,"comment_status":"closed","ping_status":"closed","template":"","meta":{"_acf_changed":false,"inline_featured_image":false,"footnotes":""},"class_list":["post-85620","page","type-page","status-publish","has-post-thumbnail","hentry"],"acf":[],"yoast_head":"<!-- This site is optimized with the Yoast SEO plugin v27.0 - https:\/\/yoast.com\/product\/yoast-seo-wordpress\/ -->\n<title>K\u00fchlturmdesign zur Miete - MITA Cooling Technologies<\/title>\n<meta name=\"description\" content=\"Robuste Industriek\u00fchler f\u00fcr die Handhabung, Leistung unter variablen Umgebungsbedingungen, schnelle und einfache Wartung.\" \/>\n<meta name=\"robots\" content=\"index, follow, max-snippet:-1, max-image-preview:large, max-video-preview:-1\" \/>\n<link rel=\"canonical\" href=\"https:\/\/www.mitacoolingtechnologies.com\/de\/dienstleistungen-beratung\/kuehlturmdesign-zur-miete\/\" \/>\n<meta property=\"og:locale\" content=\"de_DE\" \/>\n<meta property=\"og:type\" content=\"article\" \/>\n<meta property=\"og:title\" content=\"K\u00fchlturmdesign zur Miete - MITA Cooling Technologies\" \/>\n<meta property=\"og:description\" content=\"Robuste Industriek\u00fchler f\u00fcr die Handhabung, Leistung unter variablen Umgebungsbedingungen, schnelle und einfache Wartung.\" \/>\n<meta property=\"og:url\" content=\"https:\/\/www.mitacoolingtechnologies.com\/de\/dienstleistungen-beratung\/kuehlturmdesign-zur-miete\/\" \/>\n<meta property=\"og:site_name\" content=\"MITA Cooling Technologies\" \/>\n<meta property=\"article:publisher\" content=\"https:\/\/www.facebook.com\/MITA-Group-142299133128326\" \/>\n<meta property=\"article:modified_time\" content=\"2025-06-09T15:11:08+00:00\" \/>\n<meta property=\"og:image\" content=\"https:\/\/www.mitacoolingtechnologies.com\/wp-content\/uploads\/2025\/06\/Torri-Evaporative-per-Noleggiatori.jpg\" \/>\n\t<meta property=\"og:image:width\" content=\"1146\" \/>\n\t<meta property=\"og:image:height\" content=\"644\" \/>\n\t<meta property=\"og:image:type\" content=\"image\/jpeg\" \/>\n<meta name=\"twitter:card\" content=\"summary_large_image\" \/>\n<meta name=\"twitter:site\" content=\"@MITAgroup_ita\" \/>\n<script type=\"application\/ld+json\" class=\"yoast-schema-graph\">{\"@context\":\"https:\/\/schema.org\",\"@graph\":[{\"@type\":\"WebPage\",\"@id\":\"https:\/\/www.mitacoolingtechnologies.com\/de\/dienstleistungen-beratung\/kuehlturmdesign-zur-miete\/\",\"url\":\"https:\/\/www.mitacoolingtechnologies.com\/de\/dienstleistungen-beratung\/kuehlturmdesign-zur-miete\/\",\"name\":\"K\u00fchlturmdesign zur Miete - MITA Cooling Technologies\",\"isPartOf\":{\"@id\":\"https:\/\/www.mitacoolingtechnologies.com\/de\/#website\"},\"primaryImageOfPage\":{\"@id\":\"https:\/\/www.mitacoolingtechnologies.com\/de\/dienstleistungen-beratung\/kuehlturmdesign-zur-miete\/#primaryimage\"},\"image\":{\"@id\":\"https:\/\/www.mitacoolingtechnologies.com\/de\/dienstleistungen-beratung\/kuehlturmdesign-zur-miete\/#primaryimage\"},\"thumbnailUrl\":\"https:\/\/www.mitacoolingtechnologies.com\/wp-content\/uploads\/2025\/06\/Torri-Evaporative-per-Noleggiatori.jpg\",\"datePublished\":\"2025-06-09T14:42:41+00:00\",\"dateModified\":\"2025-06-09T15:11:08+00:00\",\"description\":\"Robuste Industriek\u00fchler f\u00fcr die Handhabung, Leistung unter variablen Umgebungsbedingungen, schnelle und einfache Wartung.\",\"breadcrumb\":{\"@id\":\"https:\/\/www.mitacoolingtechnologies.com\/de\/dienstleistungen-beratung\/kuehlturmdesign-zur-miete\/#breadcrumb\"},\"inLanguage\":\"de\",\"potentialAction\":[{\"@type\":\"ReadAction\",\"target\":[\"https:\/\/www.mitacoolingtechnologies.com\/de\/dienstleistungen-beratung\/kuehlturmdesign-zur-miete\/\"]}]},{\"@type\":\"ImageObject\",\"inLanguage\":\"de\",\"@id\":\"https:\/\/www.mitacoolingtechnologies.com\/de\/dienstleistungen-beratung\/kuehlturmdesign-zur-miete\/#primaryimage\",\"url\":\"https:\/\/www.mitacoolingtechnologies.com\/wp-content\/uploads\/2025\/06\/Torri-Evaporative-per-Noleggiatori.jpg\",\"contentUrl\":\"https:\/\/www.mitacoolingtechnologies.com\/wp-content\/uploads\/2025\/06\/Torri-Evaporative-per-Noleggiatori.jpg\",\"width\":1146,\"height\":644,\"caption\":\"Torri Evaporative per Noleggiatori\"},{\"@type\":\"BreadcrumbList\",\"@id\":\"https:\/\/www.mitacoolingtechnologies.com\/de\/dienstleistungen-beratung\/kuehlturmdesign-zur-miete\/#breadcrumb\",\"itemListElement\":[{\"@type\":\"ListItem\",\"position\":1,\"name\":\"Home\",\"item\":\"https:\/\/www.mitacoolingtechnologies.com\/de\/\"},{\"@type\":\"ListItem\",\"position\":2,\"name\":\"Dienstleistungen &#038; Beratung\",\"item\":\"https:\/\/www.mitacoolingtechnologies.com\/de\/dienstleistungen-beratung\/\"},{\"@type\":\"ListItem\",\"position\":3,\"name\":\"K\u00fchlturmdesign zur Miete\"}]},{\"@type\":\"WebSite\",\"@id\":\"https:\/\/www.mitacoolingtechnologies.com\/de\/#website\",\"url\":\"https:\/\/www.mitacoolingtechnologies.com\/de\/\",\"name\":\"MITA Cooling Technologies\",\"description\":\"Your Process Cooling Advisor\",\"publisher\":{\"@id\":\"https:\/\/www.mitacoolingtechnologies.com\/de\/#organization\"},\"potentialAction\":[{\"@type\":\"SearchAction\",\"target\":{\"@type\":\"EntryPoint\",\"urlTemplate\":\"https:\/\/www.mitacoolingtechnologies.com\/de\/?s={search_term_string}\"},\"query-input\":{\"@type\":\"PropertyValueSpecification\",\"valueRequired\":true,\"valueName\":\"search_term_string\"}}],\"inLanguage\":\"de\"},{\"@type\":\"Organization\",\"@id\":\"https:\/\/www.mitacoolingtechnologies.com\/de\/#organization\",\"name\":\"MITA Cooling Technologies\",\"url\":\"https:\/\/www.mitacoolingtechnologies.com\/de\/\",\"logo\":{\"@type\":\"ImageObject\",\"inLanguage\":\"de\",\"@id\":\"https:\/\/www.mitacoolingtechnologies.com\/de\/#\/schema\/logo\/image\/\",\"url\":\"https:\/\/www.mitacoolingtechnologies.com\/wp-content\/uploads\/2021\/04\/MITA_cooling_alta.png\",\"contentUrl\":\"https:\/\/www.mitacoolingtechnologies.com\/wp-content\/uploads\/2021\/04\/MITA_cooling_alta.png\",\"width\":1676,\"height\":462,\"caption\":\"MITA Cooling Technologies\"},\"image\":{\"@id\":\"https:\/\/www.mitacoolingtechnologies.com\/de\/#\/schema\/logo\/image\/\"},\"sameAs\":[\"https:\/\/www.facebook.com\/MITA-Group-142299133128326\",\"https:\/\/x.com\/MITAgroup_ita\",\"https:\/\/www.instagram.com\/mitagroup_ita\/\",\"https:\/\/www.linkedin.com\/company\/mitacoolingtechnologies\/\",\"https:\/\/www.youtube.com\/playlist?list=PL6vCZ7E5FHe9AI-Ja5CIyfCGfJ-usQ71h\"]}]}<\/script>\n<!-- \/ Yoast SEO plugin. -->","yoast_head_json":{"title":"K\u00fchlturmdesign zur Miete - MITA Cooling Technologies","description":"Robuste Industriek\u00fchler f\u00fcr die Handhabung, Leistung unter variablen Umgebungsbedingungen, schnelle und einfache Wartung.","robots":{"index":"index","follow":"follow","max-snippet":"max-snippet:-1","max-image-preview":"max-image-preview:large","max-video-preview":"max-video-preview:-1"},"canonical":"https:\/\/www.mitacoolingtechnologies.com\/de\/dienstleistungen-beratung\/kuehlturmdesign-zur-miete\/","og_locale":"de_DE","og_type":"article","og_title":"K\u00fchlturmdesign zur Miete - MITA Cooling Technologies","og_description":"Robuste Industriek\u00fchler f\u00fcr die Handhabung, Leistung unter variablen Umgebungsbedingungen, schnelle und einfache Wartung.","og_url":"https:\/\/www.mitacoolingtechnologies.com\/de\/dienstleistungen-beratung\/kuehlturmdesign-zur-miete\/","og_site_name":"MITA Cooling Technologies","article_publisher":"https:\/\/www.facebook.com\/MITA-Group-142299133128326","article_modified_time":"2025-06-09T15:11:08+00:00","og_image":[{"width":1146,"height":644,"url":"https:\/\/www.mitacoolingtechnologies.com\/wp-content\/uploads\/2025\/06\/Torri-Evaporative-per-Noleggiatori.jpg","type":"image\/jpeg"}],"twitter_card":"summary_large_image","twitter_site":"@MITAgroup_ita","schema":{"@context":"https:\/\/schema.org","@graph":[{"@type":"WebPage","@id":"https:\/\/www.mitacoolingtechnologies.com\/de\/dienstleistungen-beratung\/kuehlturmdesign-zur-miete\/","url":"https:\/\/www.mitacoolingtechnologies.com\/de\/dienstleistungen-beratung\/kuehlturmdesign-zur-miete\/","name":"K\u00fchlturmdesign zur Miete - MITA Cooling Technologies","isPartOf":{"@id":"https:\/\/www.mitacoolingtechnologies.com\/de\/#website"},"primaryImageOfPage":{"@id":"https:\/\/www.mitacoolingtechnologies.com\/de\/dienstleistungen-beratung\/kuehlturmdesign-zur-miete\/#primaryimage"},"image":{"@id":"https:\/\/www.mitacoolingtechnologies.com\/de\/dienstleistungen-beratung\/kuehlturmdesign-zur-miete\/#primaryimage"},"thumbnailUrl":"https:\/\/www.mitacoolingtechnologies.com\/wp-content\/uploads\/2025\/06\/Torri-Evaporative-per-Noleggiatori.jpg","datePublished":"2025-06-09T14:42:41+00:00","dateModified":"2025-06-09T15:11:08+00:00","description":"Robuste Industriek\u00fchler f\u00fcr die Handhabung, Leistung unter variablen Umgebungsbedingungen, schnelle und einfache Wartung.","breadcrumb":{"@id":"https:\/\/www.mitacoolingtechnologies.com\/de\/dienstleistungen-beratung\/kuehlturmdesign-zur-miete\/#breadcrumb"},"inLanguage":"de","potentialAction":[{"@type":"ReadAction","target":["https:\/\/www.mitacoolingtechnologies.com\/de\/dienstleistungen-beratung\/kuehlturmdesign-zur-miete\/"]}]},{"@type":"ImageObject","inLanguage":"de","@id":"https:\/\/www.mitacoolingtechnologies.com\/de\/dienstleistungen-beratung\/kuehlturmdesign-zur-miete\/#primaryimage","url":"https:\/\/www.mitacoolingtechnologies.com\/wp-content\/uploads\/2025\/06\/Torri-Evaporative-per-Noleggiatori.jpg","contentUrl":"https:\/\/www.mitacoolingtechnologies.com\/wp-content\/uploads\/2025\/06\/Torri-Evaporative-per-Noleggiatori.jpg","width":1146,"height":644,"caption":"Torri Evaporative per Noleggiatori"},{"@type":"BreadcrumbList","@id":"https:\/\/www.mitacoolingtechnologies.com\/de\/dienstleistungen-beratung\/kuehlturmdesign-zur-miete\/#breadcrumb","itemListElement":[{"@type":"ListItem","position":1,"name":"Home","item":"https:\/\/www.mitacoolingtechnologies.com\/de\/"},{"@type":"ListItem","position":2,"name":"Dienstleistungen &#038; Beratung","item":"https:\/\/www.mitacoolingtechnologies.com\/de\/dienstleistungen-beratung\/"},{"@type":"ListItem","position":3,"name":"K\u00fchlturmdesign zur Miete"}]},{"@type":"WebSite","@id":"https:\/\/www.mitacoolingtechnologies.com\/de\/#website","url":"https:\/\/www.mitacoolingtechnologies.com\/de\/","name":"MITA Cooling Technologies","description":"Your Process Cooling Advisor","publisher":{"@id":"https:\/\/www.mitacoolingtechnologies.com\/de\/#organization"},"potentialAction":[{"@type":"SearchAction","target":{"@type":"EntryPoint","urlTemplate":"https:\/\/www.mitacoolingtechnologies.com\/de\/?s={search_term_string}"},"query-input":{"@type":"PropertyValueSpecification","valueRequired":true,"valueName":"search_term_string"}}],"inLanguage":"de"},{"@type":"Organization","@id":"https:\/\/www.mitacoolingtechnologies.com\/de\/#organization","name":"MITA Cooling Technologies","url":"https:\/\/www.mitacoolingtechnologies.com\/de\/","logo":{"@type":"ImageObject","inLanguage":"de","@id":"https:\/\/www.mitacoolingtechnologies.com\/de\/#\/schema\/logo\/image\/","url":"https:\/\/www.mitacoolingtechnologies.com\/wp-content\/uploads\/2021\/04\/MITA_cooling_alta.png","contentUrl":"https:\/\/www.mitacoolingtechnologies.com\/wp-content\/uploads\/2021\/04\/MITA_cooling_alta.png","width":1676,"height":462,"caption":"MITA Cooling Technologies"},"image":{"@id":"https:\/\/www.mitacoolingtechnologies.com\/de\/#\/schema\/logo\/image\/"},"sameAs":["https:\/\/www.facebook.com\/MITA-Group-142299133128326","https:\/\/x.com\/MITAgroup_ita","https:\/\/www.instagram.com\/mitagroup_ita\/","https:\/\/www.linkedin.com\/company\/mitacoolingtechnologies\/","https:\/\/www.youtube.com\/playlist?list=PL6vCZ7E5FHe9AI-Ja5CIyfCGfJ-usQ71h"]}]}},"_links":{"self":[{"href":"https:\/\/www.mitacoolingtechnologies.com\/de\/wp-json\/wp\/v2\/pages\/85620","targetHints":{"allow":["GET"]}}],"collection":[{"href":"https:\/\/www.mitacoolingtechnologies.com\/de\/wp-json\/wp\/v2\/pages"}],"about":[{"href":"https:\/\/www.mitacoolingtechnologies.com\/de\/wp-json\/wp\/v2\/types\/page"}],"author":[{"embeddable":true,"href":"https:\/\/www.mitacoolingtechnologies.com\/de\/wp-json\/wp\/v2\/users\/3"}],"replies":[{"embeddable":true,"href":"https:\/\/www.mitacoolingtechnologies.com\/de\/wp-json\/wp\/v2\/comments?post=85620"}],"version-history":[{"count":4,"href":"https:\/\/www.mitacoolingtechnologies.com\/de\/wp-json\/wp\/v2\/pages\/85620\/revisions"}],"predecessor-version":[{"id":85655,"href":"https:\/\/www.mitacoolingtechnologies.com\/de\/wp-json\/wp\/v2\/pages\/85620\/revisions\/85655"}],"up":[{"embeddable":true,"href":"https:\/\/www.mitacoolingtechnologies.com\/de\/wp-json\/wp\/v2\/pages\/8600"}],"wp:featuredmedia":[{"embeddable":true,"href":"https:\/\/www.mitacoolingtechnologies.com\/de\/wp-json\/wp\/v2\/media\/85627"}],"wp:attachment":[{"href":"https:\/\/www.mitacoolingtechnologies.com\/de\/wp-json\/wp\/v2\/media?parent=85620"}],"curies":[{"name":"wp","href":"https:\/\/api.w.org\/{rel}","templated":true}]}}