{"id":8618,"date":"2021-02-25T16:44:17","date_gmt":"2021-02-25T15:44:17","guid":{"rendered":"https:\/\/www.mitacoolingtechnologies.com\/?page_id=8618"},"modified":"2024-08-09T11:50:04","modified_gmt":"2024-08-09T09:50:04","slug":"massgeschneidertes-design-fuer-jede-anwendung","status":"publish","type":"page","link":"https:\/\/www.mitacoolingtechnologies.com\/de\/dienstleistungen-beratung\/massgeschneidertes-design-fuer-jede-anwendung\/","title":{"rendered":"Ma\u00dfgeschneidertes Design f\u00fcr jede Anwendung"},"content":{"rendered":"","protected":false},"excerpt":{"rendered":"","protected":false},"author":1,"featured_media":6835,"parent":8600,"menu_order":70,"comment_status":"closed","ping_status":"closed","template":"","meta":{"_acf_changed":false,"inline_featured_image":false,"footnotes":""},"class_list":["post-8618","page","type-page","status-publish","has-post-thumbnail","hentry"],"acf":[],"yoast_head":"<!-- This site is optimized with the Yoast SEO plugin v27.0 - https:\/\/yoast.com\/product\/yoast-seo-wordpress\/ -->\n<title>Ma\u00dfgeschneidertes Design f\u00fcr jede Anwendung - MITA Cooling Technologies<\/title>\n<meta name=\"description\" content=\"Ein komplettes Programm an K\u00fchlern und K\u00e4ltemaschinen, Dutzende von Varianten f\u00fcr jeden Typ, L\u00f6sungen f\u00fcr jede Anwendung.\" \/>\n<meta name=\"robots\" content=\"index, follow, max-snippet:-1, max-image-preview:large, max-video-preview:-1\" \/>\n<link rel=\"canonical\" href=\"https:\/\/www.mitacoolingtechnologies.com\/de\/dienstleistungen-beratung\/massgeschneidertes-design-fuer-jede-anwendung\/\" \/>\n<meta property=\"og:locale\" content=\"de_DE\" \/>\n<meta property=\"og:type\" content=\"article\" \/>\n<meta property=\"og:title\" content=\"Ma\u00dfgeschneidertes Design f\u00fcr jede Anwendung - MITA Cooling Technologies\" \/>\n<meta property=\"og:description\" content=\"Ein komplettes Programm an K\u00fchlern und K\u00e4ltemaschinen, Dutzende von Varianten f\u00fcr jeden Typ, L\u00f6sungen f\u00fcr jede Anwendung.\" \/>\n<meta property=\"og:url\" content=\"https:\/\/www.mitacoolingtechnologies.com\/de\/dienstleistungen-beratung\/massgeschneidertes-design-fuer-jede-anwendung\/\" \/>\n<meta property=\"og:site_name\" content=\"MITA Cooling Technologies\" \/>\n<meta property=\"article:publisher\" content=\"https:\/\/www.facebook.com\/MITA-Group-142299133128326\" \/>\n<meta property=\"article:modified_time\" content=\"2024-08-09T09:50:04+00:00\" \/>\n<meta property=\"og:image\" content=\"https:\/\/www.mitacoolingtechnologies.com\/wp-content\/uploads\/2021\/04\/Overview-of-Cooling-Technologies.jpg\" \/>\n\t<meta property=\"og:image:width\" content=\"2560\" \/>\n\t<meta property=\"og:image:height\" content=\"1600\" \/>\n\t<meta property=\"og:image:type\" content=\"image\/jpeg\" \/>\n<meta name=\"twitter:card\" content=\"summary_large_image\" \/>\n<meta name=\"twitter:site\" content=\"@MITAgroup_ita\" \/>\n<script type=\"application\/ld+json\" class=\"yoast-schema-graph\">{\"@context\":\"https:\/\/schema.org\",\"@graph\":[{\"@type\":\"WebPage\",\"@id\":\"https:\/\/www.mitacoolingtechnologies.com\/de\/dienstleistungen-beratung\/massgeschneidertes-design-fuer-jede-anwendung\/\",\"url\":\"https:\/\/www.mitacoolingtechnologies.com\/de\/dienstleistungen-beratung\/massgeschneidertes-design-fuer-jede-anwendung\/\",\"name\":\"Ma\u00dfgeschneidertes Design f\u00fcr jede Anwendung - MITA Cooling Technologies\",\"isPartOf\":{\"@id\":\"https:\/\/www.mitacoolingtechnologies.com\/de\/#website\"},\"primaryImageOfPage\":{\"@id\":\"https:\/\/www.mitacoolingtechnologies.com\/de\/dienstleistungen-beratung\/massgeschneidertes-design-fuer-jede-anwendung\/#primaryimage\"},\"image\":{\"@id\":\"https:\/\/www.mitacoolingtechnologies.com\/de\/dienstleistungen-beratung\/massgeschneidertes-design-fuer-jede-anwendung\/#primaryimage\"},\"thumbnailUrl\":\"https:\/\/www.mitacoolingtechnologies.com\/wp-content\/uploads\/2021\/04\/Overview-of-Cooling-Technologies.jpg\",\"datePublished\":\"2021-02-25T15:44:17+00:00\",\"dateModified\":\"2024-08-09T09:50:04+00:00\",\"description\":\"Ein komplettes Programm an K\u00fchlern und K\u00e4ltemaschinen, Dutzende von Varianten f\u00fcr jeden Typ, L\u00f6sungen f\u00fcr jede Anwendung.\",\"breadcrumb\":{\"@id\":\"https:\/\/www.mitacoolingtechnologies.com\/de\/dienstleistungen-beratung\/massgeschneidertes-design-fuer-jede-anwendung\/#breadcrumb\"},\"inLanguage\":\"de\",\"potentialAction\":[{\"@type\":\"ReadAction\",\"target\":[\"https:\/\/www.mitacoolingtechnologies.com\/de\/dienstleistungen-beratung\/massgeschneidertes-design-fuer-jede-anwendung\/\"]}]},{\"@type\":\"ImageObject\",\"inLanguage\":\"de\",\"@id\":\"https:\/\/www.mitacoolingtechnologies.com\/de\/dienstleistungen-beratung\/massgeschneidertes-design-fuer-jede-anwendung\/#primaryimage\",\"url\":\"https:\/\/www.mitacoolingtechnologies.com\/wp-content\/uploads\/2021\/04\/Overview-of-Cooling-Technologies.jpg\",\"contentUrl\":\"https:\/\/www.mitacoolingtechnologies.com\/wp-content\/uploads\/2021\/04\/Overview-of-Cooling-Technologies.jpg\",\"width\":2560,\"height\":1600,\"caption\":\"\u00dcberblick \u00fcber die K\u00fchlanlagen\"},{\"@type\":\"BreadcrumbList\",\"@id\":\"https:\/\/www.mitacoolingtechnologies.com\/de\/dienstleistungen-beratung\/massgeschneidertes-design-fuer-jede-anwendung\/#breadcrumb\",\"itemListElement\":[{\"@type\":\"ListItem\",\"position\":1,\"name\":\"Home\",\"item\":\"https:\/\/www.mitacoolingtechnologies.com\/de\/\"},{\"@type\":\"ListItem\",\"position\":2,\"name\":\"Dienstleistungen &#038; Beratung\",\"item\":\"https:\/\/www.mitacoolingtechnologies.com\/de\/dienstleistungen-beratung\/\"},{\"@type\":\"ListItem\",\"position\":3,\"name\":\"Ma\u00dfgeschneidertes Design f\u00fcr jede Anwendung\"}]},{\"@type\":\"WebSite\",\"@id\":\"https:\/\/www.mitacoolingtechnologies.com\/de\/#website\",\"url\":\"https:\/\/www.mitacoolingtechnologies.com\/de\/\",\"name\":\"MITA Cooling Technologies\",\"description\":\"Your Process Cooling Advisor\",\"publisher\":{\"@id\":\"https:\/\/www.mitacoolingtechnologies.com\/de\/#organization\"},\"potentialAction\":[{\"@type\":\"SearchAction\",\"target\":{\"@type\":\"EntryPoint\",\"urlTemplate\":\"https:\/\/www.mitacoolingtechnologies.com\/de\/?s={search_term_string}\"},\"query-input\":{\"@type\":\"PropertyValueSpecification\",\"valueRequired\":true,\"valueName\":\"search_term_string\"}}],\"inLanguage\":\"de\"},{\"@type\":\"Organization\",\"@id\":\"https:\/\/www.mitacoolingtechnologies.com\/de\/#organization\",\"name\":\"MITA Cooling Technologies\",\"url\":\"https:\/\/www.mitacoolingtechnologies.com\/de\/\",\"logo\":{\"@type\":\"ImageObject\",\"inLanguage\":\"de\",\"@id\":\"https:\/\/www.mitacoolingtechnologies.com\/de\/#\/schema\/logo\/image\/\",\"url\":\"https:\/\/www.mitacoolingtechnologies.com\/wp-content\/uploads\/2021\/04\/MITA_cooling_alta.png\",\"contentUrl\":\"https:\/\/www.mitacoolingtechnologies.com\/wp-content\/uploads\/2021\/04\/MITA_cooling_alta.png\",\"width\":1676,\"height\":462,\"caption\":\"MITA Cooling Technologies\"},\"image\":{\"@id\":\"https:\/\/www.mitacoolingtechnologies.com\/de\/#\/schema\/logo\/image\/\"},\"sameAs\":[\"https:\/\/www.facebook.com\/MITA-Group-142299133128326\",\"https:\/\/x.com\/MITAgroup_ita\",\"https:\/\/www.instagram.com\/mitagroup_ita\/\",\"https:\/\/www.linkedin.com\/company\/mitacoolingtechnologies\/\",\"https:\/\/www.youtube.com\/playlist?list=PL6vCZ7E5FHe9AI-Ja5CIyfCGfJ-usQ71h\"]}]}<\/script>\n<!-- \/ Yoast SEO plugin. -->","yoast_head_json":{"title":"Ma\u00dfgeschneidertes Design f\u00fcr jede Anwendung - MITA Cooling Technologies","description":"Ein komplettes Programm an K\u00fchlern und K\u00e4ltemaschinen, Dutzende von Varianten f\u00fcr jeden Typ, L\u00f6sungen f\u00fcr jede Anwendung.","robots":{"index":"index","follow":"follow","max-snippet":"max-snippet:-1","max-image-preview":"max-image-preview:large","max-video-preview":"max-video-preview:-1"},"canonical":"https:\/\/www.mitacoolingtechnologies.com\/de\/dienstleistungen-beratung\/massgeschneidertes-design-fuer-jede-anwendung\/","og_locale":"de_DE","og_type":"article","og_title":"Ma\u00dfgeschneidertes Design f\u00fcr jede Anwendung - MITA Cooling Technologies","og_description":"Ein komplettes Programm an K\u00fchlern und K\u00e4ltemaschinen, Dutzende von Varianten f\u00fcr jeden Typ, L\u00f6sungen f\u00fcr jede Anwendung.","og_url":"https:\/\/www.mitacoolingtechnologies.com\/de\/dienstleistungen-beratung\/massgeschneidertes-design-fuer-jede-anwendung\/","og_site_name":"MITA Cooling Technologies","article_publisher":"https:\/\/www.facebook.com\/MITA-Group-142299133128326","article_modified_time":"2024-08-09T09:50:04+00:00","og_image":[{"width":2560,"height":1600,"url":"https:\/\/www.mitacoolingtechnologies.com\/wp-content\/uploads\/2021\/04\/Overview-of-Cooling-Technologies.jpg","type":"image\/jpeg"}],"twitter_card":"summary_large_image","twitter_site":"@MITAgroup_ita","schema":{"@context":"https:\/\/schema.org","@graph":[{"@type":"WebPage","@id":"https:\/\/www.mitacoolingtechnologies.com\/de\/dienstleistungen-beratung\/massgeschneidertes-design-fuer-jede-anwendung\/","url":"https:\/\/www.mitacoolingtechnologies.com\/de\/dienstleistungen-beratung\/massgeschneidertes-design-fuer-jede-anwendung\/","name":"Ma\u00dfgeschneidertes Design f\u00fcr jede Anwendung - MITA Cooling Technologies","isPartOf":{"@id":"https:\/\/www.mitacoolingtechnologies.com\/de\/#website"},"primaryImageOfPage":{"@id":"https:\/\/www.mitacoolingtechnologies.com\/de\/dienstleistungen-beratung\/massgeschneidertes-design-fuer-jede-anwendung\/#primaryimage"},"image":{"@id":"https:\/\/www.mitacoolingtechnologies.com\/de\/dienstleistungen-beratung\/massgeschneidertes-design-fuer-jede-anwendung\/#primaryimage"},"thumbnailUrl":"https:\/\/www.mitacoolingtechnologies.com\/wp-content\/uploads\/2021\/04\/Overview-of-Cooling-Technologies.jpg","datePublished":"2021-02-25T15:44:17+00:00","dateModified":"2024-08-09T09:50:04+00:00","description":"Ein komplettes Programm an K\u00fchlern und K\u00e4ltemaschinen, Dutzende von Varianten f\u00fcr jeden Typ, L\u00f6sungen f\u00fcr jede Anwendung.","breadcrumb":{"@id":"https:\/\/www.mitacoolingtechnologies.com\/de\/dienstleistungen-beratung\/massgeschneidertes-design-fuer-jede-anwendung\/#breadcrumb"},"inLanguage":"de","potentialAction":[{"@type":"ReadAction","target":["https:\/\/www.mitacoolingtechnologies.com\/de\/dienstleistungen-beratung\/massgeschneidertes-design-fuer-jede-anwendung\/"]}]},{"@type":"ImageObject","inLanguage":"de","@id":"https:\/\/www.mitacoolingtechnologies.com\/de\/dienstleistungen-beratung\/massgeschneidertes-design-fuer-jede-anwendung\/#primaryimage","url":"https:\/\/www.mitacoolingtechnologies.com\/wp-content\/uploads\/2021\/04\/Overview-of-Cooling-Technologies.jpg","contentUrl":"https:\/\/www.mitacoolingtechnologies.com\/wp-content\/uploads\/2021\/04\/Overview-of-Cooling-Technologies.jpg","width":2560,"height":1600,"caption":"\u00dcberblick \u00fcber die K\u00fchlanlagen"},{"@type":"BreadcrumbList","@id":"https:\/\/www.mitacoolingtechnologies.com\/de\/dienstleistungen-beratung\/massgeschneidertes-design-fuer-jede-anwendung\/#breadcrumb","itemListElement":[{"@type":"ListItem","position":1,"name":"Home","item":"https:\/\/www.mitacoolingtechnologies.com\/de\/"},{"@type":"ListItem","position":2,"name":"Dienstleistungen &#038; Beratung","item":"https:\/\/www.mitacoolingtechnologies.com\/de\/dienstleistungen-beratung\/"},{"@type":"ListItem","position":3,"name":"Ma\u00dfgeschneidertes Design f\u00fcr jede Anwendung"}]},{"@type":"WebSite","@id":"https:\/\/www.mitacoolingtechnologies.com\/de\/#website","url":"https:\/\/www.mitacoolingtechnologies.com\/de\/","name":"MITA Cooling Technologies","description":"Your Process Cooling Advisor","publisher":{"@id":"https:\/\/www.mitacoolingtechnologies.com\/de\/#organization"},"potentialAction":[{"@type":"SearchAction","target":{"@type":"EntryPoint","urlTemplate":"https:\/\/www.mitacoolingtechnologies.com\/de\/?s={search_term_string}"},"query-input":{"@type":"PropertyValueSpecification","valueRequired":true,"valueName":"search_term_string"}}],"inLanguage":"de"},{"@type":"Organization","@id":"https:\/\/www.mitacoolingtechnologies.com\/de\/#organization","name":"MITA Cooling Technologies","url":"https:\/\/www.mitacoolingtechnologies.com\/de\/","logo":{"@type":"ImageObject","inLanguage":"de","@id":"https:\/\/www.mitacoolingtechnologies.com\/de\/#\/schema\/logo\/image\/","url":"https:\/\/www.mitacoolingtechnologies.com\/wp-content\/uploads\/2021\/04\/MITA_cooling_alta.png","contentUrl":"https:\/\/www.mitacoolingtechnologies.com\/wp-content\/uploads\/2021\/04\/MITA_cooling_alta.png","width":1676,"height":462,"caption":"MITA Cooling Technologies"},"image":{"@id":"https:\/\/www.mitacoolingtechnologies.com\/de\/#\/schema\/logo\/image\/"},"sameAs":["https:\/\/www.facebook.com\/MITA-Group-142299133128326","https:\/\/x.com\/MITAgroup_ita","https:\/\/www.instagram.com\/mitagroup_ita\/","https:\/\/www.linkedin.com\/company\/mitacoolingtechnologies\/","https:\/\/www.youtube.com\/playlist?list=PL6vCZ7E5FHe9AI-Ja5CIyfCGfJ-usQ71h"]}]}},"_links":{"self":[{"href":"https:\/\/www.mitacoolingtechnologies.com\/de\/wp-json\/wp\/v2\/pages\/8618","targetHints":{"allow":["GET"]}}],"collection":[{"href":"https:\/\/www.mitacoolingtechnologies.com\/de\/wp-json\/wp\/v2\/pages"}],"about":[{"href":"https:\/\/www.mitacoolingtechnologies.com\/de\/wp-json\/wp\/v2\/types\/page"}],"author":[{"embeddable":true,"href":"https:\/\/www.mitacoolingtechnologies.com\/de\/wp-json\/wp\/v2\/users\/1"}],"replies":[{"embeddable":true,"href":"https:\/\/www.mitacoolingtechnologies.com\/de\/wp-json\/wp\/v2\/comments?post=8618"}],"version-history":[{"count":14,"href":"https:\/\/www.mitacoolingtechnologies.com\/de\/wp-json\/wp\/v2\/pages\/8618\/revisions"}],"predecessor-version":[{"id":40837,"href":"https:\/\/www.mitacoolingtechnologies.com\/de\/wp-json\/wp\/v2\/pages\/8618\/revisions\/40837"}],"up":[{"embeddable":true,"href":"https:\/\/www.mitacoolingtechnologies.com\/de\/wp-json\/wp\/v2\/pages\/8600"}],"wp:featuredmedia":[{"embeddable":true,"href":"https:\/\/www.mitacoolingtechnologies.com\/de\/wp-json\/wp\/v2\/media\/6835"}],"wp:attachment":[{"href":"https:\/\/www.mitacoolingtechnologies.com\/de\/wp-json\/wp\/v2\/media?parent=8618"}],"curies":[{"name":"wp","href":"https:\/\/api.w.org\/{rel}","templated":true}]}}