{"id":9246,"date":"2021-02-25T16:39:41","date_gmt":"2021-02-25T15:39:41","guid":{"rendered":"https:\/\/www.mitacoolingtechnologies.com\/?page_id=9246"},"modified":"2023-11-13T18:48:01","modified_gmt":"2023-11-13T17:48:01","slug":"refroidisseur-sec-ou-a-air","status":"publish","type":"page","link":"https:\/\/www.mitacoolingtechnologies.com\/fr\/technologies\/refroidisseur-sec-ou-a-air\/","title":{"rendered":"Refroidisseur sec ou \u00e0 air"},"content":{"rendered":"","protected":false},"excerpt":{"rendered":"","protected":false},"author":1,"featured_media":5628,"parent":9243,"menu_order":318,"comment_status":"closed","ping_status":"closed","template":"","meta":{"_acf_changed":false,"inline_featured_image":false,"footnotes":""},"class_list":["post-9246","page","type-page","status-publish","has-post-thumbnail","hentry"],"acf":[],"yoast_head":"<!-- This site is optimized with the Yoast SEO plugin v27.0 - https:\/\/yoast.com\/product\/yoast-seo-wordpress\/ -->\n<title>Le dry cooler ou a\u00e9ror\u00e9frig\u00e9rant sec - MITA<\/title>\n<meta name=\"description\" content=\"Le dry cooler ou refroidisseur \u00e0 sec allie simplicit\u00e9 d\u2019utilisation et dur\u00e9e de vie satisfaisante : un syst\u00e8me \u00e0 faible co\u00fbt, \u00e0 consommation d\u2019eau nulle.\" \/>\n<meta name=\"robots\" content=\"index, follow, max-snippet:-1, max-image-preview:large, max-video-preview:-1\" \/>\n<link rel=\"canonical\" href=\"https:\/\/www.mitacoolingtechnologies.com\/fr\/technologies\/refroidisseur-sec-ou-a-air\/\" \/>\n<meta property=\"og:locale\" content=\"fr_FR\" \/>\n<meta property=\"og:type\" content=\"article\" \/>\n<meta property=\"og:title\" content=\"Le dry cooler ou a\u00e9ror\u00e9frig\u00e9rant sec - MITA\" \/>\n<meta property=\"og:description\" content=\"Le dry cooler ou refroidisseur \u00e0 sec allie simplicit\u00e9 d\u2019utilisation et dur\u00e9e de vie satisfaisante : un syst\u00e8me \u00e0 faible co\u00fbt, \u00e0 consommation d\u2019eau nulle.\" \/>\n<meta property=\"og:url\" content=\"https:\/\/www.mitacoolingtechnologies.com\/fr\/technologies\/refroidisseur-sec-ou-a-air\/\" \/>\n<meta property=\"og:site_name\" content=\"MITA Cooling Technologies\" \/>\n<meta property=\"article:publisher\" content=\"https:\/\/www.facebook.com\/MITA-Group-142299133128326\" \/>\n<meta property=\"article:modified_time\" content=\"2023-11-13T17:48:01+00:00\" \/>\n<meta property=\"og:image\" content=\"https:\/\/www.mitacoolingtechnologies.com\/wp-content\/uploads\/2021\/03\/Industrial-Dry-Coolers.jpg\" \/>\n\t<meta property=\"og:image:width\" content=\"1600\" \/>\n\t<meta property=\"og:image:height\" content=\"880\" \/>\n\t<meta property=\"og:image:type\" content=\"image\/jpeg\" \/>\n<meta name=\"twitter:card\" content=\"summary_large_image\" \/>\n<meta name=\"twitter:site\" content=\"@MITAgroup_ita\" \/>\n<script type=\"application\/ld+json\" class=\"yoast-schema-graph\">{\"@context\":\"https:\/\/schema.org\",\"@graph\":[{\"@type\":\"WebPage\",\"@id\":\"https:\/\/www.mitacoolingtechnologies.com\/fr\/technologies\/refroidisseur-sec-ou-a-air\/\",\"url\":\"https:\/\/www.mitacoolingtechnologies.com\/fr\/technologies\/refroidisseur-sec-ou-a-air\/\",\"name\":\"Le dry cooler ou a\u00e9ror\u00e9frig\u00e9rant sec - MITA\",\"isPartOf\":{\"@id\":\"https:\/\/www.mitacoolingtechnologies.com\/fr\/#website\"},\"primaryImageOfPage\":{\"@id\":\"https:\/\/www.mitacoolingtechnologies.com\/fr\/technologies\/refroidisseur-sec-ou-a-air\/#primaryimage\"},\"image\":{\"@id\":\"https:\/\/www.mitacoolingtechnologies.com\/fr\/technologies\/refroidisseur-sec-ou-a-air\/#primaryimage\"},\"thumbnailUrl\":\"https:\/\/www.mitacoolingtechnologies.com\/wp-content\/uploads\/2021\/03\/Industrial-Dry-Coolers.jpg\",\"datePublished\":\"2021-02-25T15:39:41+00:00\",\"dateModified\":\"2023-11-13T17:48:01+00:00\",\"description\":\"Le dry cooler ou refroidisseur \u00e0 sec allie simplicit\u00e9 d\u2019utilisation et dur\u00e9e de vie satisfaisante : un syst\u00e8me \u00e0 faible co\u00fbt, \u00e0 consommation d\u2019eau nulle.\",\"breadcrumb\":{\"@id\":\"https:\/\/www.mitacoolingtechnologies.com\/fr\/technologies\/refroidisseur-sec-ou-a-air\/#breadcrumb\"},\"inLanguage\":\"fr-FR\",\"potentialAction\":[{\"@type\":\"ReadAction\",\"target\":[\"https:\/\/www.mitacoolingtechnologies.com\/fr\/technologies\/refroidisseur-sec-ou-a-air\/\"]}]},{\"@type\":\"ImageObject\",\"inLanguage\":\"fr-FR\",\"@id\":\"https:\/\/www.mitacoolingtechnologies.com\/fr\/technologies\/refroidisseur-sec-ou-a-air\/#primaryimage\",\"url\":\"https:\/\/www.mitacoolingtechnologies.com\/wp-content\/uploads\/2021\/03\/Industrial-Dry-Coolers.jpg\",\"contentUrl\":\"https:\/\/www.mitacoolingtechnologies.com\/wp-content\/uploads\/2021\/03\/Industrial-Dry-Coolers.jpg\",\"width\":1600,\"height\":880,\"caption\":\"A\u00e9ror\u00e9frig\u00e9rants industriels \u00e0 sec ou dry cooler\"},{\"@type\":\"BreadcrumbList\",\"@id\":\"https:\/\/www.mitacoolingtechnologies.com\/fr\/technologies\/refroidisseur-sec-ou-a-air\/#breadcrumb\",\"itemListElement\":[{\"@type\":\"ListItem\",\"position\":1,\"name\":\"Home\",\"item\":\"https:\/\/www.mitacoolingtechnologies.com\/fr\/\"},{\"@type\":\"ListItem\",\"position\":2,\"name\":\"Technologies\",\"item\":\"https:\/\/www.mitacoolingtechnologies.com\/fr\/technologies\/\"},{\"@type\":\"ListItem\",\"position\":3,\"name\":\"Refroidisseur sec ou \u00e0 air\"}]},{\"@type\":\"WebSite\",\"@id\":\"https:\/\/www.mitacoolingtechnologies.com\/fr\/#website\",\"url\":\"https:\/\/www.mitacoolingtechnologies.com\/fr\/\",\"name\":\"MITA Cooling Technologies\",\"description\":\"Your Process Cooling Advisor\",\"publisher\":{\"@id\":\"https:\/\/www.mitacoolingtechnologies.com\/fr\/#organization\"},\"potentialAction\":[{\"@type\":\"SearchAction\",\"target\":{\"@type\":\"EntryPoint\",\"urlTemplate\":\"https:\/\/www.mitacoolingtechnologies.com\/fr\/?s={search_term_string}\"},\"query-input\":{\"@type\":\"PropertyValueSpecification\",\"valueRequired\":true,\"valueName\":\"search_term_string\"}}],\"inLanguage\":\"fr-FR\"},{\"@type\":\"Organization\",\"@id\":\"https:\/\/www.mitacoolingtechnologies.com\/fr\/#organization\",\"name\":\"MITA Cooling Technologies\",\"url\":\"https:\/\/www.mitacoolingtechnologies.com\/fr\/\",\"logo\":{\"@type\":\"ImageObject\",\"inLanguage\":\"fr-FR\",\"@id\":\"https:\/\/www.mitacoolingtechnologies.com\/fr\/#\/schema\/logo\/image\/\",\"url\":\"https:\/\/www.mitacoolingtechnologies.com\/wp-content\/uploads\/2021\/04\/MITA_cooling_alta.png\",\"contentUrl\":\"https:\/\/www.mitacoolingtechnologies.com\/wp-content\/uploads\/2021\/04\/MITA_cooling_alta.png\",\"width\":1676,\"height\":462,\"caption\":\"MITA Cooling Technologies\"},\"image\":{\"@id\":\"https:\/\/www.mitacoolingtechnologies.com\/fr\/#\/schema\/logo\/image\/\"},\"sameAs\":[\"https:\/\/www.facebook.com\/MITA-Group-142299133128326\",\"https:\/\/x.com\/MITAgroup_ita\",\"https:\/\/www.instagram.com\/mitagroup_ita\/\",\"https:\/\/www.linkedin.com\/company\/mitacoolingtechnologies\/\",\"https:\/\/www.youtube.com\/playlist?list=PL6vCZ7E5FHe9AI-Ja5CIyfCGfJ-usQ71h\"]}]}<\/script>\n<!-- \/ Yoast SEO plugin. -->","yoast_head_json":{"title":"Le dry cooler ou a\u00e9ror\u00e9frig\u00e9rant sec - MITA","description":"Le dry cooler ou refroidisseur \u00e0 sec allie simplicit\u00e9 d\u2019utilisation et dur\u00e9e de vie satisfaisante : un syst\u00e8me \u00e0 faible co\u00fbt, \u00e0 consommation d\u2019eau nulle.","robots":{"index":"index","follow":"follow","max-snippet":"max-snippet:-1","max-image-preview":"max-image-preview:large","max-video-preview":"max-video-preview:-1"},"canonical":"https:\/\/www.mitacoolingtechnologies.com\/fr\/technologies\/refroidisseur-sec-ou-a-air\/","og_locale":"fr_FR","og_type":"article","og_title":"Le dry cooler ou a\u00e9ror\u00e9frig\u00e9rant sec - MITA","og_description":"Le dry cooler ou refroidisseur \u00e0 sec allie simplicit\u00e9 d\u2019utilisation et dur\u00e9e de vie satisfaisante : un syst\u00e8me \u00e0 faible co\u00fbt, \u00e0 consommation d\u2019eau nulle.","og_url":"https:\/\/www.mitacoolingtechnologies.com\/fr\/technologies\/refroidisseur-sec-ou-a-air\/","og_site_name":"MITA Cooling Technologies","article_publisher":"https:\/\/www.facebook.com\/MITA-Group-142299133128326","article_modified_time":"2023-11-13T17:48:01+00:00","og_image":[{"width":1600,"height":880,"url":"https:\/\/www.mitacoolingtechnologies.com\/wp-content\/uploads\/2021\/03\/Industrial-Dry-Coolers.jpg","type":"image\/jpeg"}],"twitter_card":"summary_large_image","twitter_site":"@MITAgroup_ita","schema":{"@context":"https:\/\/schema.org","@graph":[{"@type":"WebPage","@id":"https:\/\/www.mitacoolingtechnologies.com\/fr\/technologies\/refroidisseur-sec-ou-a-air\/","url":"https:\/\/www.mitacoolingtechnologies.com\/fr\/technologies\/refroidisseur-sec-ou-a-air\/","name":"Le dry cooler ou a\u00e9ror\u00e9frig\u00e9rant sec - MITA","isPartOf":{"@id":"https:\/\/www.mitacoolingtechnologies.com\/fr\/#website"},"primaryImageOfPage":{"@id":"https:\/\/www.mitacoolingtechnologies.com\/fr\/technologies\/refroidisseur-sec-ou-a-air\/#primaryimage"},"image":{"@id":"https:\/\/www.mitacoolingtechnologies.com\/fr\/technologies\/refroidisseur-sec-ou-a-air\/#primaryimage"},"thumbnailUrl":"https:\/\/www.mitacoolingtechnologies.com\/wp-content\/uploads\/2021\/03\/Industrial-Dry-Coolers.jpg","datePublished":"2021-02-25T15:39:41+00:00","dateModified":"2023-11-13T17:48:01+00:00","description":"Le dry cooler ou refroidisseur \u00e0 sec allie simplicit\u00e9 d\u2019utilisation et dur\u00e9e de vie satisfaisante : un syst\u00e8me \u00e0 faible co\u00fbt, \u00e0 consommation d\u2019eau nulle.","breadcrumb":{"@id":"https:\/\/www.mitacoolingtechnologies.com\/fr\/technologies\/refroidisseur-sec-ou-a-air\/#breadcrumb"},"inLanguage":"fr-FR","potentialAction":[{"@type":"ReadAction","target":["https:\/\/www.mitacoolingtechnologies.com\/fr\/technologies\/refroidisseur-sec-ou-a-air\/"]}]},{"@type":"ImageObject","inLanguage":"fr-FR","@id":"https:\/\/www.mitacoolingtechnologies.com\/fr\/technologies\/refroidisseur-sec-ou-a-air\/#primaryimage","url":"https:\/\/www.mitacoolingtechnologies.com\/wp-content\/uploads\/2021\/03\/Industrial-Dry-Coolers.jpg","contentUrl":"https:\/\/www.mitacoolingtechnologies.com\/wp-content\/uploads\/2021\/03\/Industrial-Dry-Coolers.jpg","width":1600,"height":880,"caption":"A\u00e9ror\u00e9frig\u00e9rants industriels \u00e0 sec ou dry cooler"},{"@type":"BreadcrumbList","@id":"https:\/\/www.mitacoolingtechnologies.com\/fr\/technologies\/refroidisseur-sec-ou-a-air\/#breadcrumb","itemListElement":[{"@type":"ListItem","position":1,"name":"Home","item":"https:\/\/www.mitacoolingtechnologies.com\/fr\/"},{"@type":"ListItem","position":2,"name":"Technologies","item":"https:\/\/www.mitacoolingtechnologies.com\/fr\/technologies\/"},{"@type":"ListItem","position":3,"name":"Refroidisseur sec ou \u00e0 air"}]},{"@type":"WebSite","@id":"https:\/\/www.mitacoolingtechnologies.com\/fr\/#website","url":"https:\/\/www.mitacoolingtechnologies.com\/fr\/","name":"MITA Cooling Technologies","description":"Your Process Cooling Advisor","publisher":{"@id":"https:\/\/www.mitacoolingtechnologies.com\/fr\/#organization"},"potentialAction":[{"@type":"SearchAction","target":{"@type":"EntryPoint","urlTemplate":"https:\/\/www.mitacoolingtechnologies.com\/fr\/?s={search_term_string}"},"query-input":{"@type":"PropertyValueSpecification","valueRequired":true,"valueName":"search_term_string"}}],"inLanguage":"fr-FR"},{"@type":"Organization","@id":"https:\/\/www.mitacoolingtechnologies.com\/fr\/#organization","name":"MITA Cooling Technologies","url":"https:\/\/www.mitacoolingtechnologies.com\/fr\/","logo":{"@type":"ImageObject","inLanguage":"fr-FR","@id":"https:\/\/www.mitacoolingtechnologies.com\/fr\/#\/schema\/logo\/image\/","url":"https:\/\/www.mitacoolingtechnologies.com\/wp-content\/uploads\/2021\/04\/MITA_cooling_alta.png","contentUrl":"https:\/\/www.mitacoolingtechnologies.com\/wp-content\/uploads\/2021\/04\/MITA_cooling_alta.png","width":1676,"height":462,"caption":"MITA Cooling Technologies"},"image":{"@id":"https:\/\/www.mitacoolingtechnologies.com\/fr\/#\/schema\/logo\/image\/"},"sameAs":["https:\/\/www.facebook.com\/MITA-Group-142299133128326","https:\/\/x.com\/MITAgroup_ita","https:\/\/www.instagram.com\/mitagroup_ita\/","https:\/\/www.linkedin.com\/company\/mitacoolingtechnologies\/","https:\/\/www.youtube.com\/playlist?list=PL6vCZ7E5FHe9AI-Ja5CIyfCGfJ-usQ71h"]}]}},"_links":{"self":[{"href":"https:\/\/www.mitacoolingtechnologies.com\/fr\/wp-json\/wp\/v2\/pages\/9246","targetHints":{"allow":["GET"]}}],"collection":[{"href":"https:\/\/www.mitacoolingtechnologies.com\/fr\/wp-json\/wp\/v2\/pages"}],"about":[{"href":"https:\/\/www.mitacoolingtechnologies.com\/fr\/wp-json\/wp\/v2\/types\/page"}],"author":[{"embeddable":true,"href":"https:\/\/www.mitacoolingtechnologies.com\/fr\/wp-json\/wp\/v2\/users\/1"}],"replies":[{"embeddable":true,"href":"https:\/\/www.mitacoolingtechnologies.com\/fr\/wp-json\/wp\/v2\/comments?post=9246"}],"version-history":[{"count":10,"href":"https:\/\/www.mitacoolingtechnologies.com\/fr\/wp-json\/wp\/v2\/pages\/9246\/revisions"}],"predecessor-version":[{"id":25994,"href":"https:\/\/www.mitacoolingtechnologies.com\/fr\/wp-json\/wp\/v2\/pages\/9246\/revisions\/25994"}],"up":[{"embeddable":true,"href":"https:\/\/www.mitacoolingtechnologies.com\/fr\/wp-json\/wp\/v2\/pages\/9243"}],"wp:featuredmedia":[{"embeddable":true,"href":"https:\/\/www.mitacoolingtechnologies.com\/fr\/wp-json\/wp\/v2\/media\/5628"}],"wp:attachment":[{"href":"https:\/\/www.mitacoolingtechnologies.com\/fr\/wp-json\/wp\/v2\/media?parent=9246"}],"curies":[{"name":"wp","href":"https:\/\/api.w.org\/{rel}","templated":true}]}}