{"id":9278,"date":"2021-02-25T16:45:32","date_gmt":"2021-02-25T15:45:32","guid":{"rendered":"https:\/\/www.mitacoolingtechnologies.com\/?page_id=9278"},"modified":"2024-08-09T10:40:35","modified_gmt":"2024-08-09T08:40:35","slug":"techniciens-de-maintenance","status":"publish","type":"page","link":"https:\/\/www.mitacoolingtechnologies.com\/fr\/service\/techniciens-de-maintenance\/","title":{"rendered":"Techniciens de maintenance"},"content":{"rendered":"","protected":false},"excerpt":{"rendered":"","protected":false},"author":1,"featured_media":5268,"parent":9274,"menu_order":168,"comment_status":"closed","ping_status":"closed","template":"","meta":{"_acf_changed":false,"inline_featured_image":false,"footnotes":""},"class_list":["post-9278","page","type-page","status-publish","has-post-thumbnail","hentry"],"acf":[],"yoast_head":"<!-- This site is optimized with the Yoast SEO plugin v27.0 - https:\/\/yoast.com\/product\/yoast-seo-wordpress\/ -->\n<title>Maintenance et nettoyage de tours a\u00e9ror\u00e9frig\u00e9rantes - MITA<\/title>\n<meta name=\"description\" content=\"Maintenance et nettoyage de vos tours a\u00e9ror\u00e9frig\u00e9rantes, refroidisseurs adiabatiques et groupes frigo assur\u00e9s par un consultant qui vous rappelle les d\u00e9lais.\" \/>\n<meta name=\"robots\" content=\"index, follow, max-snippet:-1, max-image-preview:large, max-video-preview:-1\" \/>\n<link rel=\"canonical\" href=\"https:\/\/www.mitacoolingtechnologies.com\/fr\/service\/techniciens-de-maintenance\/\" \/>\n<meta property=\"og:locale\" content=\"fr_FR\" \/>\n<meta property=\"og:type\" content=\"article\" \/>\n<meta property=\"og:title\" content=\"Maintenance et nettoyage de tours a\u00e9ror\u00e9frig\u00e9rantes - MITA\" \/>\n<meta property=\"og:description\" content=\"Maintenance et nettoyage de vos tours a\u00e9ror\u00e9frig\u00e9rantes, refroidisseurs adiabatiques et groupes frigo assur\u00e9s par un consultant qui vous rappelle les d\u00e9lais.\" \/>\n<meta property=\"og:url\" content=\"https:\/\/www.mitacoolingtechnologies.com\/fr\/service\/techniciens-de-maintenance\/\" \/>\n<meta property=\"og:site_name\" content=\"MITA Cooling Technologies\" \/>\n<meta property=\"article:publisher\" content=\"https:\/\/www.facebook.com\/MITA-Group-142299133128326\" \/>\n<meta property=\"article:modified_time\" content=\"2024-08-09T08:40:35+00:00\" \/>\n<meta property=\"og:image\" content=\"https:\/\/www.mitacoolingtechnologies.com\/wp-content\/uploads\/2021\/03\/Technical-Specialists-from-MITA-Cooling-Technologies.jpg\" \/>\n\t<meta property=\"og:image:width\" content=\"1920\" \/>\n\t<meta property=\"og:image:height\" content=\"1080\" \/>\n\t<meta property=\"og:image:type\" content=\"image\/jpeg\" \/>\n<meta name=\"twitter:card\" content=\"summary_large_image\" \/>\n<meta name=\"twitter:site\" content=\"@MITAgroup_ita\" \/>\n<script type=\"application\/ld+json\" class=\"yoast-schema-graph\">{\"@context\":\"https:\/\/schema.org\",\"@graph\":[{\"@type\":\"WebPage\",\"@id\":\"https:\/\/www.mitacoolingtechnologies.com\/fr\/service\/techniciens-de-maintenance\/\",\"url\":\"https:\/\/www.mitacoolingtechnologies.com\/fr\/service\/techniciens-de-maintenance\/\",\"name\":\"Maintenance et nettoyage de tours a\u00e9ror\u00e9frig\u00e9rantes - MITA\",\"isPartOf\":{\"@id\":\"https:\/\/www.mitacoolingtechnologies.com\/fr\/#website\"},\"primaryImageOfPage\":{\"@id\":\"https:\/\/www.mitacoolingtechnologies.com\/fr\/service\/techniciens-de-maintenance\/#primaryimage\"},\"image\":{\"@id\":\"https:\/\/www.mitacoolingtechnologies.com\/fr\/service\/techniciens-de-maintenance\/#primaryimage\"},\"thumbnailUrl\":\"https:\/\/www.mitacoolingtechnologies.com\/wp-content\/uploads\/2021\/03\/Technical-Specialists-from-MITA-Cooling-Technologies.jpg\",\"datePublished\":\"2021-02-25T15:45:32+00:00\",\"dateModified\":\"2024-08-09T08:40:35+00:00\",\"description\":\"Maintenance et nettoyage de vos tours a\u00e9ror\u00e9frig\u00e9rantes, refroidisseurs adiabatiques et groupes frigo assur\u00e9s par un consultant qui vous rappelle les d\u00e9lais.\",\"breadcrumb\":{\"@id\":\"https:\/\/www.mitacoolingtechnologies.com\/fr\/service\/techniciens-de-maintenance\/#breadcrumb\"},\"inLanguage\":\"fr-FR\",\"potentialAction\":[{\"@type\":\"ReadAction\",\"target\":[\"https:\/\/www.mitacoolingtechnologies.com\/fr\/service\/techniciens-de-maintenance\/\"]}]},{\"@type\":\"ImageObject\",\"inLanguage\":\"fr-FR\",\"@id\":\"https:\/\/www.mitacoolingtechnologies.com\/fr\/service\/techniciens-de-maintenance\/#primaryimage\",\"url\":\"https:\/\/www.mitacoolingtechnologies.com\/wp-content\/uploads\/2021\/03\/Technical-Specialists-from-MITA-Cooling-Technologies.jpg\",\"contentUrl\":\"https:\/\/www.mitacoolingtechnologies.com\/wp-content\/uploads\/2021\/03\/Technical-Specialists-from-MITA-Cooling-Technologies.jpg\",\"width\":1920,\"height\":1080,\"caption\":\"Techniciens MITA s\u2019occupant de la maintenance et du nettoyage d\u2019une tour a\u00e9ror\u00e9frig\u00e9rante\"},{\"@type\":\"BreadcrumbList\",\"@id\":\"https:\/\/www.mitacoolingtechnologies.com\/fr\/service\/techniciens-de-maintenance\/#breadcrumb\",\"itemListElement\":[{\"@type\":\"ListItem\",\"position\":1,\"name\":\"Home\",\"item\":\"https:\/\/www.mitacoolingtechnologies.com\/fr\/\"},{\"@type\":\"ListItem\",\"position\":2,\"name\":\"Service\",\"item\":\"https:\/\/www.mitacoolingtechnologies.com\/fr\/service\/\"},{\"@type\":\"ListItem\",\"position\":3,\"name\":\"Techniciens de maintenance\"}]},{\"@type\":\"WebSite\",\"@id\":\"https:\/\/www.mitacoolingtechnologies.com\/fr\/#website\",\"url\":\"https:\/\/www.mitacoolingtechnologies.com\/fr\/\",\"name\":\"MITA Cooling Technologies\",\"description\":\"Your Process Cooling Advisor\",\"publisher\":{\"@id\":\"https:\/\/www.mitacoolingtechnologies.com\/fr\/#organization\"},\"potentialAction\":[{\"@type\":\"SearchAction\",\"target\":{\"@type\":\"EntryPoint\",\"urlTemplate\":\"https:\/\/www.mitacoolingtechnologies.com\/fr\/?s={search_term_string}\"},\"query-input\":{\"@type\":\"PropertyValueSpecification\",\"valueRequired\":true,\"valueName\":\"search_term_string\"}}],\"inLanguage\":\"fr-FR\"},{\"@type\":\"Organization\",\"@id\":\"https:\/\/www.mitacoolingtechnologies.com\/fr\/#organization\",\"name\":\"MITA Cooling Technologies\",\"url\":\"https:\/\/www.mitacoolingtechnologies.com\/fr\/\",\"logo\":{\"@type\":\"ImageObject\",\"inLanguage\":\"fr-FR\",\"@id\":\"https:\/\/www.mitacoolingtechnologies.com\/fr\/#\/schema\/logo\/image\/\",\"url\":\"https:\/\/www.mitacoolingtechnologies.com\/wp-content\/uploads\/2021\/04\/MITA_cooling_alta.png\",\"contentUrl\":\"https:\/\/www.mitacoolingtechnologies.com\/wp-content\/uploads\/2021\/04\/MITA_cooling_alta.png\",\"width\":1676,\"height\":462,\"caption\":\"MITA Cooling Technologies\"},\"image\":{\"@id\":\"https:\/\/www.mitacoolingtechnologies.com\/fr\/#\/schema\/logo\/image\/\"},\"sameAs\":[\"https:\/\/www.facebook.com\/MITA-Group-142299133128326\",\"https:\/\/x.com\/MITAgroup_ita\",\"https:\/\/www.instagram.com\/mitagroup_ita\/\",\"https:\/\/www.linkedin.com\/company\/mitacoolingtechnologies\/\",\"https:\/\/www.youtube.com\/playlist?list=PL6vCZ7E5FHe9AI-Ja5CIyfCGfJ-usQ71h\"]}]}<\/script>\n<!-- \/ Yoast SEO plugin. -->","yoast_head_json":{"title":"Maintenance et nettoyage de tours a\u00e9ror\u00e9frig\u00e9rantes - MITA","description":"Maintenance et nettoyage de vos tours a\u00e9ror\u00e9frig\u00e9rantes, refroidisseurs adiabatiques et groupes frigo assur\u00e9s par un consultant qui vous rappelle les d\u00e9lais.","robots":{"index":"index","follow":"follow","max-snippet":"max-snippet:-1","max-image-preview":"max-image-preview:large","max-video-preview":"max-video-preview:-1"},"canonical":"https:\/\/www.mitacoolingtechnologies.com\/fr\/service\/techniciens-de-maintenance\/","og_locale":"fr_FR","og_type":"article","og_title":"Maintenance et nettoyage de tours a\u00e9ror\u00e9frig\u00e9rantes - MITA","og_description":"Maintenance et nettoyage de vos tours a\u00e9ror\u00e9frig\u00e9rantes, refroidisseurs adiabatiques et groupes frigo assur\u00e9s par un consultant qui vous rappelle les d\u00e9lais.","og_url":"https:\/\/www.mitacoolingtechnologies.com\/fr\/service\/techniciens-de-maintenance\/","og_site_name":"MITA Cooling Technologies","article_publisher":"https:\/\/www.facebook.com\/MITA-Group-142299133128326","article_modified_time":"2024-08-09T08:40:35+00:00","og_image":[{"width":1920,"height":1080,"url":"https:\/\/www.mitacoolingtechnologies.com\/wp-content\/uploads\/2021\/03\/Technical-Specialists-from-MITA-Cooling-Technologies.jpg","type":"image\/jpeg"}],"twitter_card":"summary_large_image","twitter_site":"@MITAgroup_ita","schema":{"@context":"https:\/\/schema.org","@graph":[{"@type":"WebPage","@id":"https:\/\/www.mitacoolingtechnologies.com\/fr\/service\/techniciens-de-maintenance\/","url":"https:\/\/www.mitacoolingtechnologies.com\/fr\/service\/techniciens-de-maintenance\/","name":"Maintenance et nettoyage de tours a\u00e9ror\u00e9frig\u00e9rantes - MITA","isPartOf":{"@id":"https:\/\/www.mitacoolingtechnologies.com\/fr\/#website"},"primaryImageOfPage":{"@id":"https:\/\/www.mitacoolingtechnologies.com\/fr\/service\/techniciens-de-maintenance\/#primaryimage"},"image":{"@id":"https:\/\/www.mitacoolingtechnologies.com\/fr\/service\/techniciens-de-maintenance\/#primaryimage"},"thumbnailUrl":"https:\/\/www.mitacoolingtechnologies.com\/wp-content\/uploads\/2021\/03\/Technical-Specialists-from-MITA-Cooling-Technologies.jpg","datePublished":"2021-02-25T15:45:32+00:00","dateModified":"2024-08-09T08:40:35+00:00","description":"Maintenance et nettoyage de vos tours a\u00e9ror\u00e9frig\u00e9rantes, refroidisseurs adiabatiques et groupes frigo assur\u00e9s par un consultant qui vous rappelle les d\u00e9lais.","breadcrumb":{"@id":"https:\/\/www.mitacoolingtechnologies.com\/fr\/service\/techniciens-de-maintenance\/#breadcrumb"},"inLanguage":"fr-FR","potentialAction":[{"@type":"ReadAction","target":["https:\/\/www.mitacoolingtechnologies.com\/fr\/service\/techniciens-de-maintenance\/"]}]},{"@type":"ImageObject","inLanguage":"fr-FR","@id":"https:\/\/www.mitacoolingtechnologies.com\/fr\/service\/techniciens-de-maintenance\/#primaryimage","url":"https:\/\/www.mitacoolingtechnologies.com\/wp-content\/uploads\/2021\/03\/Technical-Specialists-from-MITA-Cooling-Technologies.jpg","contentUrl":"https:\/\/www.mitacoolingtechnologies.com\/wp-content\/uploads\/2021\/03\/Technical-Specialists-from-MITA-Cooling-Technologies.jpg","width":1920,"height":1080,"caption":"Techniciens MITA s\u2019occupant de la maintenance et du nettoyage d\u2019une tour a\u00e9ror\u00e9frig\u00e9rante"},{"@type":"BreadcrumbList","@id":"https:\/\/www.mitacoolingtechnologies.com\/fr\/service\/techniciens-de-maintenance\/#breadcrumb","itemListElement":[{"@type":"ListItem","position":1,"name":"Home","item":"https:\/\/www.mitacoolingtechnologies.com\/fr\/"},{"@type":"ListItem","position":2,"name":"Service","item":"https:\/\/www.mitacoolingtechnologies.com\/fr\/service\/"},{"@type":"ListItem","position":3,"name":"Techniciens de maintenance"}]},{"@type":"WebSite","@id":"https:\/\/www.mitacoolingtechnologies.com\/fr\/#website","url":"https:\/\/www.mitacoolingtechnologies.com\/fr\/","name":"MITA Cooling Technologies","description":"Your Process Cooling Advisor","publisher":{"@id":"https:\/\/www.mitacoolingtechnologies.com\/fr\/#organization"},"potentialAction":[{"@type":"SearchAction","target":{"@type":"EntryPoint","urlTemplate":"https:\/\/www.mitacoolingtechnologies.com\/fr\/?s={search_term_string}"},"query-input":{"@type":"PropertyValueSpecification","valueRequired":true,"valueName":"search_term_string"}}],"inLanguage":"fr-FR"},{"@type":"Organization","@id":"https:\/\/www.mitacoolingtechnologies.com\/fr\/#organization","name":"MITA Cooling Technologies","url":"https:\/\/www.mitacoolingtechnologies.com\/fr\/","logo":{"@type":"ImageObject","inLanguage":"fr-FR","@id":"https:\/\/www.mitacoolingtechnologies.com\/fr\/#\/schema\/logo\/image\/","url":"https:\/\/www.mitacoolingtechnologies.com\/wp-content\/uploads\/2021\/04\/MITA_cooling_alta.png","contentUrl":"https:\/\/www.mitacoolingtechnologies.com\/wp-content\/uploads\/2021\/04\/MITA_cooling_alta.png","width":1676,"height":462,"caption":"MITA Cooling Technologies"},"image":{"@id":"https:\/\/www.mitacoolingtechnologies.com\/fr\/#\/schema\/logo\/image\/"},"sameAs":["https:\/\/www.facebook.com\/MITA-Group-142299133128326","https:\/\/x.com\/MITAgroup_ita","https:\/\/www.instagram.com\/mitagroup_ita\/","https:\/\/www.linkedin.com\/company\/mitacoolingtechnologies\/","https:\/\/www.youtube.com\/playlist?list=PL6vCZ7E5FHe9AI-Ja5CIyfCGfJ-usQ71h"]}]}},"_links":{"self":[{"href":"https:\/\/www.mitacoolingtechnologies.com\/fr\/wp-json\/wp\/v2\/pages\/9278","targetHints":{"allow":["GET"]}}],"collection":[{"href":"https:\/\/www.mitacoolingtechnologies.com\/fr\/wp-json\/wp\/v2\/pages"}],"about":[{"href":"https:\/\/www.mitacoolingtechnologies.com\/fr\/wp-json\/wp\/v2\/types\/page"}],"author":[{"embeddable":true,"href":"https:\/\/www.mitacoolingtechnologies.com\/fr\/wp-json\/wp\/v2\/users\/1"}],"replies":[{"embeddable":true,"href":"https:\/\/www.mitacoolingtechnologies.com\/fr\/wp-json\/wp\/v2\/comments?post=9278"}],"version-history":[{"count":9,"href":"https:\/\/www.mitacoolingtechnologies.com\/fr\/wp-json\/wp\/v2\/pages\/9278\/revisions"}],"predecessor-version":[{"id":40786,"href":"https:\/\/www.mitacoolingtechnologies.com\/fr\/wp-json\/wp\/v2\/pages\/9278\/revisions\/40786"}],"up":[{"embeddable":true,"href":"https:\/\/www.mitacoolingtechnologies.com\/fr\/wp-json\/wp\/v2\/pages\/9274"}],"wp:featuredmedia":[{"embeddable":true,"href":"https:\/\/www.mitacoolingtechnologies.com\/fr\/wp-json\/wp\/v2\/media\/5268"}],"wp:attachment":[{"href":"https:\/\/www.mitacoolingtechnologies.com\/fr\/wp-json\/wp\/v2\/media?parent=9278"}],"curies":[{"name":"wp","href":"https:\/\/api.w.org\/{rel}","templated":true}]}}