{"id":17823,"date":"2021-02-25T15:55:46","date_gmt":"2021-02-25T14:55:46","guid":{"rendered":"https:\/\/www.mitacoolingtechnologies.com\/tecnologie-di-raffreddamento-soluzioni-e-consulenze\/"},"modified":"2026-03-18T12:14:42","modified_gmt":"2026-03-18T11:14:42","slug":"tecnologie-di-raffreddamento-soluzioni-e-consulenze","status":"publish","type":"page","link":"https:\/\/www.mitacoolingtechnologies.com\/pl\/","title":{"rendered":"Home"},"content":{"rendered":"","protected":false},"excerpt":{"rendered":"<p>Ch\u0142odnice wentylatorowe od MITA Cooling Technologies. Pe\u0142na oferta wie\u017c ch\u0142odniczych wyparnych, ch\u0142odnic adiabatycznych i agregat\u00f3w ch\u0142odniczych. Producent wie\u017c ch\u0142odniczych.<\/p>\n","protected":false},"author":1,"featured_media":0,"parent":0,"menu_order":12,"comment_status":"closed","ping_status":"closed","template":"","meta":{"_acf_changed":false,"inline_featured_image":false,"footnotes":""},"class_list":["post-17823","page","type-page","status-publish","hentry"],"acf":[],"yoast_head":"<!-- This site is optimized with the Yoast SEO plugin v27.0 - https:\/\/yoast.com\/product\/yoast-seo-wordpress\/ -->\n<title>Ch\u0142odnice wentylatorowe od MITA Cooling Technologies<\/title>\n<meta name=\"description\" content=\"Pe\u0142na oferta wie\u017c ch\u0142odniczych wyparnych, ch\u0142odnic adiabatycznych i agregat\u00f3w ch\u0142odniczych. Producent wie\u017c ch\u0142odniczych.\" \/>\n<meta name=\"robots\" content=\"index, follow, max-snippet:-1, max-image-preview:large, max-video-preview:-1\" \/>\n<link rel=\"canonical\" href=\"https:\/\/www.mitacoolingtechnologies.com\/pl\/\" \/>\n<meta property=\"og:locale\" content=\"pl_PL\" \/>\n<meta property=\"og:type\" content=\"article\" \/>\n<meta property=\"og:title\" content=\"Your Process Cooling Advisor\" \/>\n<meta property=\"og:description\" content=\"Full Range of Cooling Technologies, Maximum Adaptability, Optimization Pre-Analysis.\" \/>\n<meta property=\"og:url\" content=\"https:\/\/www.mitacoolingtechnologies.com\/pl\/\" \/>\n<meta property=\"og:site_name\" content=\"MITA Cooling Technologies\" \/>\n<meta property=\"article:publisher\" content=\"https:\/\/www.facebook.com\/MITA-Group-142299133128326\" \/>\n<meta property=\"article:modified_time\" content=\"2026-03-18T11:14:42+00:00\" \/>\n<meta property=\"og:image\" content=\"https:\/\/www.mitacoolingtechnologies.com\/wp-content\/uploads\/2021\/03\/PME-E_Your-Process-Cooling-Advisor.jpg\" \/>\n\t<meta property=\"og:image:width\" content=\"1920\" \/>\n\t<meta property=\"og:image:height\" content=\"1080\" \/>\n\t<meta property=\"og:image:type\" content=\"image\/jpeg\" \/>\n<meta name=\"twitter:card\" content=\"summary_large_image\" \/>\n<meta name=\"twitter:title\" content=\"Your Process Cooling Advisor\" \/>\n<meta name=\"twitter:description\" content=\"Full Range of Cooling Technologies, Maximum Adaptability, Optimization Pre-Analysis.\" \/>\n<meta name=\"twitter:image\" content=\"https:\/\/www.mitacoolingtechnologies.com\/wp-content\/uploads\/2021\/03\/PME-E_Your-Process-Cooling-Advisor.jpg\" \/>\n<meta name=\"twitter:site\" content=\"@MITAgroup_ita\" \/>\n<script type=\"application\/ld+json\" class=\"yoast-schema-graph\">{\"@context\":\"https:\/\/schema.org\",\"@graph\":[{\"@type\":\"WebPage\",\"@id\":\"https:\/\/www.mitacoolingtechnologies.com\/pl\/\",\"url\":\"https:\/\/www.mitacoolingtechnologies.com\/pl\/\",\"name\":\"Ch\u0142odnice wentylatorowe od MITA Cooling Technologies\",\"isPartOf\":{\"@id\":\"https:\/\/www.mitacoolingtechnologies.com\/pl\/#website\"},\"datePublished\":\"2021-02-25T14:55:46+00:00\",\"dateModified\":\"2026-03-18T11:14:42+00:00\",\"description\":\"Pe\u0142na oferta wie\u017c ch\u0142odniczych wyparnych, ch\u0142odnic adiabatycznych i agregat\u00f3w ch\u0142odniczych. Producent wie\u017c ch\u0142odniczych.\",\"breadcrumb\":{\"@id\":\"https:\/\/www.mitacoolingtechnologies.com\/pl\/#breadcrumb\"},\"inLanguage\":\"pl-PL\",\"potentialAction\":[{\"@type\":\"ReadAction\",\"target\":[\"https:\/\/www.mitacoolingtechnologies.com\/pl\/\"]}]},{\"@type\":\"BreadcrumbList\",\"@id\":\"https:\/\/www.mitacoolingtechnologies.com\/pl\/#breadcrumb\",\"itemListElement\":[{\"@type\":\"ListItem\",\"position\":1,\"name\":\"Home\",\"item\":\"https:\/\/www.mitacoolingtechnologies.com\/pl\/\"},{\"@type\":\"ListItem\",\"position\":2,\"name\":\"Home\"}]},{\"@type\":\"WebSite\",\"@id\":\"https:\/\/www.mitacoolingtechnologies.com\/pl\/#website\",\"url\":\"https:\/\/www.mitacoolingtechnologies.com\/pl\/\",\"name\":\"MITA Cooling Technologies\",\"description\":\"Il tuo consulente del raffreddamento\",\"publisher\":{\"@id\":\"https:\/\/www.mitacoolingtechnologies.com\/pl\/#organization\"},\"potentialAction\":[{\"@type\":\"SearchAction\",\"target\":{\"@type\":\"EntryPoint\",\"urlTemplate\":\"https:\/\/www.mitacoolingtechnologies.com\/pl\/?s={search_term_string}\"},\"query-input\":{\"@type\":\"PropertyValueSpecification\",\"valueRequired\":true,\"valueName\":\"search_term_string\"}}],\"inLanguage\":\"pl-PL\"},{\"@type\":\"Organization\",\"@id\":\"https:\/\/www.mitacoolingtechnologies.com\/pl\/#organization\",\"name\":\"MITA Cooling Technologies\",\"url\":\"https:\/\/www.mitacoolingtechnologies.com\/pl\/\",\"logo\":{\"@type\":\"ImageObject\",\"inLanguage\":\"pl-PL\",\"@id\":\"https:\/\/www.mitacoolingtechnologies.com\/pl\/#\/schema\/logo\/image\/\",\"url\":\"https:\/\/www.mitacoolingtechnologies.com\/wp-content\/uploads\/2021\/04\/MITA_cooling_alta.png\",\"contentUrl\":\"https:\/\/www.mitacoolingtechnologies.com\/wp-content\/uploads\/2021\/04\/MITA_cooling_alta.png\",\"width\":1676,\"height\":462,\"caption\":\"MITA Cooling Technologies\"},\"image\":{\"@id\":\"https:\/\/www.mitacoolingtechnologies.com\/pl\/#\/schema\/logo\/image\/\"},\"sameAs\":[\"https:\/\/www.facebook.com\/MITA-Group-142299133128326\",\"https:\/\/x.com\/MITAgroup_ita\",\"https:\/\/www.instagram.com\/mitagroup_ita\/\",\"https:\/\/www.linkedin.com\/company\/mitacoolingtechnologies\/\",\"https:\/\/www.youtube.com\/playlist?list=PL6vCZ7E5FHe9AI-Ja5CIyfCGfJ-usQ71h\"]}]}<\/script>\n<!-- \/ Yoast SEO plugin. -->","yoast_head_json":{"title":"Ch\u0142odnice wentylatorowe od MITA Cooling Technologies","description":"Pe\u0142na oferta wie\u017c ch\u0142odniczych wyparnych, ch\u0142odnic adiabatycznych i agregat\u00f3w ch\u0142odniczych. Producent wie\u017c ch\u0142odniczych.","robots":{"index":"index","follow":"follow","max-snippet":"max-snippet:-1","max-image-preview":"max-image-preview:large","max-video-preview":"max-video-preview:-1"},"canonical":"https:\/\/www.mitacoolingtechnologies.com\/pl\/","og_locale":"pl_PL","og_type":"article","og_title":"Your Process Cooling Advisor","og_description":"Full Range of Cooling Technologies, Maximum Adaptability, Optimization Pre-Analysis.","og_url":"https:\/\/www.mitacoolingtechnologies.com\/pl\/","og_site_name":"MITA Cooling Technologies","article_publisher":"https:\/\/www.facebook.com\/MITA-Group-142299133128326","article_modified_time":"2026-03-18T11:14:42+00:00","og_image":[{"width":1920,"height":1080,"url":"https:\/\/www.mitacoolingtechnologies.com\/wp-content\/uploads\/2021\/03\/PME-E_Your-Process-Cooling-Advisor.jpg","type":"image\/jpeg"}],"twitter_card":"summary_large_image","twitter_title":"Your Process Cooling Advisor","twitter_description":"Full Range of Cooling Technologies, Maximum Adaptability, Optimization Pre-Analysis.","twitter_image":"https:\/\/www.mitacoolingtechnologies.com\/wp-content\/uploads\/2021\/03\/PME-E_Your-Process-Cooling-Advisor.jpg","twitter_site":"@MITAgroup_ita","schema":{"@context":"https:\/\/schema.org","@graph":[{"@type":"WebPage","@id":"https:\/\/www.mitacoolingtechnologies.com\/pl\/","url":"https:\/\/www.mitacoolingtechnologies.com\/pl\/","name":"Ch\u0142odnice wentylatorowe od MITA Cooling Technologies","isPartOf":{"@id":"https:\/\/www.mitacoolingtechnologies.com\/pl\/#website"},"datePublished":"2021-02-25T14:55:46+00:00","dateModified":"2026-03-18T11:14:42+00:00","description":"Pe\u0142na oferta wie\u017c ch\u0142odniczych wyparnych, ch\u0142odnic adiabatycznych i agregat\u00f3w ch\u0142odniczych. Producent wie\u017c ch\u0142odniczych.","breadcrumb":{"@id":"https:\/\/www.mitacoolingtechnologies.com\/pl\/#breadcrumb"},"inLanguage":"pl-PL","potentialAction":[{"@type":"ReadAction","target":["https:\/\/www.mitacoolingtechnologies.com\/pl\/"]}]},{"@type":"BreadcrumbList","@id":"https:\/\/www.mitacoolingtechnologies.com\/pl\/#breadcrumb","itemListElement":[{"@type":"ListItem","position":1,"name":"Home","item":"https:\/\/www.mitacoolingtechnologies.com\/pl\/"},{"@type":"ListItem","position":2,"name":"Home"}]},{"@type":"WebSite","@id":"https:\/\/www.mitacoolingtechnologies.com\/pl\/#website","url":"https:\/\/www.mitacoolingtechnologies.com\/pl\/","name":"MITA Cooling Technologies","description":"Il tuo consulente del raffreddamento","publisher":{"@id":"https:\/\/www.mitacoolingtechnologies.com\/pl\/#organization"},"potentialAction":[{"@type":"SearchAction","target":{"@type":"EntryPoint","urlTemplate":"https:\/\/www.mitacoolingtechnologies.com\/pl\/?s={search_term_string}"},"query-input":{"@type":"PropertyValueSpecification","valueRequired":true,"valueName":"search_term_string"}}],"inLanguage":"pl-PL"},{"@type":"Organization","@id":"https:\/\/www.mitacoolingtechnologies.com\/pl\/#organization","name":"MITA Cooling Technologies","url":"https:\/\/www.mitacoolingtechnologies.com\/pl\/","logo":{"@type":"ImageObject","inLanguage":"pl-PL","@id":"https:\/\/www.mitacoolingtechnologies.com\/pl\/#\/schema\/logo\/image\/","url":"https:\/\/www.mitacoolingtechnologies.com\/wp-content\/uploads\/2021\/04\/MITA_cooling_alta.png","contentUrl":"https:\/\/www.mitacoolingtechnologies.com\/wp-content\/uploads\/2021\/04\/MITA_cooling_alta.png","width":1676,"height":462,"caption":"MITA Cooling Technologies"},"image":{"@id":"https:\/\/www.mitacoolingtechnologies.com\/pl\/#\/schema\/logo\/image\/"},"sameAs":["https:\/\/www.facebook.com\/MITA-Group-142299133128326","https:\/\/x.com\/MITAgroup_ita","https:\/\/www.instagram.com\/mitagroup_ita\/","https:\/\/www.linkedin.com\/company\/mitacoolingtechnologies\/","https:\/\/www.youtube.com\/playlist?list=PL6vCZ7E5FHe9AI-Ja5CIyfCGfJ-usQ71h"]}]}},"_links":{"self":[{"href":"https:\/\/www.mitacoolingtechnologies.com\/pl\/wp-json\/wp\/v2\/pages\/17823","targetHints":{"allow":["GET"]}}],"collection":[{"href":"https:\/\/www.mitacoolingtechnologies.com\/pl\/wp-json\/wp\/v2\/pages"}],"about":[{"href":"https:\/\/www.mitacoolingtechnologies.com\/pl\/wp-json\/wp\/v2\/types\/page"}],"author":[{"embeddable":true,"href":"https:\/\/www.mitacoolingtechnologies.com\/pl\/wp-json\/wp\/v2\/users\/1"}],"replies":[{"embeddable":true,"href":"https:\/\/www.mitacoolingtechnologies.com\/pl\/wp-json\/wp\/v2\/comments?post=17823"}],"version-history":[{"count":35,"href":"https:\/\/www.mitacoolingtechnologies.com\/pl\/wp-json\/wp\/v2\/pages\/17823\/revisions"}],"predecessor-version":[{"id":137307,"href":"https:\/\/www.mitacoolingtechnologies.com\/pl\/wp-json\/wp\/v2\/pages\/17823\/revisions\/137307"}],"wp:attachment":[{"href":"https:\/\/www.mitacoolingtechnologies.com\/pl\/wp-json\/wp\/v2\/media?parent=17823"}],"curies":[{"name":"wp","href":"https:\/\/api.w.org\/{rel}","templated":true}]}}