{"id":17917,"date":"2021-02-25T16:41:57","date_gmt":"2021-02-25T15:41:57","guid":{"rendered":"https:\/\/www.mitacoolingtechnologies.com\/kim-jestesmy\/mita-group\/"},"modified":"2025-12-11T14:48:51","modified_gmt":"2025-12-11T13:48:51","slug":"mita-group","status":"publish","type":"page","link":"https:\/\/www.mitacoolingtechnologies.com\/pl\/kim-jestesmy\/mita-group\/","title":{"rendered":"MITA Group"},"content":{"rendered":"","protected":false},"excerpt":{"rendered":"<p>Zesp\u00f3\u0142 150 os\u00f3b: projektant\u00f3w, producent\u00f3w, a przede wszystkim konsultant\u00f3w w zakresie technologii ch\u0142odzenia i ch\u0142odnictwa. Ta sama misja: by\u0107 zawsze po Twojej stronie, od projektu do sprzeda\u017cy.<\/p>\n","protected":false},"author":1,"featured_media":17918,"parent":17868,"menu_order":246,"comment_status":"closed","ping_status":"closed","template":"","meta":{"_acf_changed":false,"inline_featured_image":false,"footnotes":""},"class_list":["post-17917","page","type-page","status-publish","has-post-thumbnail","hentry"],"acf":[],"yoast_head":"<!-- This site is optimized with the Yoast SEO plugin v27.0 - https:\/\/yoast.com\/product\/yoast-seo-wordpress\/ -->\n<title>Ch\u0142odzenie i ch\u0142odnictwo - MITA Group<\/title>\n<meta name=\"description\" content=\"In\u017cynierowie, producenci, a przede wszystkim konsultanci w dziedzinie technologii ch\u0142odzenia i ch\u0142odnictwa.\" \/>\n<meta name=\"robots\" content=\"index, follow, max-snippet:-1, max-image-preview:large, max-video-preview:-1\" \/>\n<link rel=\"canonical\" href=\"https:\/\/www.mitacoolingtechnologies.com\/pl\/kim-jestesmy\/mita-group\/\" \/>\n<meta property=\"og:locale\" content=\"pl_PL\" \/>\n<meta property=\"og:type\" content=\"article\" \/>\n<meta property=\"og:title\" content=\"Ch\u0142odzenie i ch\u0142odnictwo - MITA Group\" \/>\n<meta property=\"og:description\" content=\"In\u017cynierowie, producenci, a przede wszystkim konsultanci w dziedzinie technologii ch\u0142odzenia i ch\u0142odnictwa.\" \/>\n<meta property=\"og:url\" content=\"https:\/\/www.mitacoolingtechnologies.com\/pl\/kim-jestesmy\/mita-group\/\" \/>\n<meta property=\"og:site_name\" content=\"MITA Cooling Technologies\" \/>\n<meta property=\"article:publisher\" content=\"https:\/\/www.facebook.com\/MITA-Group-142299133128326\" \/>\n<meta property=\"article:modified_time\" content=\"2025-12-11T13:48:51+00:00\" \/>\n<meta property=\"og:image\" content=\"https:\/\/www.mitacoolingtechnologies.com\/wp-content\/uploads\/2021\/03\/MITA-Group.jpg\" \/>\n\t<meta property=\"og:image:width\" content=\"1920\" \/>\n\t<meta property=\"og:image:height\" content=\"1080\" \/>\n\t<meta property=\"og:image:type\" content=\"image\/jpeg\" \/>\n<meta name=\"twitter:card\" content=\"summary_large_image\" \/>\n<meta name=\"twitter:site\" content=\"@MITAgroup_ita\" \/>\n<script type=\"application\/ld+json\" class=\"yoast-schema-graph\">{\"@context\":\"https:\/\/schema.org\",\"@graph\":[{\"@type\":\"WebPage\",\"@id\":\"https:\/\/www.mitacoolingtechnologies.com\/pl\/kim-jestesmy\/mita-group\/\",\"url\":\"https:\/\/www.mitacoolingtechnologies.com\/pl\/kim-jestesmy\/mita-group\/\",\"name\":\"Ch\u0142odzenie i ch\u0142odnictwo - MITA Group\",\"isPartOf\":{\"@id\":\"https:\/\/www.mitacoolingtechnologies.com\/pl\/#website\"},\"primaryImageOfPage\":{\"@id\":\"https:\/\/www.mitacoolingtechnologies.com\/pl\/kim-jestesmy\/mita-group\/#primaryimage\"},\"image\":{\"@id\":\"https:\/\/www.mitacoolingtechnologies.com\/pl\/kim-jestesmy\/mita-group\/#primaryimage\"},\"thumbnailUrl\":\"https:\/\/www.mitacoolingtechnologies.com\/wp-content\/uploads\/2021\/03\/MITA-Group.jpg\",\"datePublished\":\"2021-02-25T15:41:57+00:00\",\"dateModified\":\"2025-12-11T13:48:51+00:00\",\"description\":\"In\u017cynierowie, producenci, a przede wszystkim konsultanci w dziedzinie technologii ch\u0142odzenia i ch\u0142odnictwa.\",\"breadcrumb\":{\"@id\":\"https:\/\/www.mitacoolingtechnologies.com\/pl\/kim-jestesmy\/mita-group\/#breadcrumb\"},\"inLanguage\":\"pl-PL\",\"potentialAction\":[{\"@type\":\"ReadAction\",\"target\":[\"https:\/\/www.mitacoolingtechnologies.com\/pl\/kim-jestesmy\/mita-group\/\"]}]},{\"@type\":\"ImageObject\",\"inLanguage\":\"pl-PL\",\"@id\":\"https:\/\/www.mitacoolingtechnologies.com\/pl\/kim-jestesmy\/mita-group\/#primaryimage\",\"url\":\"https:\/\/www.mitacoolingtechnologies.com\/wp-content\/uploads\/2021\/03\/MITA-Group.jpg\",\"contentUrl\":\"https:\/\/www.mitacoolingtechnologies.com\/wp-content\/uploads\/2021\/03\/MITA-Group.jpg\",\"width\":1920,\"height\":1080,\"caption\":\"MITA Group\"},{\"@type\":\"BreadcrumbList\",\"@id\":\"https:\/\/www.mitacoolingtechnologies.com\/pl\/kim-jestesmy\/mita-group\/#breadcrumb\",\"itemListElement\":[{\"@type\":\"ListItem\",\"position\":1,\"name\":\"Home\",\"item\":\"https:\/\/www.mitacoolingtechnologies.com\/pl\/\"},{\"@type\":\"ListItem\",\"position\":2,\"name\":\"Kim jeste\u015bmy\",\"item\":\"https:\/\/www.mitacoolingtechnologies.com\/pl\/kim-jestesmy\/\"},{\"@type\":\"ListItem\",\"position\":3,\"name\":\"MITA Group\"}]},{\"@type\":\"WebSite\",\"@id\":\"https:\/\/www.mitacoolingtechnologies.com\/pl\/#website\",\"url\":\"https:\/\/www.mitacoolingtechnologies.com\/pl\/\",\"name\":\"MITA Cooling Technologies\",\"description\":\"Il tuo consulente del raffreddamento\",\"publisher\":{\"@id\":\"https:\/\/www.mitacoolingtechnologies.com\/pl\/#organization\"},\"potentialAction\":[{\"@type\":\"SearchAction\",\"target\":{\"@type\":\"EntryPoint\",\"urlTemplate\":\"https:\/\/www.mitacoolingtechnologies.com\/pl\/?s={search_term_string}\"},\"query-input\":{\"@type\":\"PropertyValueSpecification\",\"valueRequired\":true,\"valueName\":\"search_term_string\"}}],\"inLanguage\":\"pl-PL\"},{\"@type\":\"Organization\",\"@id\":\"https:\/\/www.mitacoolingtechnologies.com\/pl\/#organization\",\"name\":\"MITA Cooling Technologies\",\"url\":\"https:\/\/www.mitacoolingtechnologies.com\/pl\/\",\"logo\":{\"@type\":\"ImageObject\",\"inLanguage\":\"pl-PL\",\"@id\":\"https:\/\/www.mitacoolingtechnologies.com\/pl\/#\/schema\/logo\/image\/\",\"url\":\"https:\/\/www.mitacoolingtechnologies.com\/wp-content\/uploads\/2021\/04\/MITA_cooling_alta.png\",\"contentUrl\":\"https:\/\/www.mitacoolingtechnologies.com\/wp-content\/uploads\/2021\/04\/MITA_cooling_alta.png\",\"width\":1676,\"height\":462,\"caption\":\"MITA Cooling Technologies\"},\"image\":{\"@id\":\"https:\/\/www.mitacoolingtechnologies.com\/pl\/#\/schema\/logo\/image\/\"},\"sameAs\":[\"https:\/\/www.facebook.com\/MITA-Group-142299133128326\",\"https:\/\/x.com\/MITAgroup_ita\",\"https:\/\/www.instagram.com\/mitagroup_ita\/\",\"https:\/\/www.linkedin.com\/company\/mitacoolingtechnologies\/\",\"https:\/\/www.youtube.com\/playlist?list=PL6vCZ7E5FHe9AI-Ja5CIyfCGfJ-usQ71h\"]}]}<\/script>\n<!-- \/ Yoast SEO plugin. -->","yoast_head_json":{"title":"Ch\u0142odzenie i ch\u0142odnictwo - MITA Group","description":"In\u017cynierowie, producenci, a przede wszystkim konsultanci w dziedzinie technologii ch\u0142odzenia i ch\u0142odnictwa.","robots":{"index":"index","follow":"follow","max-snippet":"max-snippet:-1","max-image-preview":"max-image-preview:large","max-video-preview":"max-video-preview:-1"},"canonical":"https:\/\/www.mitacoolingtechnologies.com\/pl\/kim-jestesmy\/mita-group\/","og_locale":"pl_PL","og_type":"article","og_title":"Ch\u0142odzenie i ch\u0142odnictwo - MITA Group","og_description":"In\u017cynierowie, producenci, a przede wszystkim konsultanci w dziedzinie technologii ch\u0142odzenia i ch\u0142odnictwa.","og_url":"https:\/\/www.mitacoolingtechnologies.com\/pl\/kim-jestesmy\/mita-group\/","og_site_name":"MITA Cooling Technologies","article_publisher":"https:\/\/www.facebook.com\/MITA-Group-142299133128326","article_modified_time":"2025-12-11T13:48:51+00:00","og_image":[{"width":1920,"height":1080,"url":"https:\/\/www.mitacoolingtechnologies.com\/wp-content\/uploads\/2021\/03\/MITA-Group.jpg","type":"image\/jpeg"}],"twitter_card":"summary_large_image","twitter_site":"@MITAgroup_ita","schema":{"@context":"https:\/\/schema.org","@graph":[{"@type":"WebPage","@id":"https:\/\/www.mitacoolingtechnologies.com\/pl\/kim-jestesmy\/mita-group\/","url":"https:\/\/www.mitacoolingtechnologies.com\/pl\/kim-jestesmy\/mita-group\/","name":"Ch\u0142odzenie i ch\u0142odnictwo - MITA Group","isPartOf":{"@id":"https:\/\/www.mitacoolingtechnologies.com\/pl\/#website"},"primaryImageOfPage":{"@id":"https:\/\/www.mitacoolingtechnologies.com\/pl\/kim-jestesmy\/mita-group\/#primaryimage"},"image":{"@id":"https:\/\/www.mitacoolingtechnologies.com\/pl\/kim-jestesmy\/mita-group\/#primaryimage"},"thumbnailUrl":"https:\/\/www.mitacoolingtechnologies.com\/wp-content\/uploads\/2021\/03\/MITA-Group.jpg","datePublished":"2021-02-25T15:41:57+00:00","dateModified":"2025-12-11T13:48:51+00:00","description":"In\u017cynierowie, producenci, a przede wszystkim konsultanci w dziedzinie technologii ch\u0142odzenia i ch\u0142odnictwa.","breadcrumb":{"@id":"https:\/\/www.mitacoolingtechnologies.com\/pl\/kim-jestesmy\/mita-group\/#breadcrumb"},"inLanguage":"pl-PL","potentialAction":[{"@type":"ReadAction","target":["https:\/\/www.mitacoolingtechnologies.com\/pl\/kim-jestesmy\/mita-group\/"]}]},{"@type":"ImageObject","inLanguage":"pl-PL","@id":"https:\/\/www.mitacoolingtechnologies.com\/pl\/kim-jestesmy\/mita-group\/#primaryimage","url":"https:\/\/www.mitacoolingtechnologies.com\/wp-content\/uploads\/2021\/03\/MITA-Group.jpg","contentUrl":"https:\/\/www.mitacoolingtechnologies.com\/wp-content\/uploads\/2021\/03\/MITA-Group.jpg","width":1920,"height":1080,"caption":"MITA Group"},{"@type":"BreadcrumbList","@id":"https:\/\/www.mitacoolingtechnologies.com\/pl\/kim-jestesmy\/mita-group\/#breadcrumb","itemListElement":[{"@type":"ListItem","position":1,"name":"Home","item":"https:\/\/www.mitacoolingtechnologies.com\/pl\/"},{"@type":"ListItem","position":2,"name":"Kim jeste\u015bmy","item":"https:\/\/www.mitacoolingtechnologies.com\/pl\/kim-jestesmy\/"},{"@type":"ListItem","position":3,"name":"MITA Group"}]},{"@type":"WebSite","@id":"https:\/\/www.mitacoolingtechnologies.com\/pl\/#website","url":"https:\/\/www.mitacoolingtechnologies.com\/pl\/","name":"MITA Cooling Technologies","description":"Il tuo consulente del raffreddamento","publisher":{"@id":"https:\/\/www.mitacoolingtechnologies.com\/pl\/#organization"},"potentialAction":[{"@type":"SearchAction","target":{"@type":"EntryPoint","urlTemplate":"https:\/\/www.mitacoolingtechnologies.com\/pl\/?s={search_term_string}"},"query-input":{"@type":"PropertyValueSpecification","valueRequired":true,"valueName":"search_term_string"}}],"inLanguage":"pl-PL"},{"@type":"Organization","@id":"https:\/\/www.mitacoolingtechnologies.com\/pl\/#organization","name":"MITA Cooling Technologies","url":"https:\/\/www.mitacoolingtechnologies.com\/pl\/","logo":{"@type":"ImageObject","inLanguage":"pl-PL","@id":"https:\/\/www.mitacoolingtechnologies.com\/pl\/#\/schema\/logo\/image\/","url":"https:\/\/www.mitacoolingtechnologies.com\/wp-content\/uploads\/2021\/04\/MITA_cooling_alta.png","contentUrl":"https:\/\/www.mitacoolingtechnologies.com\/wp-content\/uploads\/2021\/04\/MITA_cooling_alta.png","width":1676,"height":462,"caption":"MITA Cooling Technologies"},"image":{"@id":"https:\/\/www.mitacoolingtechnologies.com\/pl\/#\/schema\/logo\/image\/"},"sameAs":["https:\/\/www.facebook.com\/MITA-Group-142299133128326","https:\/\/x.com\/MITAgroup_ita","https:\/\/www.instagram.com\/mitagroup_ita\/","https:\/\/www.linkedin.com\/company\/mitacoolingtechnologies\/","https:\/\/www.youtube.com\/playlist?list=PL6vCZ7E5FHe9AI-Ja5CIyfCGfJ-usQ71h"]}]}},"_links":{"self":[{"href":"https:\/\/www.mitacoolingtechnologies.com\/pl\/wp-json\/wp\/v2\/pages\/17917","targetHints":{"allow":["GET"]}}],"collection":[{"href":"https:\/\/www.mitacoolingtechnologies.com\/pl\/wp-json\/wp\/v2\/pages"}],"about":[{"href":"https:\/\/www.mitacoolingtechnologies.com\/pl\/wp-json\/wp\/v2\/types\/page"}],"author":[{"embeddable":true,"href":"https:\/\/www.mitacoolingtechnologies.com\/pl\/wp-json\/wp\/v2\/users\/1"}],"replies":[{"embeddable":true,"href":"https:\/\/www.mitacoolingtechnologies.com\/pl\/wp-json\/wp\/v2\/comments?post=17917"}],"version-history":[{"count":14,"href":"https:\/\/www.mitacoolingtechnologies.com\/pl\/wp-json\/wp\/v2\/pages\/17917\/revisions"}],"predecessor-version":[{"id":131662,"href":"https:\/\/www.mitacoolingtechnologies.com\/pl\/wp-json\/wp\/v2\/pages\/17917\/revisions\/131662"}],"up":[{"embeddable":true,"href":"https:\/\/www.mitacoolingtechnologies.com\/pl\/wp-json\/wp\/v2\/pages\/17868"}],"wp:featuredmedia":[{"embeddable":true,"href":"https:\/\/www.mitacoolingtechnologies.com\/pl\/wp-json\/wp\/v2\/media\/17918"}],"wp:attachment":[{"href":"https:\/\/www.mitacoolingtechnologies.com\/pl\/wp-json\/wp\/v2\/media?parent=17917"}],"curies":[{"name":"wp","href":"https:\/\/api.w.org\/{rel}","templated":true}]}}