{"id":18198,"date":"2021-04-13T18:12:23","date_gmt":"2021-04-13T16:12:23","guid":{"rendered":"https:\/\/www.mitacoolingtechnologies.com\/uslugi-i-doradztwo\/technical-proposal-engineering-and-project-management\/"},"modified":"2024-08-09T11:41:48","modified_gmt":"2024-08-09T09:41:48","slug":"inzynieria-propozycji-technicznych-i-zarzadzanie-projektami","status":"publish","type":"page","link":"https:\/\/www.mitacoolingtechnologies.com\/pl\/uslugi-i-doradztwo\/inzynieria-propozycji-technicznych-i-zarzadzanie-projektami\/","title":{"rendered":"In\u017cynieria propozycji technicznych i zarz\u0105dzanie projektami"},"content":{"rendered":"","protected":false},"excerpt":{"rendered":"","protected":false},"author":3,"featured_media":18199,"parent":18169,"menu_order":67,"comment_status":"closed","ping_status":"closed","template":"","meta":{"_acf_changed":false,"inline_featured_image":false,"footnotes":""},"class_list":["post-18198","page","type-page","status-publish","has-post-thumbnail","hentry"],"acf":[],"yoast_head":"<!-- This site is optimized with the Yoast SEO plugin v27.0 - https:\/\/yoast.com\/product\/yoast-seo-wordpress\/ -->\n<title>In\u017cynieria propozycji technicznych i zarz\u0105dzanie projektami - MITA Cooling Technologies<\/title>\n<meta name=\"description\" content=\"In\u017cynierowie ds. Propozycji Technicznych nadadz\u0105 tre\u015bci Twoim potrzebom. Podczas gdy Kierownik Projektu b\u0119dzie koordynowa\u0142 wszystkie fazy.\" \/>\n<meta name=\"robots\" content=\"index, follow, max-snippet:-1, max-image-preview:large, max-video-preview:-1\" \/>\n<link rel=\"canonical\" href=\"https:\/\/www.mitacoolingtechnologies.com\/pl\/uslugi-i-doradztwo\/inzynieria-propozycji-technicznych-i-zarzadzanie-projektami\/\" \/>\n<meta property=\"og:locale\" content=\"pl_PL\" \/>\n<meta property=\"og:type\" content=\"article\" \/>\n<meta property=\"og:title\" content=\"In\u017cynieria propozycji technicznych i zarz\u0105dzanie projektami - MITA Cooling Technologies\" \/>\n<meta property=\"og:description\" content=\"In\u017cynierowie ds. Propozycji Technicznych nadadz\u0105 tre\u015bci Twoim potrzebom. Podczas gdy Kierownik Projektu b\u0119dzie koordynowa\u0142 wszystkie fazy.\" \/>\n<meta property=\"og:url\" content=\"https:\/\/www.mitacoolingtechnologies.com\/pl\/uslugi-i-doradztwo\/inzynieria-propozycji-technicznych-i-zarzadzanie-projektami\/\" \/>\n<meta property=\"og:site_name\" content=\"MITA Cooling Technologies\" \/>\n<meta property=\"article:publisher\" content=\"https:\/\/www.facebook.com\/MITA-Group-142299133128326\" \/>\n<meta property=\"article:modified_time\" content=\"2024-08-09T09:41:48+00:00\" \/>\n<meta property=\"og:image\" content=\"https:\/\/www.mitacoolingtechnologies.com\/wp-content\/uploads\/2021\/04\/Structural-Calculations-in-Cooling-Technologies.jpg\" \/>\n\t<meta property=\"og:image:width\" content=\"961\" \/>\n\t<meta property=\"og:image:height\" content=\"799\" \/>\n\t<meta property=\"og:image:type\" content=\"image\/jpeg\" \/>\n<meta name=\"twitter:card\" content=\"summary_large_image\" \/>\n<meta name=\"twitter:site\" content=\"@MITAgroup_ita\" \/>\n<script type=\"application\/ld+json\" class=\"yoast-schema-graph\">{\"@context\":\"https:\/\/schema.org\",\"@graph\":[{\"@type\":\"WebPage\",\"@id\":\"https:\/\/www.mitacoolingtechnologies.com\/pl\/uslugi-i-doradztwo\/inzynieria-propozycji-technicznych-i-zarzadzanie-projektami\/\",\"url\":\"https:\/\/www.mitacoolingtechnologies.com\/pl\/uslugi-i-doradztwo\/inzynieria-propozycji-technicznych-i-zarzadzanie-projektami\/\",\"name\":\"In\u017cynieria propozycji technicznych i zarz\u0105dzanie projektami - MITA Cooling Technologies\",\"isPartOf\":{\"@id\":\"https:\/\/www.mitacoolingtechnologies.com\/pl\/#website\"},\"primaryImageOfPage\":{\"@id\":\"https:\/\/www.mitacoolingtechnologies.com\/pl\/uslugi-i-doradztwo\/inzynieria-propozycji-technicznych-i-zarzadzanie-projektami\/#primaryimage\"},\"image\":{\"@id\":\"https:\/\/www.mitacoolingtechnologies.com\/pl\/uslugi-i-doradztwo\/inzynieria-propozycji-technicznych-i-zarzadzanie-projektami\/#primaryimage\"},\"thumbnailUrl\":\"https:\/\/www.mitacoolingtechnologies.com\/wp-content\/uploads\/2021\/04\/Structural-Calculations-in-Cooling-Technologies.jpg\",\"datePublished\":\"2021-04-13T16:12:23+00:00\",\"dateModified\":\"2024-08-09T09:41:48+00:00\",\"description\":\"In\u017cynierowie ds. Propozycji Technicznych nadadz\u0105 tre\u015bci Twoim potrzebom. Podczas gdy Kierownik Projektu b\u0119dzie koordynowa\u0142 wszystkie fazy.\",\"breadcrumb\":{\"@id\":\"https:\/\/www.mitacoolingtechnologies.com\/pl\/uslugi-i-doradztwo\/inzynieria-propozycji-technicznych-i-zarzadzanie-projektami\/#breadcrumb\"},\"inLanguage\":\"pl-PL\",\"potentialAction\":[{\"@type\":\"ReadAction\",\"target\":[\"https:\/\/www.mitacoolingtechnologies.com\/pl\/uslugi-i-doradztwo\/inzynieria-propozycji-technicznych-i-zarzadzanie-projektami\/\"]}]},{\"@type\":\"ImageObject\",\"inLanguage\":\"pl-PL\",\"@id\":\"https:\/\/www.mitacoolingtechnologies.com\/pl\/uslugi-i-doradztwo\/inzynieria-propozycji-technicznych-i-zarzadzanie-projektami\/#primaryimage\",\"url\":\"https:\/\/www.mitacoolingtechnologies.com\/wp-content\/uploads\/2021\/04\/Structural-Calculations-in-Cooling-Technologies.jpg\",\"contentUrl\":\"https:\/\/www.mitacoolingtechnologies.com\/wp-content\/uploads\/2021\/04\/Structural-Calculations-in-Cooling-Technologies.jpg\",\"width\":961,\"height\":799,\"caption\":\"Obliczenia strukturalne w technologiach ch\u0142odzenia\"},{\"@type\":\"BreadcrumbList\",\"@id\":\"https:\/\/www.mitacoolingtechnologies.com\/pl\/uslugi-i-doradztwo\/inzynieria-propozycji-technicznych-i-zarzadzanie-projektami\/#breadcrumb\",\"itemListElement\":[{\"@type\":\"ListItem\",\"position\":1,\"name\":\"Home\",\"item\":\"https:\/\/www.mitacoolingtechnologies.com\/pl\/\"},{\"@type\":\"ListItem\",\"position\":2,\"name\":\"Us\u0142ugi i Doradztwo\",\"item\":\"https:\/\/www.mitacoolingtechnologies.com\/pl\/uslugi-i-doradztwo\/\"},{\"@type\":\"ListItem\",\"position\":3,\"name\":\"In\u017cynieria propozycji technicznych i zarz\u0105dzanie projektami\"}]},{\"@type\":\"WebSite\",\"@id\":\"https:\/\/www.mitacoolingtechnologies.com\/pl\/#website\",\"url\":\"https:\/\/www.mitacoolingtechnologies.com\/pl\/\",\"name\":\"MITA Cooling Technologies\",\"description\":\"Il tuo consulente del raffreddamento\",\"publisher\":{\"@id\":\"https:\/\/www.mitacoolingtechnologies.com\/pl\/#organization\"},\"potentialAction\":[{\"@type\":\"SearchAction\",\"target\":{\"@type\":\"EntryPoint\",\"urlTemplate\":\"https:\/\/www.mitacoolingtechnologies.com\/pl\/?s={search_term_string}\"},\"query-input\":{\"@type\":\"PropertyValueSpecification\",\"valueRequired\":true,\"valueName\":\"search_term_string\"}}],\"inLanguage\":\"pl-PL\"},{\"@type\":\"Organization\",\"@id\":\"https:\/\/www.mitacoolingtechnologies.com\/pl\/#organization\",\"name\":\"MITA Cooling Technologies\",\"url\":\"https:\/\/www.mitacoolingtechnologies.com\/pl\/\",\"logo\":{\"@type\":\"ImageObject\",\"inLanguage\":\"pl-PL\",\"@id\":\"https:\/\/www.mitacoolingtechnologies.com\/pl\/#\/schema\/logo\/image\/\",\"url\":\"https:\/\/www.mitacoolingtechnologies.com\/wp-content\/uploads\/2021\/04\/MITA_cooling_alta.png\",\"contentUrl\":\"https:\/\/www.mitacoolingtechnologies.com\/wp-content\/uploads\/2021\/04\/MITA_cooling_alta.png\",\"width\":1676,\"height\":462,\"caption\":\"MITA Cooling Technologies\"},\"image\":{\"@id\":\"https:\/\/www.mitacoolingtechnologies.com\/pl\/#\/schema\/logo\/image\/\"},\"sameAs\":[\"https:\/\/www.facebook.com\/MITA-Group-142299133128326\",\"https:\/\/x.com\/MITAgroup_ita\",\"https:\/\/www.instagram.com\/mitagroup_ita\/\",\"https:\/\/www.linkedin.com\/company\/mitacoolingtechnologies\/\",\"https:\/\/www.youtube.com\/playlist?list=PL6vCZ7E5FHe9AI-Ja5CIyfCGfJ-usQ71h\"]}]}<\/script>\n<!-- \/ Yoast SEO plugin. -->","yoast_head_json":{"title":"In\u017cynieria propozycji technicznych i zarz\u0105dzanie projektami - MITA Cooling Technologies","description":"In\u017cynierowie ds. Propozycji Technicznych nadadz\u0105 tre\u015bci Twoim potrzebom. Podczas gdy Kierownik Projektu b\u0119dzie koordynowa\u0142 wszystkie fazy.","robots":{"index":"index","follow":"follow","max-snippet":"max-snippet:-1","max-image-preview":"max-image-preview:large","max-video-preview":"max-video-preview:-1"},"canonical":"https:\/\/www.mitacoolingtechnologies.com\/pl\/uslugi-i-doradztwo\/inzynieria-propozycji-technicznych-i-zarzadzanie-projektami\/","og_locale":"pl_PL","og_type":"article","og_title":"In\u017cynieria propozycji technicznych i zarz\u0105dzanie projektami - MITA Cooling Technologies","og_description":"In\u017cynierowie ds. Propozycji Technicznych nadadz\u0105 tre\u015bci Twoim potrzebom. Podczas gdy Kierownik Projektu b\u0119dzie koordynowa\u0142 wszystkie fazy.","og_url":"https:\/\/www.mitacoolingtechnologies.com\/pl\/uslugi-i-doradztwo\/inzynieria-propozycji-technicznych-i-zarzadzanie-projektami\/","og_site_name":"MITA Cooling Technologies","article_publisher":"https:\/\/www.facebook.com\/MITA-Group-142299133128326","article_modified_time":"2024-08-09T09:41:48+00:00","og_image":[{"width":961,"height":799,"url":"https:\/\/www.mitacoolingtechnologies.com\/wp-content\/uploads\/2021\/04\/Structural-Calculations-in-Cooling-Technologies.jpg","type":"image\/jpeg"}],"twitter_card":"summary_large_image","twitter_site":"@MITAgroup_ita","schema":{"@context":"https:\/\/schema.org","@graph":[{"@type":"WebPage","@id":"https:\/\/www.mitacoolingtechnologies.com\/pl\/uslugi-i-doradztwo\/inzynieria-propozycji-technicznych-i-zarzadzanie-projektami\/","url":"https:\/\/www.mitacoolingtechnologies.com\/pl\/uslugi-i-doradztwo\/inzynieria-propozycji-technicznych-i-zarzadzanie-projektami\/","name":"In\u017cynieria propozycji technicznych i zarz\u0105dzanie projektami - MITA Cooling Technologies","isPartOf":{"@id":"https:\/\/www.mitacoolingtechnologies.com\/pl\/#website"},"primaryImageOfPage":{"@id":"https:\/\/www.mitacoolingtechnologies.com\/pl\/uslugi-i-doradztwo\/inzynieria-propozycji-technicznych-i-zarzadzanie-projektami\/#primaryimage"},"image":{"@id":"https:\/\/www.mitacoolingtechnologies.com\/pl\/uslugi-i-doradztwo\/inzynieria-propozycji-technicznych-i-zarzadzanie-projektami\/#primaryimage"},"thumbnailUrl":"https:\/\/www.mitacoolingtechnologies.com\/wp-content\/uploads\/2021\/04\/Structural-Calculations-in-Cooling-Technologies.jpg","datePublished":"2021-04-13T16:12:23+00:00","dateModified":"2024-08-09T09:41:48+00:00","description":"In\u017cynierowie ds. Propozycji Technicznych nadadz\u0105 tre\u015bci Twoim potrzebom. Podczas gdy Kierownik Projektu b\u0119dzie koordynowa\u0142 wszystkie fazy.","breadcrumb":{"@id":"https:\/\/www.mitacoolingtechnologies.com\/pl\/uslugi-i-doradztwo\/inzynieria-propozycji-technicznych-i-zarzadzanie-projektami\/#breadcrumb"},"inLanguage":"pl-PL","potentialAction":[{"@type":"ReadAction","target":["https:\/\/www.mitacoolingtechnologies.com\/pl\/uslugi-i-doradztwo\/inzynieria-propozycji-technicznych-i-zarzadzanie-projektami\/"]}]},{"@type":"ImageObject","inLanguage":"pl-PL","@id":"https:\/\/www.mitacoolingtechnologies.com\/pl\/uslugi-i-doradztwo\/inzynieria-propozycji-technicznych-i-zarzadzanie-projektami\/#primaryimage","url":"https:\/\/www.mitacoolingtechnologies.com\/wp-content\/uploads\/2021\/04\/Structural-Calculations-in-Cooling-Technologies.jpg","contentUrl":"https:\/\/www.mitacoolingtechnologies.com\/wp-content\/uploads\/2021\/04\/Structural-Calculations-in-Cooling-Technologies.jpg","width":961,"height":799,"caption":"Obliczenia strukturalne w technologiach ch\u0142odzenia"},{"@type":"BreadcrumbList","@id":"https:\/\/www.mitacoolingtechnologies.com\/pl\/uslugi-i-doradztwo\/inzynieria-propozycji-technicznych-i-zarzadzanie-projektami\/#breadcrumb","itemListElement":[{"@type":"ListItem","position":1,"name":"Home","item":"https:\/\/www.mitacoolingtechnologies.com\/pl\/"},{"@type":"ListItem","position":2,"name":"Us\u0142ugi i Doradztwo","item":"https:\/\/www.mitacoolingtechnologies.com\/pl\/uslugi-i-doradztwo\/"},{"@type":"ListItem","position":3,"name":"In\u017cynieria propozycji technicznych i zarz\u0105dzanie projektami"}]},{"@type":"WebSite","@id":"https:\/\/www.mitacoolingtechnologies.com\/pl\/#website","url":"https:\/\/www.mitacoolingtechnologies.com\/pl\/","name":"MITA Cooling Technologies","description":"Il tuo consulente del raffreddamento","publisher":{"@id":"https:\/\/www.mitacoolingtechnologies.com\/pl\/#organization"},"potentialAction":[{"@type":"SearchAction","target":{"@type":"EntryPoint","urlTemplate":"https:\/\/www.mitacoolingtechnologies.com\/pl\/?s={search_term_string}"},"query-input":{"@type":"PropertyValueSpecification","valueRequired":true,"valueName":"search_term_string"}}],"inLanguage":"pl-PL"},{"@type":"Organization","@id":"https:\/\/www.mitacoolingtechnologies.com\/pl\/#organization","name":"MITA Cooling Technologies","url":"https:\/\/www.mitacoolingtechnologies.com\/pl\/","logo":{"@type":"ImageObject","inLanguage":"pl-PL","@id":"https:\/\/www.mitacoolingtechnologies.com\/pl\/#\/schema\/logo\/image\/","url":"https:\/\/www.mitacoolingtechnologies.com\/wp-content\/uploads\/2021\/04\/MITA_cooling_alta.png","contentUrl":"https:\/\/www.mitacoolingtechnologies.com\/wp-content\/uploads\/2021\/04\/MITA_cooling_alta.png","width":1676,"height":462,"caption":"MITA Cooling Technologies"},"image":{"@id":"https:\/\/www.mitacoolingtechnologies.com\/pl\/#\/schema\/logo\/image\/"},"sameAs":["https:\/\/www.facebook.com\/MITA-Group-142299133128326","https:\/\/x.com\/MITAgroup_ita","https:\/\/www.instagram.com\/mitagroup_ita\/","https:\/\/www.linkedin.com\/company\/mitacoolingtechnologies\/","https:\/\/www.youtube.com\/playlist?list=PL6vCZ7E5FHe9AI-Ja5CIyfCGfJ-usQ71h"]}]}},"_links":{"self":[{"href":"https:\/\/www.mitacoolingtechnologies.com\/pl\/wp-json\/wp\/v2\/pages\/18198","targetHints":{"allow":["GET"]}}],"collection":[{"href":"https:\/\/www.mitacoolingtechnologies.com\/pl\/wp-json\/wp\/v2\/pages"}],"about":[{"href":"https:\/\/www.mitacoolingtechnologies.com\/pl\/wp-json\/wp\/v2\/types\/page"}],"author":[{"embeddable":true,"href":"https:\/\/www.mitacoolingtechnologies.com\/pl\/wp-json\/wp\/v2\/users\/3"}],"replies":[{"embeddable":true,"href":"https:\/\/www.mitacoolingtechnologies.com\/pl\/wp-json\/wp\/v2\/comments?post=18198"}],"version-history":[{"count":4,"href":"https:\/\/www.mitacoolingtechnologies.com\/pl\/wp-json\/wp\/v2\/pages\/18198\/revisions"}],"predecessor-version":[{"id":40830,"href":"https:\/\/www.mitacoolingtechnologies.com\/pl\/wp-json\/wp\/v2\/pages\/18198\/revisions\/40830"}],"up":[{"embeddable":true,"href":"https:\/\/www.mitacoolingtechnologies.com\/pl\/wp-json\/wp\/v2\/pages\/18169"}],"wp:featuredmedia":[{"embeddable":true,"href":"https:\/\/www.mitacoolingtechnologies.com\/pl\/wp-json\/wp\/v2\/media\/18199"}],"wp:attachment":[{"href":"https:\/\/www.mitacoolingtechnologies.com\/pl\/wp-json\/wp\/v2\/media?parent=18198"}],"curies":[{"name":"wp","href":"https:\/\/api.w.org\/{rel}","templated":true}]}}