{"id":18673,"date":"2021-02-25T16:40:41","date_gmt":"2021-02-25T15:40:41","guid":{"rendered":"https:\/\/www.mitacoolingtechnologies.com\/potrzebuje\/energy-saving\/"},"modified":"2023-02-10T11:26:29","modified_gmt":"2023-02-10T10:26:29","slug":"oszczednosc-energii","status":"publish","type":"page","link":"https:\/\/www.mitacoolingtechnologies.com\/pl\/potrzebuje\/oszczednosc-energii\/","title":{"rendered":"Oszcz\u0119dno\u015b\u0107 energii"},"content":{"rendered":"","protected":false},"excerpt":{"rendered":"","protected":false},"author":1,"featured_media":18642,"parent":18594,"menu_order":351,"comment_status":"closed","ping_status":"closed","template":"","meta":{"_acf_changed":false,"inline_featured_image":false,"footnotes":""},"class_list":["post-18673","page","type-page","status-publish","has-post-thumbnail","hentry"],"acf":[],"yoast_head":"<!-- This site is optimized with the Yoast SEO plugin v27.0 - https:\/\/yoast.com\/product\/yoast-seo-wordpress\/ -->\n<title>Oszcz\u0119dno\u015b\u0107 energii w systemach ch\u0142odz\u0105cych - MITA<\/title>\n<meta name=\"description\" content=\"Mo\u017cemy dobra\u0107 odpowiedni dla Pa\u0144stwa system ch\u0142odzenia: jest to mo\u017cliwe dzi\u0119ki zaawansowanemu oprogramowaniu do analizy zu\u017cycia energii.\" \/>\n<meta name=\"robots\" content=\"index, follow, max-snippet:-1, max-image-preview:large, max-video-preview:-1\" \/>\n<link rel=\"canonical\" href=\"https:\/\/www.mitacoolingtechnologies.com\/pl\/potrzebuje\/oszczednosc-energii\/\" \/>\n<meta property=\"og:locale\" content=\"pl_PL\" \/>\n<meta property=\"og:type\" content=\"article\" \/>\n<meta property=\"og:title\" content=\"Oszcz\u0119dno\u015b\u0107 energii w systemach ch\u0142odz\u0105cych - MITA\" \/>\n<meta property=\"og:description\" content=\"Mo\u017cemy dobra\u0107 odpowiedni dla Pa\u0144stwa system ch\u0142odzenia: jest to mo\u017cliwe dzi\u0119ki zaawansowanemu oprogramowaniu do analizy zu\u017cycia energii.\" \/>\n<meta property=\"og:url\" content=\"https:\/\/www.mitacoolingtechnologies.com\/pl\/potrzebuje\/oszczednosc-energii\/\" \/>\n<meta property=\"og:site_name\" content=\"MITA Cooling Technologies\" \/>\n<meta property=\"article:publisher\" content=\"https:\/\/www.facebook.com\/MITA-Group-142299133128326\" \/>\n<meta property=\"article:modified_time\" content=\"2023-02-10T10:26:29+00:00\" \/>\n<meta property=\"og:image\" content=\"https:\/\/www.mitacoolingtechnologies.com\/wp-content\/uploads\/2021\/03\/Energy-Saving-with-Cooling-Technologies.jpg\" \/>\n\t<meta property=\"og:image:width\" content=\"1920\" \/>\n\t<meta property=\"og:image:height\" content=\"1080\" \/>\n\t<meta property=\"og:image:type\" content=\"image\/jpeg\" \/>\n<meta name=\"twitter:card\" content=\"summary_large_image\" \/>\n<meta name=\"twitter:site\" content=\"@MITAgroup_ita\" \/>\n<script type=\"application\/ld+json\" class=\"yoast-schema-graph\">{\"@context\":\"https:\/\/schema.org\",\"@graph\":[{\"@type\":\"WebPage\",\"@id\":\"https:\/\/www.mitacoolingtechnologies.com\/pl\/potrzebuje\/oszczednosc-energii\/\",\"url\":\"https:\/\/www.mitacoolingtechnologies.com\/pl\/potrzebuje\/oszczednosc-energii\/\",\"name\":\"Oszcz\u0119dno\u015b\u0107 energii w systemach ch\u0142odz\u0105cych - MITA\",\"isPartOf\":{\"@id\":\"https:\/\/www.mitacoolingtechnologies.com\/pl\/#website\"},\"primaryImageOfPage\":{\"@id\":\"https:\/\/www.mitacoolingtechnologies.com\/pl\/potrzebuje\/oszczednosc-energii\/#primaryimage\"},\"image\":{\"@id\":\"https:\/\/www.mitacoolingtechnologies.com\/pl\/potrzebuje\/oszczednosc-energii\/#primaryimage\"},\"thumbnailUrl\":\"https:\/\/www.mitacoolingtechnologies.com\/wp-content\/uploads\/2021\/03\/Energy-Saving-with-Cooling-Technologies.jpg\",\"datePublished\":\"2021-02-25T15:40:41+00:00\",\"dateModified\":\"2023-02-10T10:26:29+00:00\",\"description\":\"Mo\u017cemy dobra\u0107 odpowiedni dla Pa\u0144stwa system ch\u0142odzenia: jest to mo\u017cliwe dzi\u0119ki zaawansowanemu oprogramowaniu do analizy zu\u017cycia energii.\",\"breadcrumb\":{\"@id\":\"https:\/\/www.mitacoolingtechnologies.com\/pl\/potrzebuje\/oszczednosc-energii\/#breadcrumb\"},\"inLanguage\":\"pl-PL\",\"potentialAction\":[{\"@type\":\"ReadAction\",\"target\":[\"https:\/\/www.mitacoolingtechnologies.com\/pl\/potrzebuje\/oszczednosc-energii\/\"]}]},{\"@type\":\"ImageObject\",\"inLanguage\":\"pl-PL\",\"@id\":\"https:\/\/www.mitacoolingtechnologies.com\/pl\/potrzebuje\/oszczednosc-energii\/#primaryimage\",\"url\":\"https:\/\/www.mitacoolingtechnologies.com\/wp-content\/uploads\/2021\/03\/Energy-Saving-with-Cooling-Technologies.jpg\",\"contentUrl\":\"https:\/\/www.mitacoolingtechnologies.com\/wp-content\/uploads\/2021\/03\/Energy-Saving-with-Cooling-Technologies.jpg\",\"width\":1920,\"height\":1080,\"caption\":\"Oszcz\u0119dno\u015b\u0107 energii dzi\u0119ki technologiom ch\u0142odzenia\"},{\"@type\":\"BreadcrumbList\",\"@id\":\"https:\/\/www.mitacoolingtechnologies.com\/pl\/potrzebuje\/oszczednosc-energii\/#breadcrumb\",\"itemListElement\":[{\"@type\":\"ListItem\",\"position\":1,\"name\":\"Home\",\"item\":\"https:\/\/www.mitacoolingtechnologies.com\/pl\/\"},{\"@type\":\"ListItem\",\"position\":2,\"name\":\"Potrzebuje\",\"item\":\"https:\/\/www.mitacoolingtechnologies.com\/pl\/potrzebuje\/\"},{\"@type\":\"ListItem\",\"position\":3,\"name\":\"Oszcz\u0119dno\u015b\u0107 energii\"}]},{\"@type\":\"WebSite\",\"@id\":\"https:\/\/www.mitacoolingtechnologies.com\/pl\/#website\",\"url\":\"https:\/\/www.mitacoolingtechnologies.com\/pl\/\",\"name\":\"MITA Cooling Technologies\",\"description\":\"Il tuo consulente del raffreddamento\",\"publisher\":{\"@id\":\"https:\/\/www.mitacoolingtechnologies.com\/pl\/#organization\"},\"potentialAction\":[{\"@type\":\"SearchAction\",\"target\":{\"@type\":\"EntryPoint\",\"urlTemplate\":\"https:\/\/www.mitacoolingtechnologies.com\/pl\/?s={search_term_string}\"},\"query-input\":{\"@type\":\"PropertyValueSpecification\",\"valueRequired\":true,\"valueName\":\"search_term_string\"}}],\"inLanguage\":\"pl-PL\"},{\"@type\":\"Organization\",\"@id\":\"https:\/\/www.mitacoolingtechnologies.com\/pl\/#organization\",\"name\":\"MITA Cooling Technologies\",\"url\":\"https:\/\/www.mitacoolingtechnologies.com\/pl\/\",\"logo\":{\"@type\":\"ImageObject\",\"inLanguage\":\"pl-PL\",\"@id\":\"https:\/\/www.mitacoolingtechnologies.com\/pl\/#\/schema\/logo\/image\/\",\"url\":\"https:\/\/www.mitacoolingtechnologies.com\/wp-content\/uploads\/2021\/04\/MITA_cooling_alta.png\",\"contentUrl\":\"https:\/\/www.mitacoolingtechnologies.com\/wp-content\/uploads\/2021\/04\/MITA_cooling_alta.png\",\"width\":1676,\"height\":462,\"caption\":\"MITA Cooling Technologies\"},\"image\":{\"@id\":\"https:\/\/www.mitacoolingtechnologies.com\/pl\/#\/schema\/logo\/image\/\"},\"sameAs\":[\"https:\/\/www.facebook.com\/MITA-Group-142299133128326\",\"https:\/\/x.com\/MITAgroup_ita\",\"https:\/\/www.instagram.com\/mitagroup_ita\/\",\"https:\/\/www.linkedin.com\/company\/mitacoolingtechnologies\/\",\"https:\/\/www.youtube.com\/playlist?list=PL6vCZ7E5FHe9AI-Ja5CIyfCGfJ-usQ71h\"]}]}<\/script>\n<!-- \/ Yoast SEO plugin. -->","yoast_head_json":{"title":"Oszcz\u0119dno\u015b\u0107 energii w systemach ch\u0142odz\u0105cych - MITA","description":"Mo\u017cemy dobra\u0107 odpowiedni dla Pa\u0144stwa system ch\u0142odzenia: jest to mo\u017cliwe dzi\u0119ki zaawansowanemu oprogramowaniu do analizy zu\u017cycia energii.","robots":{"index":"index","follow":"follow","max-snippet":"max-snippet:-1","max-image-preview":"max-image-preview:large","max-video-preview":"max-video-preview:-1"},"canonical":"https:\/\/www.mitacoolingtechnologies.com\/pl\/potrzebuje\/oszczednosc-energii\/","og_locale":"pl_PL","og_type":"article","og_title":"Oszcz\u0119dno\u015b\u0107 energii w systemach ch\u0142odz\u0105cych - MITA","og_description":"Mo\u017cemy dobra\u0107 odpowiedni dla Pa\u0144stwa system ch\u0142odzenia: jest to mo\u017cliwe dzi\u0119ki zaawansowanemu oprogramowaniu do analizy zu\u017cycia energii.","og_url":"https:\/\/www.mitacoolingtechnologies.com\/pl\/potrzebuje\/oszczednosc-energii\/","og_site_name":"MITA Cooling Technologies","article_publisher":"https:\/\/www.facebook.com\/MITA-Group-142299133128326","article_modified_time":"2023-02-10T10:26:29+00:00","og_image":[{"width":1920,"height":1080,"url":"https:\/\/www.mitacoolingtechnologies.com\/wp-content\/uploads\/2021\/03\/Energy-Saving-with-Cooling-Technologies.jpg","type":"image\/jpeg"}],"twitter_card":"summary_large_image","twitter_site":"@MITAgroup_ita","schema":{"@context":"https:\/\/schema.org","@graph":[{"@type":"WebPage","@id":"https:\/\/www.mitacoolingtechnologies.com\/pl\/potrzebuje\/oszczednosc-energii\/","url":"https:\/\/www.mitacoolingtechnologies.com\/pl\/potrzebuje\/oszczednosc-energii\/","name":"Oszcz\u0119dno\u015b\u0107 energii w systemach ch\u0142odz\u0105cych - MITA","isPartOf":{"@id":"https:\/\/www.mitacoolingtechnologies.com\/pl\/#website"},"primaryImageOfPage":{"@id":"https:\/\/www.mitacoolingtechnologies.com\/pl\/potrzebuje\/oszczednosc-energii\/#primaryimage"},"image":{"@id":"https:\/\/www.mitacoolingtechnologies.com\/pl\/potrzebuje\/oszczednosc-energii\/#primaryimage"},"thumbnailUrl":"https:\/\/www.mitacoolingtechnologies.com\/wp-content\/uploads\/2021\/03\/Energy-Saving-with-Cooling-Technologies.jpg","datePublished":"2021-02-25T15:40:41+00:00","dateModified":"2023-02-10T10:26:29+00:00","description":"Mo\u017cemy dobra\u0107 odpowiedni dla Pa\u0144stwa system ch\u0142odzenia: jest to mo\u017cliwe dzi\u0119ki zaawansowanemu oprogramowaniu do analizy zu\u017cycia energii.","breadcrumb":{"@id":"https:\/\/www.mitacoolingtechnologies.com\/pl\/potrzebuje\/oszczednosc-energii\/#breadcrumb"},"inLanguage":"pl-PL","potentialAction":[{"@type":"ReadAction","target":["https:\/\/www.mitacoolingtechnologies.com\/pl\/potrzebuje\/oszczednosc-energii\/"]}]},{"@type":"ImageObject","inLanguage":"pl-PL","@id":"https:\/\/www.mitacoolingtechnologies.com\/pl\/potrzebuje\/oszczednosc-energii\/#primaryimage","url":"https:\/\/www.mitacoolingtechnologies.com\/wp-content\/uploads\/2021\/03\/Energy-Saving-with-Cooling-Technologies.jpg","contentUrl":"https:\/\/www.mitacoolingtechnologies.com\/wp-content\/uploads\/2021\/03\/Energy-Saving-with-Cooling-Technologies.jpg","width":1920,"height":1080,"caption":"Oszcz\u0119dno\u015b\u0107 energii dzi\u0119ki technologiom ch\u0142odzenia"},{"@type":"BreadcrumbList","@id":"https:\/\/www.mitacoolingtechnologies.com\/pl\/potrzebuje\/oszczednosc-energii\/#breadcrumb","itemListElement":[{"@type":"ListItem","position":1,"name":"Home","item":"https:\/\/www.mitacoolingtechnologies.com\/pl\/"},{"@type":"ListItem","position":2,"name":"Potrzebuje","item":"https:\/\/www.mitacoolingtechnologies.com\/pl\/potrzebuje\/"},{"@type":"ListItem","position":3,"name":"Oszcz\u0119dno\u015b\u0107 energii"}]},{"@type":"WebSite","@id":"https:\/\/www.mitacoolingtechnologies.com\/pl\/#website","url":"https:\/\/www.mitacoolingtechnologies.com\/pl\/","name":"MITA Cooling Technologies","description":"Il tuo consulente del raffreddamento","publisher":{"@id":"https:\/\/www.mitacoolingtechnologies.com\/pl\/#organization"},"potentialAction":[{"@type":"SearchAction","target":{"@type":"EntryPoint","urlTemplate":"https:\/\/www.mitacoolingtechnologies.com\/pl\/?s={search_term_string}"},"query-input":{"@type":"PropertyValueSpecification","valueRequired":true,"valueName":"search_term_string"}}],"inLanguage":"pl-PL"},{"@type":"Organization","@id":"https:\/\/www.mitacoolingtechnologies.com\/pl\/#organization","name":"MITA Cooling Technologies","url":"https:\/\/www.mitacoolingtechnologies.com\/pl\/","logo":{"@type":"ImageObject","inLanguage":"pl-PL","@id":"https:\/\/www.mitacoolingtechnologies.com\/pl\/#\/schema\/logo\/image\/","url":"https:\/\/www.mitacoolingtechnologies.com\/wp-content\/uploads\/2021\/04\/MITA_cooling_alta.png","contentUrl":"https:\/\/www.mitacoolingtechnologies.com\/wp-content\/uploads\/2021\/04\/MITA_cooling_alta.png","width":1676,"height":462,"caption":"MITA Cooling Technologies"},"image":{"@id":"https:\/\/www.mitacoolingtechnologies.com\/pl\/#\/schema\/logo\/image\/"},"sameAs":["https:\/\/www.facebook.com\/MITA-Group-142299133128326","https:\/\/x.com\/MITAgroup_ita","https:\/\/www.instagram.com\/mitagroup_ita\/","https:\/\/www.linkedin.com\/company\/mitacoolingtechnologies\/","https:\/\/www.youtube.com\/playlist?list=PL6vCZ7E5FHe9AI-Ja5CIyfCGfJ-usQ71h"]}]}},"_links":{"self":[{"href":"https:\/\/www.mitacoolingtechnologies.com\/pl\/wp-json\/wp\/v2\/pages\/18673","targetHints":{"allow":["GET"]}}],"collection":[{"href":"https:\/\/www.mitacoolingtechnologies.com\/pl\/wp-json\/wp\/v2\/pages"}],"about":[{"href":"https:\/\/www.mitacoolingtechnologies.com\/pl\/wp-json\/wp\/v2\/types\/page"}],"author":[{"embeddable":true,"href":"https:\/\/www.mitacoolingtechnologies.com\/pl\/wp-json\/wp\/v2\/users\/1"}],"replies":[{"embeddable":true,"href":"https:\/\/www.mitacoolingtechnologies.com\/pl\/wp-json\/wp\/v2\/comments?post=18673"}],"version-history":[{"count":3,"href":"https:\/\/www.mitacoolingtechnologies.com\/pl\/wp-json\/wp\/v2\/pages\/18673\/revisions"}],"predecessor-version":[{"id":18801,"href":"https:\/\/www.mitacoolingtechnologies.com\/pl\/wp-json\/wp\/v2\/pages\/18673\/revisions\/18801"}],"up":[{"embeddable":true,"href":"https:\/\/www.mitacoolingtechnologies.com\/pl\/wp-json\/wp\/v2\/pages\/18594"}],"wp:featuredmedia":[{"embeddable":true,"href":"https:\/\/www.mitacoolingtechnologies.com\/pl\/wp-json\/wp\/v2\/media\/18642"}],"wp:attachment":[{"href":"https:\/\/www.mitacoolingtechnologies.com\/pl\/wp-json\/wp\/v2\/media?parent=18673"}],"curies":[{"name":"wp","href":"https:\/\/api.w.org\/{rel}","templated":true}]}}